{"id":3291,"date":"2019-10-24T00:53:28","date_gmt":"2019-10-23T22:53:28","guid":{"rendered":"https:\/\/tradichem.es\/centre-dinnovation\/"},"modified":"2019-10-24T00:54:22","modified_gmt":"2019-10-23T22:54:22","slug":"centre-dinnovation","status":"publish","type":"page","link":"https:\/\/tradichem.es\/fr\/centre-dinnovation\/","title":{"rendered":"Centre d\u2019innovation"},"content":{"rendered":"<h4>Situ\u00e9 dans le Parc Scientifique de Madrid, notre Centre d\u2019Innovation (TIC) d\u00e9veloppe de nouveaux ingr\u00e9dients gr\u00e2ce aux technologies les plus r\u00e9centes.<\/h4>\n<p><img fetchpriority=\"high\" decoding=\"async\" src=\"https:\/\/tradichem.es\/wp-content\/uploads\/2019\/05\/research.png\" sizes=\"(max-width: 482px) 100vw, 482px\" srcset=\"https:\/\/tradichem.es\/wp-content\/uploads\/2019\/05\/research.png 482w, https:\/\/tradichem.es\/wp-content\/uploads\/2019\/05\/research-150x150.png 150w, https:\/\/tradichem.es\/wp-content\/uploads\/2019\/05\/research-300x300.png 300w\" alt=\"\" width=\"482\" height=\"482\" \/><br \/>\n<img decoding=\"async\" src=\"https:\/\/tradichem.es\/wp-content\/uploads\/2019\/05\/Logo-Tradichem-LAB.png\" sizes=\"(max-width: 354px) 100vw, 354px\" srcset=\"https:\/\/tradichem.es\/wp-content\/uploads\/2019\/05\/Logo-Tradichem-LAB.png 354w, https:\/\/tradichem.es\/wp-content\/uploads\/2019\/05\/Logo-Tradichem-LAB-300x250.png 300w\" alt=\"\" width=\"354\" height=\"295\" \/><\/p>\n<h4>R\u00e9sultats<\/h4>\n<p>Le travail de ces 10 derni\u00e8res ann\u00e9es s\u2019est transform\u00e9 en :<\/p>\n<ul>\n<li>11 ingr\u00e9dients propres d\u2019origine naturelle<\/li>\n<li>3 brevets mondiaux<\/li>\n<li>50 travaux de recherche originaux<\/li>\n<\/ul>\n<h4>Mol\u00e9cules actives<\/h4>\n<ul>\n<li>M\u00e9tabolisme et biodisponibilit\u00e9 de polyph\u00e9nols<\/li>\n<li>Nouveaux essais d\u2019isoflavones pour la sant\u00e9 des os<\/li>\n<li>Interactions et synergie d\u2019ingr\u00e9dients actifs<\/li>\n<li>Essais cliniques pour la sant\u00e9 de la femme<\/li>\n<li>Interactions entre actifs et g\u00e8nes dans le r\u00e9gime alimentaire (Nutrig\u00e9nomique)<\/li>\n<li>D\u00e9veloppement de souches pour la pr\u00e9vention de maladies<\/li>\n<\/ul>\n<h4>Activit\u00e9s principales<\/h4>\n<ul>\n<li>\u00c9tudes sur de nouvelles mol\u00e9cules actives<\/li>\n<li>Caract\u00e9risation de principe actif<\/li>\n<li>Recherche sur le m\u00e9canisme d&rsquo;action<\/li>\n<li>D\u00e9veloppement de m\u00e9thodes analytiques<\/li>\n<li>Quantification d&rsquo;actifs<\/li>\n<li>Essais gal\u00e9niques et de solubilit\u00e9<\/li>\n<li>CONTR\u00d4LE DE QUALIT\u00c9 des ingr\u00e9dients et des produits finis<\/li>\n<li>\u00c9tudes de stabilit\u00e9 des mati\u00e8res premi\u00e8res et des produits finis<\/li>\n<li>Support technique aux entreprises<\/li>\n<li>Transfert technologique<\/li>\n<li>D\u00e9veloppement de dossiers de registre<\/li>\n<\/ul>\n","protected":false},"excerpt":{"rendered":"<p>Situ\u00e9 dans le Parc Scientifique de Madrid, notre Centre d\u2019Innovation (TIC) d\u00e9veloppe de nouveaux ingr\u00e9dients gr\u00e2ce aux technologies les plus r\u00e9centes. R\u00e9sultats Le travail de ces 10 derni\u00e8res ann\u00e9es s\u2019est transform\u00e9 en : 11 ingr\u00e9dients propres d\u2019origine naturelle 3 brevets mondiaux 50 travaux de recherche originaux Mol\u00e9cules actives M\u00e9tabolisme et biodisponibilit\u00e9 de polyph\u00e9nols Nouveaux essais &#8230; <a title=\"Centre d\u2019innovation\" class=\"read-more\" href=\"https:\/\/tradichem.es\/fr\/centre-dinnovation\/\" aria-label=\"En savoir plus sur Centre d\u2019innovation\">Lire la suite<\/a><\/p>\n","protected":false},"author":1,"featured_media":3293,"parent":0,"menu_order":0,"comment_status":"closed","ping_status":"closed","template":"","meta":{"_acf_changed":false,"footnotes":""},"class_list":["post-3291","page","type-page","status-publish","has-post-thumbnail"],"acf":[],"yoast_head":"<!-- This site is optimized with the Yoast SEO plugin v27.3 - https:\/\/yoast.com\/product\/yoast-seo-wordpress\/ -->\n<title>Centre d\u2019innovation - Tradichem<\/title>\n<meta name=\"robots\" content=\"index, follow, max-snippet:-1, max-image-preview:large, max-video-preview:-1\" \/>\n<link rel=\"canonical\" href=\"https:\/\/tradichem.es\/fr\/centre-dinnovation\/\" \/>\n<meta property=\"og:locale\" content=\"fr_FR\" \/>\n<meta property=\"og:type\" content=\"article\" \/>\n<meta property=\"og:title\" content=\"Centre d\u2019innovation - Tradichem\" \/>\n<meta property=\"og:description\" content=\"Situ\u00e9 dans le Parc Scientifique de Madrid, notre Centre d\u2019Innovation (TIC) d\u00e9veloppe de nouveaux ingr\u00e9dients gr\u00e2ce aux technologies les plus r\u00e9centes. R\u00e9sultats Le travail de ces 10 derni\u00e8res ann\u00e9es s\u2019est transform\u00e9 en : 11 ingr\u00e9dients propres d\u2019origine naturelle 3 brevets mondiaux 50 travaux de recherche originaux Mol\u00e9cules actives M\u00e9tabolisme et biodisponibilit\u00e9 de polyph\u00e9nols Nouveaux essais ... Lire la suite\" \/>\n<meta property=\"og:url\" content=\"https:\/\/tradichem.es\/fr\/centre-dinnovation\/\" \/>\n<meta property=\"og:site_name\" content=\"Tradichem\" \/>\n<meta property=\"article:modified_time\" content=\"2019-10-23T22:54:22+00:00\" \/>\n<meta property=\"og:image\" content=\"https:\/\/tradichem.es\/wp-content\/uploads\/2019\/06\/hinnovation.jpg\" \/>\n\t<meta property=\"og:image:width\" content=\"2000\" \/>\n\t<meta property=\"og:image:height\" content=\"400\" \/>\n\t<meta property=\"og:image:type\" content=\"image\/jpeg\" \/>\n<meta name=\"twitter:card\" content=\"summary_large_image\" \/>\n<meta name=\"twitter:label1\" content=\"Dur\u00e9e de lecture estim\u00e9e\" \/>\n\t<meta name=\"twitter:data1\" content=\"1 minute\" \/>\n<script type=\"application\/ld+json\" class=\"yoast-schema-graph\">{\"@context\":\"https:\\\/\\\/schema.org\",\"@graph\":[{\"@type\":\"WebPage\",\"@id\":\"https:\\\/\\\/tradichem.es\\\/fr\\\/centre-dinnovation\\\/\",\"url\":\"https:\\\/\\\/tradichem.es\\\/fr\\\/centre-dinnovation\\\/\",\"name\":\"Centre d\u2019innovation - Tradichem\",\"isPartOf\":{\"@id\":\"https:\\\/\\\/tradichem.es\\\/fr\\\/#website\"},\"primaryImageOfPage\":{\"@id\":\"https:\\\/\\\/tradichem.es\\\/fr\\\/centre-dinnovation\\\/#primaryimage\"},\"image\":{\"@id\":\"https:\\\/\\\/tradichem.es\\\/fr\\\/centre-dinnovation\\\/#primaryimage\"},\"thumbnailUrl\":\"https:\\\/\\\/tradichem.es\\\/wp-content\\\/uploads\\\/2019\\\/06\\\/hinnovation.jpg\",\"datePublished\":\"2019-10-23T22:53:28+00:00\",\"dateModified\":\"2019-10-23T22:54:22+00:00\",\"breadcrumb\":{\"@id\":\"https:\\\/\\\/tradichem.es\\\/fr\\\/centre-dinnovation\\\/#breadcrumb\"},\"inLanguage\":\"fr-FR\",\"potentialAction\":[{\"@type\":\"ReadAction\",\"target\":[\"https:\\\/\\\/tradichem.es\\\/fr\\\/centre-dinnovation\\\/\"]}]},{\"@type\":\"ImageObject\",\"inLanguage\":\"fr-FR\",\"@id\":\"https:\\\/\\\/tradichem.es\\\/fr\\\/centre-dinnovation\\\/#primaryimage\",\"url\":\"https:\\\/\\\/tradichem.es\\\/wp-content\\\/uploads\\\/2019\\\/06\\\/hinnovation.jpg\",\"contentUrl\":\"https:\\\/\\\/tradichem.es\\\/wp-content\\\/uploads\\\/2019\\\/06\\\/hinnovation.jpg\",\"width\":2000,\"height\":400},{\"@type\":\"BreadcrumbList\",\"@id\":\"https:\\\/\\\/tradichem.es\\\/fr\\\/centre-dinnovation\\\/#breadcrumb\",\"itemListElement\":[{\"@type\":\"ListItem\",\"position\":1,\"name\":\"Portada\",\"item\":\"https:\\\/\\\/tradichem.es\\\/fr\\\/\"},{\"@type\":\"ListItem\",\"position\":2,\"name\":\"Centre d\u2019innovation\"}]},{\"@type\":\"WebSite\",\"@id\":\"https:\\\/\\\/tradichem.es\\\/fr\\\/#website\",\"url\":\"https:\\\/\\\/tradichem.es\\\/fr\\\/\",\"name\":\"Tradichem\",\"description\":\"Leader in the marketing and development of nutraceuticals and APIs\",\"publisher\":{\"@id\":\"https:\\\/\\\/tradichem.es\\\/fr\\\/#organization\"},\"potentialAction\":[{\"@type\":\"SearchAction\",\"target\":{\"@type\":\"EntryPoint\",\"urlTemplate\":\"https:\\\/\\\/tradichem.es\\\/fr\\\/?s={search_term_string}\"},\"query-input\":{\"@type\":\"PropertyValueSpecification\",\"valueRequired\":true,\"valueName\":\"search_term_string\"}}],\"inLanguage\":\"fr-FR\"},{\"@type\":\"Organization\",\"@id\":\"https:\\\/\\\/tradichem.es\\\/fr\\\/#organization\",\"name\":\"Tradichem\",\"url\":\"https:\\\/\\\/tradichem.es\\\/fr\\\/\",\"logo\":{\"@type\":\"ImageObject\",\"inLanguage\":\"fr-FR\",\"@id\":\"https:\\\/\\\/tradichem.es\\\/fr\\\/#\\\/schema\\\/logo\\\/image\\\/\",\"url\":\"https:\\\/\\\/tradichem.es\\\/wp-content\\\/uploads\\\/2021\\\/10\\\/logotra200.png\",\"contentUrl\":\"https:\\\/\\\/tradichem.es\\\/wp-content\\\/uploads\\\/2021\\\/10\\\/logotra200.png\",\"width\":200,\"height\":200,\"caption\":\"Tradichem\"},\"image\":{\"@id\":\"https:\\\/\\\/tradichem.es\\\/fr\\\/#\\\/schema\\\/logo\\\/image\\\/\"}}]}<\/script>\n<!-- \/ Yoast SEO plugin. -->","yoast_head_json":{"title":"Centre d\u2019innovation - Tradichem","robots":{"index":"index","follow":"follow","max-snippet":"max-snippet:-1","max-image-preview":"max-image-preview:large","max-video-preview":"max-video-preview:-1"},"canonical":"https:\/\/tradichem.es\/fr\/centre-dinnovation\/","og_locale":"fr_FR","og_type":"article","og_title":"Centre d\u2019innovation - Tradichem","og_description":"Situ\u00e9 dans le Parc Scientifique de Madrid, notre Centre d\u2019Innovation (TIC) d\u00e9veloppe de nouveaux ingr\u00e9dients gr\u00e2ce aux technologies les plus r\u00e9centes. R\u00e9sultats Le travail de ces 10 derni\u00e8res ann\u00e9es s\u2019est transform\u00e9 en : 11 ingr\u00e9dients propres d\u2019origine naturelle 3 brevets mondiaux 50 travaux de recherche originaux Mol\u00e9cules actives M\u00e9tabolisme et biodisponibilit\u00e9 de polyph\u00e9nols Nouveaux essais ... Lire la suite","og_url":"https:\/\/tradichem.es\/fr\/centre-dinnovation\/","og_site_name":"Tradichem","article_modified_time":"2019-10-23T22:54:22+00:00","og_image":[{"width":2000,"height":400,"url":"https:\/\/tradichem.es\/wp-content\/uploads\/2019\/06\/hinnovation.jpg","type":"image\/jpeg"}],"twitter_card":"summary_large_image","twitter_misc":{"Dur\u00e9e de lecture estim\u00e9e":"1 minute"},"schema":{"@context":"https:\/\/schema.org","@graph":[{"@type":"WebPage","@id":"https:\/\/tradichem.es\/fr\/centre-dinnovation\/","url":"https:\/\/tradichem.es\/fr\/centre-dinnovation\/","name":"Centre d\u2019innovation - Tradichem","isPartOf":{"@id":"https:\/\/tradichem.es\/fr\/#website"},"primaryImageOfPage":{"@id":"https:\/\/tradichem.es\/fr\/centre-dinnovation\/#primaryimage"},"image":{"@id":"https:\/\/tradichem.es\/fr\/centre-dinnovation\/#primaryimage"},"thumbnailUrl":"https:\/\/tradichem.es\/wp-content\/uploads\/2019\/06\/hinnovation.jpg","datePublished":"2019-10-23T22:53:28+00:00","dateModified":"2019-10-23T22:54:22+00:00","breadcrumb":{"@id":"https:\/\/tradichem.es\/fr\/centre-dinnovation\/#breadcrumb"},"inLanguage":"fr-FR","potentialAction":[{"@type":"ReadAction","target":["https:\/\/tradichem.es\/fr\/centre-dinnovation\/"]}]},{"@type":"ImageObject","inLanguage":"fr-FR","@id":"https:\/\/tradichem.es\/fr\/centre-dinnovation\/#primaryimage","url":"https:\/\/tradichem.es\/wp-content\/uploads\/2019\/06\/hinnovation.jpg","contentUrl":"https:\/\/tradichem.es\/wp-content\/uploads\/2019\/06\/hinnovation.jpg","width":2000,"height":400},{"@type":"BreadcrumbList","@id":"https:\/\/tradichem.es\/fr\/centre-dinnovation\/#breadcrumb","itemListElement":[{"@type":"ListItem","position":1,"name":"Portada","item":"https:\/\/tradichem.es\/fr\/"},{"@type":"ListItem","position":2,"name":"Centre d\u2019innovation"}]},{"@type":"WebSite","@id":"https:\/\/tradichem.es\/fr\/#website","url":"https:\/\/tradichem.es\/fr\/","name":"Tradichem","description":"Leader in the marketing and development of nutraceuticals and APIs","publisher":{"@id":"https:\/\/tradichem.es\/fr\/#organization"},"potentialAction":[{"@type":"SearchAction","target":{"@type":"EntryPoint","urlTemplate":"https:\/\/tradichem.es\/fr\/?s={search_term_string}"},"query-input":{"@type":"PropertyValueSpecification","valueRequired":true,"valueName":"search_term_string"}}],"inLanguage":"fr-FR"},{"@type":"Organization","@id":"https:\/\/tradichem.es\/fr\/#organization","name":"Tradichem","url":"https:\/\/tradichem.es\/fr\/","logo":{"@type":"ImageObject","inLanguage":"fr-FR","@id":"https:\/\/tradichem.es\/fr\/#\/schema\/logo\/image\/","url":"https:\/\/tradichem.es\/wp-content\/uploads\/2021\/10\/logotra200.png","contentUrl":"https:\/\/tradichem.es\/wp-content\/uploads\/2021\/10\/logotra200.png","width":200,"height":200,"caption":"Tradichem"},"image":{"@id":"https:\/\/tradichem.es\/fr\/#\/schema\/logo\/image\/"}}]}},"_links":{"self":[{"href":"https:\/\/tradichem.es\/fr\/wp-json\/wp\/v2\/pages\/3291","targetHints":{"allow":["GET"]}}],"collection":[{"href":"https:\/\/tradichem.es\/fr\/wp-json\/wp\/v2\/pages"}],"about":[{"href":"https:\/\/tradichem.es\/fr\/wp-json\/wp\/v2\/types\/page"}],"author":[{"embeddable":true,"href":"https:\/\/tradichem.es\/fr\/wp-json\/wp\/v2\/users\/1"}],"replies":[{"embeddable":true,"href":"https:\/\/tradichem.es\/fr\/wp-json\/wp\/v2\/comments?post=3291"}],"version-history":[{"count":2,"href":"https:\/\/tradichem.es\/fr\/wp-json\/wp\/v2\/pages\/3291\/revisions"}],"predecessor-version":[{"id":3309,"href":"https:\/\/tradichem.es\/fr\/wp-json\/wp\/v2\/pages\/3291\/revisions\/3309"}],"wp:featuredmedia":[{"embeddable":true,"href":"https:\/\/tradichem.es\/fr\/wp-json\/wp\/v2\/media\/3293"}],"wp:attachment":[{"href":"https:\/\/tradichem.es\/fr\/wp-json\/wp\/v2\/media?parent=3291"}],"curies":[{"name":"wp","href":"https:\/\/api.w.org\/{rel}","templated":true}]}}