{"id":3310,"date":"2019-10-24T00:55:40","date_gmt":"2019-10-23T22:55:40","guid":{"rendered":"https:\/\/tradichem.es\/ventes-mondiales\/"},"modified":"2025-04-24T15:49:56","modified_gmt":"2025-04-24T13:49:56","slug":"ventes-mondiales","status":"publish","type":"page","link":"https:\/\/tradichem.es\/fr\/ventes-mondiales\/","title":{"rendered":"Ventes mondiales"},"content":{"rendered":"\t\t<div data-elementor-type=\"wp-post\" data-elementor-id=\"3310\" class=\"elementor elementor-3310 elementor-1987\" data-elementor-post-type=\"page\">\n\t\t\t\t\t\t<section class=\"elementor-section elementor-top-section elementor-element elementor-element-54ae1b7 elementor-section-boxed elementor-section-height-default elementor-section-height-default\" data-id=\"54ae1b7\" data-element_type=\"section\" data-e-type=\"section\" data-settings=\"{&quot;background_background&quot;:&quot;classic&quot;}\">\n\t\t\t\t\t\t<div class=\"elementor-container elementor-column-gap-default\">\n\t\t\t\t\t<div class=\"elementor-column elementor-col-50 elementor-top-column elementor-element elementor-element-7f4138d\" data-id=\"7f4138d\" data-element_type=\"column\" data-e-type=\"column\">\n\t\t\t<div class=\"elementor-widget-wrap elementor-element-populated\">\n\t\t\t\t\t\t<div class=\"elementor-element elementor-element-66a1dbd elementor-invisible elementor-widget elementor-widget-heading\" data-id=\"66a1dbd\" data-element_type=\"widget\" data-e-type=\"widget\" data-settings=\"{&quot;_animation&quot;:&quot;fadeIn&quot;}\" data-widget_type=\"heading.default\">\n\t\t\t\t<div class=\"elementor-widget-container\">\n\t\t\t\t\t<h4 class=\"elementor-heading-title elementor-size-default\">TRADICHEM est un acteur global, pr\u00e9sent dans plus de 52 pays du monde entier. Plus de 2500 suppl\u00e9ments alimentaires contiennent nos ingr\u00e9dients. En tant que fournisseur d\u2019Ingr\u00e9dients Nutraceutiques de premier niveau, nous pouvons satisfaire avec succ\u00e8s vos exigences et op\u00e9rer efficacement au sein des secteurs strat\u00e9giques et g\u00e9ographiques de votre choix.<\/h4>\t\t\t\t<\/div>\n\t\t\t\t<\/div>\n\t\t\t\t\t<\/div>\n\t\t<\/div>\n\t\t\t\t<div class=\"elementor-column elementor-col-50 elementor-top-column elementor-element elementor-element-8065ab9\" data-id=\"8065ab9\" data-element_type=\"column\" data-e-type=\"column\">\n\t\t\t<div class=\"elementor-widget-wrap elementor-element-populated\">\n\t\t\t\t\t\t<div class=\"elementor-element elementor-element-3ab878c elementor-widget elementor-widget-image\" data-id=\"3ab878c\" data-element_type=\"widget\" data-e-type=\"widget\" data-widget_type=\"image.default\">\n\t\t\t\t<div class=\"elementor-widget-container\">\n\t\t\t\t\t\t\t\t\t\t\t\t\t\t\t<img fetchpriority=\"high\" decoding=\"async\" width=\"483\" height=\"482\" src=\"https:\/\/tradichem.es\/wp-content\/uploads\/2019\/05\/experience.png\" class=\"attachment-full size-full wp-image-3200\" alt=\"\" srcset=\"https:\/\/tradichem.es\/wp-content\/uploads\/2019\/05\/experience.png 483w, https:\/\/tradichem.es\/wp-content\/uploads\/2019\/05\/experience-150x150.png 150w, https:\/\/tradichem.es\/wp-content\/uploads\/2019\/05\/experience-300x300.png 300w\" sizes=\"(max-width: 483px) 100vw, 483px\" \/>\t\t\t\t\t\t\t\t\t\t\t\t\t\t\t<\/div>\n\t\t\t\t<\/div>\n\t\t\t\t\t<\/div>\n\t\t<\/div>\n\t\t\t\t\t<\/div>\n\t\t<\/section>\n\t\t\t\t<section class=\"elementor-section elementor-top-section elementor-element elementor-element-a9bed3c elementor-section-boxed elementor-section-height-default elementor-section-height-default\" data-id=\"a9bed3c\" data-element_type=\"section\" data-e-type=\"section\" data-settings=\"{&quot;background_background&quot;:&quot;classic&quot;}\">\n\t\t\t\t\t\t<div class=\"elementor-container elementor-column-gap-default\">\n\t\t\t\t\t<div class=\"elementor-column elementor-col-100 elementor-top-column elementor-element elementor-element-8dc0853\" data-id=\"8dc0853\" data-element_type=\"column\" data-e-type=\"column\">\n\t\t\t<div class=\"elementor-widget-wrap elementor-element-populated\">\n\t\t\t\t\t\t<div class=\"elementor-element elementor-element-91b5aae elementor-widget elementor-widget-image\" data-id=\"91b5aae\" data-element_type=\"widget\" data-e-type=\"widget\" data-widget_type=\"image.default\">\n\t\t\t\t<div class=\"elementor-widget-container\">\n\t\t\t\t\t\t\t\t\t\t\t\t\t\t\t<img decoding=\"async\" width=\"2000\" height=\"1216\" src=\"https:\/\/tradichem.es\/wp-content\/uploads\/2019\/06\/mapamundo.png\" class=\"attachment-full size-full wp-image-3312\" alt=\"\" srcset=\"https:\/\/tradichem.es\/wp-content\/uploads\/2019\/06\/mapamundo.png 2000w, https:\/\/tradichem.es\/wp-content\/uploads\/2019\/06\/mapamundo-300x182.png 300w, https:\/\/tradichem.es\/wp-content\/uploads\/2019\/06\/mapamundo-768x467.png 768w, https:\/\/tradichem.es\/wp-content\/uploads\/2019\/06\/mapamundo-1024x623.png 1024w\" sizes=\"(max-width: 2000px) 100vw, 2000px\" \/>\t\t\t\t\t\t\t\t\t\t\t\t\t\t\t<\/div>\n\t\t\t\t<\/div>\n\t\t\t\t\t<\/div>\n\t\t<\/div>\n\t\t\t\t\t<\/div>\n\t\t<\/section>\n\t\t\t\t<\/div>\n\t\t","protected":false},"excerpt":{"rendered":"<p>TRADICHEM est un acteur global, pr\u00e9sent dans plus de 52 pays du monde entier. Plus de 2500 suppl\u00e9ments alimentaires contiennent nos ingr\u00e9dients. En tant que fournisseur d\u2019Ingr\u00e9dients Nutraceutiques de premier niveau, nous pouvons satisfaire avec succ\u00e8s vos exigences et op\u00e9rer efficacement au sein des secteurs strat\u00e9giques et g\u00e9ographiques de votre choix.<\/p>\n","protected":false},"author":1,"featured_media":3316,"parent":0,"menu_order":0,"comment_status":"closed","ping_status":"closed","template":"","meta":{"_acf_changed":false,"footnotes":""},"class_list":["post-3310","page","type-page","status-publish","has-post-thumbnail"],"acf":[],"yoast_head":"<!-- This site is optimized with the Yoast SEO plugin v27.3 - https:\/\/yoast.com\/product\/yoast-seo-wordpress\/ -->\n<title>Ventes mondiales - Tradichem<\/title>\n<meta name=\"robots\" content=\"index, follow, max-snippet:-1, max-image-preview:large, max-video-preview:-1\" \/>\n<link rel=\"canonical\" href=\"https:\/\/tradichem.es\/fr\/ventes-mondiales\/\" \/>\n<meta property=\"og:locale\" content=\"fr_FR\" \/>\n<meta property=\"og:type\" content=\"article\" \/>\n<meta property=\"og:title\" content=\"Ventes mondiales - Tradichem\" \/>\n<meta property=\"og:description\" content=\"TRADICHEM est un acteur global, pr\u00e9sent dans plus de 52 pays du monde entier. Plus de 2500 suppl\u00e9ments alimentaires contiennent nos ingr\u00e9dients. En tant que fournisseur d\u2019Ingr\u00e9dients Nutraceutiques de premier niveau, nous pouvons satisfaire avec succ\u00e8s vos exigences et op\u00e9rer efficacement au sein des secteurs strat\u00e9giques et g\u00e9ographiques de votre choix.\" \/>\n<meta property=\"og:url\" content=\"https:\/\/tradichem.es\/fr\/ventes-mondiales\/\" \/>\n<meta property=\"og:site_name\" content=\"Tradichem\" \/>\n<meta property=\"article:modified_time\" content=\"2025-04-24T13:49:56+00:00\" \/>\n<meta property=\"og:image\" content=\"https:\/\/tradichem.es\/wp-content\/uploads\/2019\/06\/hworldwide-sales.jpg\" \/>\n\t<meta property=\"og:image:width\" content=\"2000\" \/>\n\t<meta property=\"og:image:height\" content=\"500\" \/>\n\t<meta property=\"og:image:type\" content=\"image\/jpeg\" \/>\n<meta name=\"twitter:card\" content=\"summary_large_image\" \/>\n<meta name=\"twitter:label1\" content=\"Dur\u00e9e de lecture estim\u00e9e\" \/>\n\t<meta name=\"twitter:data1\" content=\"1 minute\" \/>\n<script type=\"application\/ld+json\" class=\"yoast-schema-graph\">{\"@context\":\"https:\\\/\\\/schema.org\",\"@graph\":[{\"@type\":\"WebPage\",\"@id\":\"https:\\\/\\\/tradichem.es\\\/fr\\\/ventes-mondiales\\\/\",\"url\":\"https:\\\/\\\/tradichem.es\\\/fr\\\/ventes-mondiales\\\/\",\"name\":\"Ventes mondiales - Tradichem\",\"isPartOf\":{\"@id\":\"https:\\\/\\\/tradichem.es\\\/fr\\\/#website\"},\"primaryImageOfPage\":{\"@id\":\"https:\\\/\\\/tradichem.es\\\/fr\\\/ventes-mondiales\\\/#primaryimage\"},\"image\":{\"@id\":\"https:\\\/\\\/tradichem.es\\\/fr\\\/ventes-mondiales\\\/#primaryimage\"},\"thumbnailUrl\":\"https:\\\/\\\/tradichem.es\\\/wp-content\\\/uploads\\\/2019\\\/06\\\/hworldwide-sales.jpg\",\"datePublished\":\"2019-10-23T22:55:40+00:00\",\"dateModified\":\"2025-04-24T13:49:56+00:00\",\"breadcrumb\":{\"@id\":\"https:\\\/\\\/tradichem.es\\\/fr\\\/ventes-mondiales\\\/#breadcrumb\"},\"inLanguage\":\"fr-FR\",\"potentialAction\":[{\"@type\":\"ReadAction\",\"target\":[\"https:\\\/\\\/tradichem.es\\\/fr\\\/ventes-mondiales\\\/\"]}]},{\"@type\":\"ImageObject\",\"inLanguage\":\"fr-FR\",\"@id\":\"https:\\\/\\\/tradichem.es\\\/fr\\\/ventes-mondiales\\\/#primaryimage\",\"url\":\"https:\\\/\\\/tradichem.es\\\/wp-content\\\/uploads\\\/2019\\\/06\\\/hworldwide-sales.jpg\",\"contentUrl\":\"https:\\\/\\\/tradichem.es\\\/wp-content\\\/uploads\\\/2019\\\/06\\\/hworldwide-sales.jpg\",\"width\":2000,\"height\":500},{\"@type\":\"BreadcrumbList\",\"@id\":\"https:\\\/\\\/tradichem.es\\\/fr\\\/ventes-mondiales\\\/#breadcrumb\",\"itemListElement\":[{\"@type\":\"ListItem\",\"position\":1,\"name\":\"Portada\",\"item\":\"https:\\\/\\\/tradichem.es\\\/fr\\\/\"},{\"@type\":\"ListItem\",\"position\":2,\"name\":\"Ventes mondiales\"}]},{\"@type\":\"WebSite\",\"@id\":\"https:\\\/\\\/tradichem.es\\\/fr\\\/#website\",\"url\":\"https:\\\/\\\/tradichem.es\\\/fr\\\/\",\"name\":\"Tradichem\",\"description\":\"Leader in the marketing and development of nutraceuticals and APIs\",\"publisher\":{\"@id\":\"https:\\\/\\\/tradichem.es\\\/fr\\\/#organization\"},\"potentialAction\":[{\"@type\":\"SearchAction\",\"target\":{\"@type\":\"EntryPoint\",\"urlTemplate\":\"https:\\\/\\\/tradichem.es\\\/fr\\\/?s={search_term_string}\"},\"query-input\":{\"@type\":\"PropertyValueSpecification\",\"valueRequired\":true,\"valueName\":\"search_term_string\"}}],\"inLanguage\":\"fr-FR\"},{\"@type\":\"Organization\",\"@id\":\"https:\\\/\\\/tradichem.es\\\/fr\\\/#organization\",\"name\":\"Tradichem\",\"url\":\"https:\\\/\\\/tradichem.es\\\/fr\\\/\",\"logo\":{\"@type\":\"ImageObject\",\"inLanguage\":\"fr-FR\",\"@id\":\"https:\\\/\\\/tradichem.es\\\/fr\\\/#\\\/schema\\\/logo\\\/image\\\/\",\"url\":\"https:\\\/\\\/tradichem.es\\\/wp-content\\\/uploads\\\/2021\\\/10\\\/logotra200.png\",\"contentUrl\":\"https:\\\/\\\/tradichem.es\\\/wp-content\\\/uploads\\\/2021\\\/10\\\/logotra200.png\",\"width\":200,\"height\":200,\"caption\":\"Tradichem\"},\"image\":{\"@id\":\"https:\\\/\\\/tradichem.es\\\/fr\\\/#\\\/schema\\\/logo\\\/image\\\/\"}}]}<\/script>\n<!-- \/ Yoast SEO plugin. -->","yoast_head_json":{"title":"Ventes mondiales - Tradichem","robots":{"index":"index","follow":"follow","max-snippet":"max-snippet:-1","max-image-preview":"max-image-preview:large","max-video-preview":"max-video-preview:-1"},"canonical":"https:\/\/tradichem.es\/fr\/ventes-mondiales\/","og_locale":"fr_FR","og_type":"article","og_title":"Ventes mondiales - Tradichem","og_description":"TRADICHEM est un acteur global, pr\u00e9sent dans plus de 52 pays du monde entier. Plus de 2500 suppl\u00e9ments alimentaires contiennent nos ingr\u00e9dients. En tant que fournisseur d\u2019Ingr\u00e9dients Nutraceutiques de premier niveau, nous pouvons satisfaire avec succ\u00e8s vos exigences et op\u00e9rer efficacement au sein des secteurs strat\u00e9giques et g\u00e9ographiques de votre choix.","og_url":"https:\/\/tradichem.es\/fr\/ventes-mondiales\/","og_site_name":"Tradichem","article_modified_time":"2025-04-24T13:49:56+00:00","og_image":[{"width":2000,"height":500,"url":"https:\/\/tradichem.es\/wp-content\/uploads\/2019\/06\/hworldwide-sales.jpg","type":"image\/jpeg"}],"twitter_card":"summary_large_image","twitter_misc":{"Dur\u00e9e de lecture estim\u00e9e":"1 minute"},"schema":{"@context":"https:\/\/schema.org","@graph":[{"@type":"WebPage","@id":"https:\/\/tradichem.es\/fr\/ventes-mondiales\/","url":"https:\/\/tradichem.es\/fr\/ventes-mondiales\/","name":"Ventes mondiales - Tradichem","isPartOf":{"@id":"https:\/\/tradichem.es\/fr\/#website"},"primaryImageOfPage":{"@id":"https:\/\/tradichem.es\/fr\/ventes-mondiales\/#primaryimage"},"image":{"@id":"https:\/\/tradichem.es\/fr\/ventes-mondiales\/#primaryimage"},"thumbnailUrl":"https:\/\/tradichem.es\/wp-content\/uploads\/2019\/06\/hworldwide-sales.jpg","datePublished":"2019-10-23T22:55:40+00:00","dateModified":"2025-04-24T13:49:56+00:00","breadcrumb":{"@id":"https:\/\/tradichem.es\/fr\/ventes-mondiales\/#breadcrumb"},"inLanguage":"fr-FR","potentialAction":[{"@type":"ReadAction","target":["https:\/\/tradichem.es\/fr\/ventes-mondiales\/"]}]},{"@type":"ImageObject","inLanguage":"fr-FR","@id":"https:\/\/tradichem.es\/fr\/ventes-mondiales\/#primaryimage","url":"https:\/\/tradichem.es\/wp-content\/uploads\/2019\/06\/hworldwide-sales.jpg","contentUrl":"https:\/\/tradichem.es\/wp-content\/uploads\/2019\/06\/hworldwide-sales.jpg","width":2000,"height":500},{"@type":"BreadcrumbList","@id":"https:\/\/tradichem.es\/fr\/ventes-mondiales\/#breadcrumb","itemListElement":[{"@type":"ListItem","position":1,"name":"Portada","item":"https:\/\/tradichem.es\/fr\/"},{"@type":"ListItem","position":2,"name":"Ventes mondiales"}]},{"@type":"WebSite","@id":"https:\/\/tradichem.es\/fr\/#website","url":"https:\/\/tradichem.es\/fr\/","name":"Tradichem","description":"Leader in the marketing and development of nutraceuticals and APIs","publisher":{"@id":"https:\/\/tradichem.es\/fr\/#organization"},"potentialAction":[{"@type":"SearchAction","target":{"@type":"EntryPoint","urlTemplate":"https:\/\/tradichem.es\/fr\/?s={search_term_string}"},"query-input":{"@type":"PropertyValueSpecification","valueRequired":true,"valueName":"search_term_string"}}],"inLanguage":"fr-FR"},{"@type":"Organization","@id":"https:\/\/tradichem.es\/fr\/#organization","name":"Tradichem","url":"https:\/\/tradichem.es\/fr\/","logo":{"@type":"ImageObject","inLanguage":"fr-FR","@id":"https:\/\/tradichem.es\/fr\/#\/schema\/logo\/image\/","url":"https:\/\/tradichem.es\/wp-content\/uploads\/2021\/10\/logotra200.png","contentUrl":"https:\/\/tradichem.es\/wp-content\/uploads\/2021\/10\/logotra200.png","width":200,"height":200,"caption":"Tradichem"},"image":{"@id":"https:\/\/tradichem.es\/fr\/#\/schema\/logo\/image\/"}}]}},"_links":{"self":[{"href":"https:\/\/tradichem.es\/fr\/wp-json\/wp\/v2\/pages\/3310","targetHints":{"allow":["GET"]}}],"collection":[{"href":"https:\/\/tradichem.es\/fr\/wp-json\/wp\/v2\/pages"}],"about":[{"href":"https:\/\/tradichem.es\/fr\/wp-json\/wp\/v2\/types\/page"}],"author":[{"embeddable":true,"href":"https:\/\/tradichem.es\/fr\/wp-json\/wp\/v2\/users\/1"}],"replies":[{"embeddable":true,"href":"https:\/\/tradichem.es\/fr\/wp-json\/wp\/v2\/comments?post=3310"}],"version-history":[{"count":5,"href":"https:\/\/tradichem.es\/fr\/wp-json\/wp\/v2\/pages\/3310\/revisions"}],"predecessor-version":[{"id":18560,"href":"https:\/\/tradichem.es\/fr\/wp-json\/wp\/v2\/pages\/3310\/revisions\/18560"}],"wp:featuredmedia":[{"embeddable":true,"href":"https:\/\/tradichem.es\/fr\/wp-json\/wp\/v2\/media\/3316"}],"wp:attachment":[{"href":"https:\/\/tradichem.es\/fr\/wp-json\/wp\/v2\/media?parent=3310"}],"curies":[{"name":"wp","href":"https:\/\/api.w.org\/{rel}","templated":true}]}}