{"id":3344,"date":"2019-10-24T01:02:15","date_gmt":"2019-10-23T23:02:15","guid":{"rendered":"https:\/\/tradichem.es\/sante-intestinale\/"},"modified":"2025-01-22T10:45:42","modified_gmt":"2025-01-22T09:45:42","slug":"sante-intestinale","status":"publish","type":"page","link":"https:\/\/tradichem.es\/fr\/sante-intestinale\/","title":{"rendered":"Sante\u0301 intestinale"},"content":{"rendered":"\t\t<div data-elementor-type=\"wp-post\" data-elementor-id=\"3344\" class=\"elementor elementor-3344 elementor-1834\" data-elementor-post-type=\"page\">\n\t\t\t\t\t\t<section class=\"elementor-section elementor-top-section elementor-element elementor-element-ae9bbc0 elementor-section-height-min-height elementor-section-boxed elementor-section-height-default elementor-section-items-middle\" data-id=\"ae9bbc0\" data-element_type=\"section\" data-e-type=\"section\" data-settings=\"{&quot;background_background&quot;:&quot;classic&quot;}\">\n\t\t\t\t\t\t<div class=\"elementor-container elementor-column-gap-default\">\n\t\t\t\t\t<div class=\"elementor-column elementor-col-50 elementor-top-column elementor-element elementor-element-35266e5\" data-id=\"35266e5\" data-element_type=\"column\" data-e-type=\"column\" data-settings=\"{&quot;background_background&quot;:&quot;classic&quot;}\">\n\t\t\t<div class=\"elementor-widget-wrap elementor-element-populated\">\n\t\t\t\t\t\t<div class=\"elementor-element elementor-element-8eb1f56 elementor-invisible elementor-widget elementor-widget-image\" data-id=\"8eb1f56\" data-element_type=\"widget\" data-e-type=\"widget\" data-settings=\"{&quot;_animation&quot;:&quot;fadeIn&quot;}\" data-widget_type=\"image.default\">\n\t\t\t\t<div class=\"elementor-widget-container\">\n\t\t\t\t\t\t\t\t\t\t\t\t\t\t\t\t<a href=\"#\">\n\t\t\t\t\t\t\t<img fetchpriority=\"high\" decoding=\"async\" width=\"300\" height=\"300\" src=\"https:\/\/tradichem.es\/wp-content\/uploads\/2019\/05\/tradichem_gut-health-300x300.png\" class=\"attachment-medium size-medium wp-image-3123\" alt=\"\" srcset=\"https:\/\/tradichem.es\/wp-content\/uploads\/2019\/05\/tradichem_gut-health-300x300.png 300w, https:\/\/tradichem.es\/wp-content\/uploads\/2019\/05\/tradichem_gut-health-150x150.png 150w, https:\/\/tradichem.es\/wp-content\/uploads\/2019\/05\/tradichem_gut-health.png 482w\" sizes=\"(max-width: 300px) 100vw, 300px\" \/>\t\t\t\t\t\t\t\t<\/a>\n\t\t\t\t\t\t\t\t\t\t\t\t\t\t\t<\/div>\n\t\t\t\t<\/div>\n\t\t\t\t<div class=\"elementor-element elementor-element-cf212f8 elementor-invisible elementor-widget elementor-widget-heading\" data-id=\"cf212f8\" data-element_type=\"widget\" data-e-type=\"widget\" data-settings=\"{&quot;_animation&quot;:&quot;fadeIn&quot;}\" data-widget_type=\"heading.default\">\n\t\t\t\t<div class=\"elementor-widget-container\">\n\t\t\t\t\t<h4 class=\"elementor-heading-title elementor-size-default\">PYLOPASS<sup>\u00ae<\/sup><\/h4>\t\t\t\t<\/div>\n\t\t\t\t<\/div>\n\t\t\t\t<div class=\"elementor-element elementor-element-fdf23f5 elementor-widget-divider--view-line elementor-widget elementor-widget-divider\" data-id=\"fdf23f5\" data-element_type=\"widget\" data-e-type=\"widget\" data-widget_type=\"divider.default\">\n\t\t\t\t<div class=\"elementor-widget-container\">\n\t\t\t\t\t\t\t<div class=\"elementor-divider\">\n\t\t\t<span class=\"elementor-divider-separator\">\n\t\t\t\t\t\t<\/span>\n\t\t<\/div>\n\t\t\t\t\t\t<\/div>\n\t\t\t\t<\/div>\n\t\t\t\t<div class=\"elementor-element elementor-element-85476d8 elementor-widget elementor-widget-heading\" data-id=\"85476d8\" data-element_type=\"widget\" data-e-type=\"widget\" data-widget_type=\"heading.default\">\n\t\t\t\t<div class=\"elementor-widget-container\">\n\t\t\t\t\t<h2 class=\"elementor-heading-title elementor-size-default\">Une nouvelle approche du contr\u00f4le de H. pylori<\/h2>\t\t\t\t<\/div>\n\t\t\t\t<\/div>\n\t\t\t\t<div class=\"elementor-element elementor-element-4dce98b elementor-widget elementor-widget-text-editor\" data-id=\"4dce98b\" data-element_type=\"widget\" data-e-type=\"widget\" data-widget_type=\"text-editor.default\">\n\t\t\t\t<div class=\"elementor-widget-container\">\n\t\t\t\t\t\t\t\t\t<p>Pylopass\u00ae est une souche brevet\u00e9e, Lactobacillus reuteri DSMZ 17648, qui s\u2019unit sp\u00e9cifiquement au H. pylori et forme un coagr\u00e9gat pour r\u00e9duire sa charge bact\u00e9rienne.<\/p>\n<ul>\n<li>R\u00e9duction de la charge de H. pylori en 2 semaines.<\/li>\n<li>Pylopass\u00ae n\u2019alt\u00e8re pas le microbiote intestinal.<\/li>\n<li>Pylopass\u00ae ne contribue pas \u00e0 la r\u00e9sistance aux antibiotiques.<\/li>\n<\/ul>\n\t\t\t\t\t\t\t\t<\/div>\n\t\t\t\t<\/div>\n\t\t\t\t\t<\/div>\n\t\t<\/div>\n\t\t\t\t<div class=\"elementor-column elementor-col-50 elementor-top-column elementor-element elementor-element-41d3fd7\" data-id=\"41d3fd7\" data-element_type=\"column\" data-e-type=\"column\" data-settings=\"{&quot;background_background&quot;:&quot;classic&quot;}\">\n\t\t\t<div class=\"elementor-widget-wrap elementor-element-populated\">\n\t\t\t\t\t\t<div class=\"elementor-element elementor-element-9c6d6d5 animated-slow elementor-invisible elementor-widget elementor-widget-image\" data-id=\"9c6d6d5\" data-element_type=\"widget\" data-e-type=\"widget\" data-settings=\"{&quot;_animation&quot;:&quot;fadeIn&quot;,&quot;_animation_delay&quot;:100}\" data-widget_type=\"image.default\">\n\t\t\t\t<div class=\"elementor-widget-container\">\n\t\t\t\t\t\t\t\t\t\t\t\t\t\t\t<img decoding=\"async\" width=\"500\" height=\"538\" src=\"https:\/\/tradichem.es\/wp-content\/uploads\/2019\/06\/guthealth4.jpg\" class=\"attachment-full size-full wp-image-3346\" alt=\"\" srcset=\"https:\/\/tradichem.es\/wp-content\/uploads\/2019\/06\/guthealth4.jpg 500w, https:\/\/tradichem.es\/wp-content\/uploads\/2019\/06\/guthealth4-279x300.jpg 279w\" sizes=\"(max-width: 500px) 100vw, 500px\" \/>\t\t\t\t\t\t\t\t\t\t\t\t\t\t\t<\/div>\n\t\t\t\t<\/div>\n\t\t\t\t\t<\/div>\n\t\t<\/div>\n\t\t\t\t\t<\/div>\n\t\t<\/section>\n\t\t\t\t<section class=\"elementor-section elementor-top-section elementor-element elementor-element-098e4af elementor-section-height-min-height elementor-section-boxed elementor-section-height-default elementor-section-items-middle\" data-id=\"098e4af\" data-element_type=\"section\" data-e-type=\"section\" data-settings=\"{&quot;background_background&quot;:&quot;classic&quot;}\">\n\t\t\t\t\t\t<div class=\"elementor-container elementor-column-gap-default\">\n\t\t\t\t\t<div class=\"elementor-column elementor-col-50 elementor-top-column elementor-element elementor-element-72baa00\" data-id=\"72baa00\" data-element_type=\"column\" data-e-type=\"column\" data-settings=\"{&quot;background_background&quot;:&quot;classic&quot;}\">\n\t\t\t<div class=\"elementor-widget-wrap elementor-element-populated\">\n\t\t\t\t\t\t<div class=\"elementor-element elementor-element-13424cd elementor-widget elementor-widget-menu-anchor\" data-id=\"13424cd\" data-element_type=\"widget\" data-e-type=\"widget\" data-widget_type=\"menu-anchor.default\">\n\t\t\t\t<div class=\"elementor-widget-container\">\n\t\t\t\t\t\t\t<div class=\"elementor-menu-anchor\" id=\"mallolax\"><\/div>\n\t\t\t\t\t\t<\/div>\n\t\t\t\t<\/div>\n\t\t\t\t<div class=\"elementor-element elementor-element-b7b1b5a elementor-invisible elementor-widget elementor-widget-image\" data-id=\"b7b1b5a\" data-element_type=\"widget\" data-e-type=\"widget\" data-settings=\"{&quot;_animation&quot;:&quot;fadeIn&quot;}\" data-widget_type=\"image.default\">\n\t\t\t\t<div class=\"elementor-widget-container\">\n\t\t\t\t\t\t\t\t\t\t\t\t\t\t\t\t<a href=\"#\">\n\t\t\t\t\t\t\t<img decoding=\"async\" width=\"300\" height=\"300\" src=\"https:\/\/tradichem.es\/wp-content\/uploads\/2023\/03\/ICONO8-300x300.png\" class=\"attachment-medium size-medium wp-image-16815\" alt=\"\" srcset=\"https:\/\/tradichem.es\/wp-content\/uploads\/2023\/03\/ICONO8-300x300.png 300w, https:\/\/tradichem.es\/wp-content\/uploads\/2023\/03\/ICONO8-150x150.png 150w, https:\/\/tradichem.es\/wp-content\/uploads\/2023\/03\/ICONO8.png 464w\" sizes=\"(max-width: 300px) 100vw, 300px\" \/>\t\t\t\t\t\t\t\t<\/a>\n\t\t\t\t\t\t\t\t\t\t\t\t\t\t\t<\/div>\n\t\t\t\t<\/div>\n\t\t\t\t<div class=\"elementor-element elementor-element-bde7bcb elementor-widget elementor-widget-image\" data-id=\"bde7bcb\" data-element_type=\"widget\" data-e-type=\"widget\" data-widget_type=\"image.default\">\n\t\t\t\t<div class=\"elementor-widget-container\">\n\t\t\t\t\t\t\t\t\t\t\t\t\t\t\t<img loading=\"lazy\" decoding=\"async\" width=\"1024\" height=\"578\" src=\"https:\/\/tradichem.es\/wp-content\/uploads\/2025\/01\/MALLOLAX_Logo_Black_POS_TRAZ_RGB-1-1024x578.png\" class=\"attachment-large size-large wp-image-18352\" alt=\"\" srcset=\"https:\/\/tradichem.es\/wp-content\/uploads\/2025\/01\/MALLOLAX_Logo_Black_POS_TRAZ_RGB-1-1024x578.png 1024w, https:\/\/tradichem.es\/wp-content\/uploads\/2025\/01\/MALLOLAX_Logo_Black_POS_TRAZ_RGB-1-300x169.png 300w, https:\/\/tradichem.es\/wp-content\/uploads\/2025\/01\/MALLOLAX_Logo_Black_POS_TRAZ_RGB-1-768x433.png 768w, https:\/\/tradichem.es\/wp-content\/uploads\/2025\/01\/MALLOLAX_Logo_Black_POS_TRAZ_RGB-1-1536x867.png 1536w, https:\/\/tradichem.es\/wp-content\/uploads\/2025\/01\/MALLOLAX_Logo_Black_POS_TRAZ_RGB-1.png 1577w\" sizes=\"(max-width: 1024px) 100vw, 1024px\" \/>\t\t\t\t\t\t\t\t\t\t\t\t\t\t\t<\/div>\n\t\t\t\t<\/div>\n\t\t\t\t<div class=\"elementor-element elementor-element-249d61c elementor-widget-divider--view-line elementor-widget elementor-widget-divider\" data-id=\"249d61c\" data-element_type=\"widget\" data-e-type=\"widget\" data-widget_type=\"divider.default\">\n\t\t\t\t<div class=\"elementor-widget-container\">\n\t\t\t\t\t\t\t<div class=\"elementor-divider\">\n\t\t\t<span class=\"elementor-divider-separator\">\n\t\t\t\t\t\t<\/span>\n\t\t<\/div>\n\t\t\t\t\t\t<\/div>\n\t\t\t\t<\/div>\n\t\t\t\t<div class=\"elementor-element elementor-element-f21f054 elementor-widget elementor-widget-heading\" data-id=\"f21f054\" data-element_type=\"widget\" data-e-type=\"widget\" data-widget_type=\"heading.default\">\n\t\t\t\t<div class=\"elementor-widget-container\">\n\t\t\t\t\t<h2 class=\"elementor-heading-title elementor-size-default\">Rem\u00e8de naturel pour r\u00e9duire ou \u00e9liminer la constipation occasionnelle<\/h2>\t\t\t\t<\/div>\n\t\t\t\t<\/div>\n\t\t\t\t<div class=\"elementor-element elementor-element-1374eb8 elementor-widget elementor-widget-text-editor\" data-id=\"1374eb8\" data-element_type=\"widget\" data-e-type=\"widget\" data-widget_type=\"text-editor.default\">\n\t\t\t\t<div class=\"elementor-widget-container\">\n\t\t\t\t\t\t\t\t\t<p>Mallolax<sup>\u00ae<\/sup> est un laxatif osmotique qui agit contre les dysmotilit\u00e9s intestinales gr\u00e2ce \u00e0 ses propri\u00e9t\u00e9s antioxydantes.<br \/><strong><span style=\"color: #16e4b1;\">Malva Sylvestris, L.<\/span><\/strong> extrait sec de partie a\u00e9rienne cultiv\u00e9 en Afrique du Nord.<\/p><ul><li>\u2265 7,5 % Polyph\u00e9nols totaux<\/li><li>\u2265 5,0 % Polyph\u00e9nols sous forme de malvidin<\/li><li>\u2265 30,0 % Mucilage<\/li><li>500mg-1g once daily<\/li><li>HAD Free: Regulation (EU) 2021\/468 of 18 March 2021<\/li><\/ul>\t\t\t\t\t\t\t\t<\/div>\n\t\t\t\t<\/div>\n\t\t\t\t<section class=\"elementor-section elementor-inner-section elementor-element elementor-element-40c68f6 elementor-section-boxed elementor-section-height-default elementor-section-height-default\" data-id=\"40c68f6\" data-element_type=\"section\" data-e-type=\"section\">\n\t\t\t\t\t\t<div class=\"elementor-container elementor-column-gap-default\">\n\t\t\t\t\t<div class=\"elementor-column elementor-col-50 elementor-inner-column elementor-element elementor-element-4cda32d\" data-id=\"4cda32d\" data-element_type=\"column\" data-e-type=\"column\">\n\t\t\t<div class=\"elementor-widget-wrap elementor-element-populated\">\n\t\t\t\t\t\t<div class=\"elementor-element elementor-element-1abcb87 elementor-widget elementor-widget-button\" data-id=\"1abcb87\" data-element_type=\"widget\" data-e-type=\"widget\" data-widget_type=\"button.default\">\n\t\t\t\t<div class=\"elementor-widget-container\">\n\t\t\t\t\t\t\t\t\t<div class=\"elementor-button-wrapper\">\n\t\t\t\t\t<a class=\"elementor-button elementor-button-link elementor-size-sm\" href=\"#elementor-action%3Aaction%3Dpopup%3Aopen%26settings%3DeyJpZCI6MTgwNTgsInRvZ2dsZSI6ZmFsc2V9\">\n\t\t\t\t\t\t<span class=\"elementor-button-content-wrapper\">\n\t\t\t\t\t\t<span class=\"elementor-button-icon\">\n\t\t\t\t<i aria-hidden=\"true\" class=\"far fa-file-pdf\"><\/i>\t\t\t<\/span>\n\t\t\t\t\t\t\t\t\t<span class=\"elementor-button-text\">T\u00e9l\u00e9charger le pdf<\/span>\n\t\t\t\t\t<\/span>\n\t\t\t\t\t<\/a>\n\t\t\t\t<\/div>\n\t\t\t\t\t\t\t\t<\/div>\n\t\t\t\t<\/div>\n\t\t\t\t\t<\/div>\n\t\t<\/div>\n\t\t\t\t<div class=\"elementor-column elementor-col-50 elementor-inner-column elementor-element elementor-element-2d1772b\" data-id=\"2d1772b\" data-element_type=\"column\" data-e-type=\"column\">\n\t\t\t<div class=\"elementor-widget-wrap\">\n\t\t\t\t\t\t\t<\/div>\n\t\t<\/div>\n\t\t\t\t\t<\/div>\n\t\t<\/section>\n\t\t\t\t\t<\/div>\n\t\t<\/div>\n\t\t\t\t<div class=\"elementor-column elementor-col-50 elementor-top-column elementor-element elementor-element-114651e\" data-id=\"114651e\" data-element_type=\"column\" data-e-type=\"column\" data-settings=\"{&quot;background_background&quot;:&quot;classic&quot;}\">\n\t\t\t<div class=\"elementor-widget-wrap elementor-element-populated\">\n\t\t\t\t\t\t<div class=\"elementor-element elementor-element-85e3c70 animated-slow elementor-invisible elementor-widget elementor-widget-image\" data-id=\"85e3c70\" data-element_type=\"widget\" data-e-type=\"widget\" data-settings=\"{&quot;_animation&quot;:&quot;fadeIn&quot;,&quot;_animation_delay&quot;:100}\" data-widget_type=\"image.default\">\n\t\t\t\t<div class=\"elementor-widget-container\">\n\t\t\t\t\t\t\t\t\t\t\t\t\t\t\t<img loading=\"lazy\" decoding=\"async\" width=\"500\" height=\"539\" src=\"https:\/\/tradichem.es\/wp-content\/uploads\/2023\/03\/Mallolax-1.jpg\" class=\"attachment-full size-full wp-image-16819\" alt=\"\" srcset=\"https:\/\/tradichem.es\/wp-content\/uploads\/2023\/03\/Mallolax-1.jpg 500w, https:\/\/tradichem.es\/wp-content\/uploads\/2023\/03\/Mallolax-1-278x300.jpg 278w\" sizes=\"(max-width: 500px) 100vw, 500px\" \/>\t\t\t\t\t\t\t\t\t\t\t\t\t\t\t<\/div>\n\t\t\t\t<\/div>\n\t\t\t\t\t<\/div>\n\t\t<\/div>\n\t\t\t\t\t<\/div>\n\t\t<\/section>\n\t\t\t\t<\/div>\n\t\t","protected":false},"excerpt":{"rendered":"<p>PYLOPASS\u00ae Une nouvelle approche du contr\u00f4le de H. pylori Pylopass\u00ae est une souche brevet\u00e9e, Lactobacillus reuteri DSMZ 17648, qui s\u2019unit sp\u00e9cifiquement au H. pylori et forme un coagr\u00e9gat pour r\u00e9duire sa charge bact\u00e9rienne. R\u00e9duction de la charge de H. pylori en 2 semaines. Pylopass\u00ae n\u2019alt\u00e8re pas le microbiote intestinal. Pylopass\u00ae ne contribue pas \u00e0 la &#8230; <a title=\"Sante\u0301 intestinale\" class=\"read-more\" href=\"https:\/\/tradichem.es\/fr\/sante-intestinale\/\" aria-label=\"En savoir plus sur Sante\u0301 intestinale\">Lire la suite<\/a><\/p>\n","protected":false},"author":1,"featured_media":3366,"parent":0,"menu_order":0,"comment_status":"closed","ping_status":"closed","template":"","meta":{"_acf_changed":false,"footnotes":""},"class_list":["post-3344","page","type-page","status-publish","has-post-thumbnail"],"acf":[],"yoast_head":"<!-- This site is optimized with the Yoast SEO plugin v27.3 - https:\/\/yoast.com\/product\/yoast-seo-wordpress\/ -->\n<title>Sante\u0301 intestinale - Tradichem<\/title>\n<meta name=\"robots\" content=\"index, follow, max-snippet:-1, max-image-preview:large, max-video-preview:-1\" \/>\n<link rel=\"canonical\" href=\"https:\/\/tradichem.es\/fr\/sante-intestinale\/\" \/>\n<meta property=\"og:locale\" content=\"fr_FR\" \/>\n<meta property=\"og:type\" content=\"article\" \/>\n<meta property=\"og:title\" content=\"Sante\u0301 intestinale - Tradichem\" \/>\n<meta property=\"og:description\" content=\"PYLOPASS\u00ae Une nouvelle approche du contr\u00f4le de H. pylori Pylopass\u00ae est une souche brevet\u00e9e, Lactobacillus reuteri DSMZ 17648, qui s\u2019unit sp\u00e9cifiquement au H. pylori et forme un coagr\u00e9gat pour r\u00e9duire sa charge bact\u00e9rienne. R\u00e9duction de la charge de H. pylori en 2 semaines. Pylopass\u00ae n\u2019alt\u00e8re pas le microbiote intestinal. Pylopass\u00ae ne contribue pas \u00e0 la ... Lire la suite\" \/>\n<meta property=\"og:url\" content=\"https:\/\/tradichem.es\/fr\/sante-intestinale\/\" \/>\n<meta property=\"og:site_name\" content=\"Tradichem\" \/>\n<meta property=\"article:modified_time\" content=\"2025-01-22T09:45:42+00:00\" \/>\n<meta property=\"og:image\" content=\"https:\/\/tradichem.es\/wp-content\/uploads\/2019\/06\/hguthealth.jpg\" \/>\n\t<meta property=\"og:image:width\" content=\"626\" \/>\n\t<meta property=\"og:image:height\" content=\"125\" \/>\n\t<meta property=\"og:image:type\" content=\"image\/jpeg\" \/>\n<meta name=\"twitter:card\" content=\"summary_large_image\" \/>\n<meta name=\"twitter:label1\" content=\"Dur\u00e9e de lecture estim\u00e9e\" \/>\n\t<meta name=\"twitter:data1\" content=\"2 minutes\" \/>\n<script type=\"application\/ld+json\" class=\"yoast-schema-graph\">{\"@context\":\"https:\\\/\\\/schema.org\",\"@graph\":[{\"@type\":\"WebPage\",\"@id\":\"https:\\\/\\\/tradichem.es\\\/fr\\\/sante-intestinale\\\/\",\"url\":\"https:\\\/\\\/tradichem.es\\\/fr\\\/sante-intestinale\\\/\",\"name\":\"Sante\u0301 intestinale - Tradichem\",\"isPartOf\":{\"@id\":\"https:\\\/\\\/tradichem.es\\\/fr\\\/#website\"},\"primaryImageOfPage\":{\"@id\":\"https:\\\/\\\/tradichem.es\\\/fr\\\/sante-intestinale\\\/#primaryimage\"},\"image\":{\"@id\":\"https:\\\/\\\/tradichem.es\\\/fr\\\/sante-intestinale\\\/#primaryimage\"},\"thumbnailUrl\":\"https:\\\/\\\/tradichem.es\\\/wp-content\\\/uploads\\\/2019\\\/06\\\/hguthealth.jpg\",\"datePublished\":\"2019-10-23T23:02:15+00:00\",\"dateModified\":\"2025-01-22T09:45:42+00:00\",\"breadcrumb\":{\"@id\":\"https:\\\/\\\/tradichem.es\\\/fr\\\/sante-intestinale\\\/#breadcrumb\"},\"inLanguage\":\"fr-FR\",\"potentialAction\":[{\"@type\":\"ReadAction\",\"target\":[\"https:\\\/\\\/tradichem.es\\\/fr\\\/sante-intestinale\\\/\"]}]},{\"@type\":\"ImageObject\",\"inLanguage\":\"fr-FR\",\"@id\":\"https:\\\/\\\/tradichem.es\\\/fr\\\/sante-intestinale\\\/#primaryimage\",\"url\":\"https:\\\/\\\/tradichem.es\\\/wp-content\\\/uploads\\\/2019\\\/06\\\/hguthealth.jpg\",\"contentUrl\":\"https:\\\/\\\/tradichem.es\\\/wp-content\\\/uploads\\\/2019\\\/06\\\/hguthealth.jpg\",\"width\":626,\"height\":125},{\"@type\":\"BreadcrumbList\",\"@id\":\"https:\\\/\\\/tradichem.es\\\/fr\\\/sante-intestinale\\\/#breadcrumb\",\"itemListElement\":[{\"@type\":\"ListItem\",\"position\":1,\"name\":\"Portada\",\"item\":\"https:\\\/\\\/tradichem.es\\\/fr\\\/\"},{\"@type\":\"ListItem\",\"position\":2,\"name\":\"Sante\u0301 intestinale\"}]},{\"@type\":\"WebSite\",\"@id\":\"https:\\\/\\\/tradichem.es\\\/fr\\\/#website\",\"url\":\"https:\\\/\\\/tradichem.es\\\/fr\\\/\",\"name\":\"Tradichem\",\"description\":\"Leader in the marketing and development of nutraceuticals and APIs\",\"publisher\":{\"@id\":\"https:\\\/\\\/tradichem.es\\\/fr\\\/#organization\"},\"potentialAction\":[{\"@type\":\"SearchAction\",\"target\":{\"@type\":\"EntryPoint\",\"urlTemplate\":\"https:\\\/\\\/tradichem.es\\\/fr\\\/?s={search_term_string}\"},\"query-input\":{\"@type\":\"PropertyValueSpecification\",\"valueRequired\":true,\"valueName\":\"search_term_string\"}}],\"inLanguage\":\"fr-FR\"},{\"@type\":\"Organization\",\"@id\":\"https:\\\/\\\/tradichem.es\\\/fr\\\/#organization\",\"name\":\"Tradichem\",\"url\":\"https:\\\/\\\/tradichem.es\\\/fr\\\/\",\"logo\":{\"@type\":\"ImageObject\",\"inLanguage\":\"fr-FR\",\"@id\":\"https:\\\/\\\/tradichem.es\\\/fr\\\/#\\\/schema\\\/logo\\\/image\\\/\",\"url\":\"https:\\\/\\\/tradichem.es\\\/wp-content\\\/uploads\\\/2021\\\/10\\\/logotra200.png\",\"contentUrl\":\"https:\\\/\\\/tradichem.es\\\/wp-content\\\/uploads\\\/2021\\\/10\\\/logotra200.png\",\"width\":200,\"height\":200,\"caption\":\"Tradichem\"},\"image\":{\"@id\":\"https:\\\/\\\/tradichem.es\\\/fr\\\/#\\\/schema\\\/logo\\\/image\\\/\"}}]}<\/script>\n<!-- \/ Yoast SEO plugin. -->","yoast_head_json":{"title":"Sante\u0301 intestinale - Tradichem","robots":{"index":"index","follow":"follow","max-snippet":"max-snippet:-1","max-image-preview":"max-image-preview:large","max-video-preview":"max-video-preview:-1"},"canonical":"https:\/\/tradichem.es\/fr\/sante-intestinale\/","og_locale":"fr_FR","og_type":"article","og_title":"Sante\u0301 intestinale - Tradichem","og_description":"PYLOPASS\u00ae Une nouvelle approche du contr\u00f4le de H. pylori Pylopass\u00ae est une souche brevet\u00e9e, Lactobacillus reuteri DSMZ 17648, qui s\u2019unit sp\u00e9cifiquement au H. pylori et forme un coagr\u00e9gat pour r\u00e9duire sa charge bact\u00e9rienne. R\u00e9duction de la charge de H. pylori en 2 semaines. Pylopass\u00ae n\u2019alt\u00e8re pas le microbiote intestinal. Pylopass\u00ae ne contribue pas \u00e0 la ... Lire la suite","og_url":"https:\/\/tradichem.es\/fr\/sante-intestinale\/","og_site_name":"Tradichem","article_modified_time":"2025-01-22T09:45:42+00:00","og_image":[{"width":626,"height":125,"url":"https:\/\/tradichem.es\/wp-content\/uploads\/2019\/06\/hguthealth.jpg","type":"image\/jpeg"}],"twitter_card":"summary_large_image","twitter_misc":{"Dur\u00e9e de lecture estim\u00e9e":"2 minutes"},"schema":{"@context":"https:\/\/schema.org","@graph":[{"@type":"WebPage","@id":"https:\/\/tradichem.es\/fr\/sante-intestinale\/","url":"https:\/\/tradichem.es\/fr\/sante-intestinale\/","name":"Sante\u0301 intestinale - Tradichem","isPartOf":{"@id":"https:\/\/tradichem.es\/fr\/#website"},"primaryImageOfPage":{"@id":"https:\/\/tradichem.es\/fr\/sante-intestinale\/#primaryimage"},"image":{"@id":"https:\/\/tradichem.es\/fr\/sante-intestinale\/#primaryimage"},"thumbnailUrl":"https:\/\/tradichem.es\/wp-content\/uploads\/2019\/06\/hguthealth.jpg","datePublished":"2019-10-23T23:02:15+00:00","dateModified":"2025-01-22T09:45:42+00:00","breadcrumb":{"@id":"https:\/\/tradichem.es\/fr\/sante-intestinale\/#breadcrumb"},"inLanguage":"fr-FR","potentialAction":[{"@type":"ReadAction","target":["https:\/\/tradichem.es\/fr\/sante-intestinale\/"]}]},{"@type":"ImageObject","inLanguage":"fr-FR","@id":"https:\/\/tradichem.es\/fr\/sante-intestinale\/#primaryimage","url":"https:\/\/tradichem.es\/wp-content\/uploads\/2019\/06\/hguthealth.jpg","contentUrl":"https:\/\/tradichem.es\/wp-content\/uploads\/2019\/06\/hguthealth.jpg","width":626,"height":125},{"@type":"BreadcrumbList","@id":"https:\/\/tradichem.es\/fr\/sante-intestinale\/#breadcrumb","itemListElement":[{"@type":"ListItem","position":1,"name":"Portada","item":"https:\/\/tradichem.es\/fr\/"},{"@type":"ListItem","position":2,"name":"Sante\u0301 intestinale"}]},{"@type":"WebSite","@id":"https:\/\/tradichem.es\/fr\/#website","url":"https:\/\/tradichem.es\/fr\/","name":"Tradichem","description":"Leader in the marketing and development of nutraceuticals and APIs","publisher":{"@id":"https:\/\/tradichem.es\/fr\/#organization"},"potentialAction":[{"@type":"SearchAction","target":{"@type":"EntryPoint","urlTemplate":"https:\/\/tradichem.es\/fr\/?s={search_term_string}"},"query-input":{"@type":"PropertyValueSpecification","valueRequired":true,"valueName":"search_term_string"}}],"inLanguage":"fr-FR"},{"@type":"Organization","@id":"https:\/\/tradichem.es\/fr\/#organization","name":"Tradichem","url":"https:\/\/tradichem.es\/fr\/","logo":{"@type":"ImageObject","inLanguage":"fr-FR","@id":"https:\/\/tradichem.es\/fr\/#\/schema\/logo\/image\/","url":"https:\/\/tradichem.es\/wp-content\/uploads\/2021\/10\/logotra200.png","contentUrl":"https:\/\/tradichem.es\/wp-content\/uploads\/2021\/10\/logotra200.png","width":200,"height":200,"caption":"Tradichem"},"image":{"@id":"https:\/\/tradichem.es\/fr\/#\/schema\/logo\/image\/"}}]}},"_links":{"self":[{"href":"https:\/\/tradichem.es\/fr\/wp-json\/wp\/v2\/pages\/3344","targetHints":{"allow":["GET"]}}],"collection":[{"href":"https:\/\/tradichem.es\/fr\/wp-json\/wp\/v2\/pages"}],"about":[{"href":"https:\/\/tradichem.es\/fr\/wp-json\/wp\/v2\/types\/page"}],"author":[{"embeddable":true,"href":"https:\/\/tradichem.es\/fr\/wp-json\/wp\/v2\/users\/1"}],"replies":[{"embeddable":true,"href":"https:\/\/tradichem.es\/fr\/wp-json\/wp\/v2\/comments?post=3344"}],"version-history":[{"count":17,"href":"https:\/\/tradichem.es\/fr\/wp-json\/wp\/v2\/pages\/3344\/revisions"}],"predecessor-version":[{"id":18362,"href":"https:\/\/tradichem.es\/fr\/wp-json\/wp\/v2\/pages\/3344\/revisions\/18362"}],"wp:featuredmedia":[{"embeddable":true,"href":"https:\/\/tradichem.es\/fr\/wp-json\/wp\/v2\/media\/3366"}],"wp:attachment":[{"href":"https:\/\/tradichem.es\/fr\/wp-json\/wp\/v2\/media?parent=3344"}],"curies":[{"name":"wp","href":"https:\/\/api.w.org\/{rel}","templated":true}]}}