{"id":3371,"date":"2019-10-24T01:04:40","date_gmt":"2019-10-23T23:04:40","guid":{"rendered":"https:\/\/tradichem.es\/sante-des-articulations\/"},"modified":"2019-10-24T01:05:31","modified_gmt":"2019-10-23T23:05:31","slug":"sante-des-articulations","status":"publish","type":"page","link":"https:\/\/tradichem.es\/fr\/sante-des-articulations\/","title":{"rendered":"Sante\u0301 des articulations"},"content":{"rendered":"\t\t<div data-elementor-type=\"wp-post\" data-elementor-id=\"3371\" class=\"elementor elementor-3371 elementor-1589\" data-elementor-post-type=\"page\">\n\t\t\t\t\t\t<section class=\"elementor-section elementor-top-section elementor-element elementor-element-ae9bbc0 elementor-section-height-min-height elementor-section-boxed elementor-section-height-default elementor-section-items-middle\" data-id=\"ae9bbc0\" data-element_type=\"section\" data-e-type=\"section\" data-settings=\"{&quot;background_background&quot;:&quot;classic&quot;}\">\n\t\t\t\t\t\t<div class=\"elementor-container elementor-column-gap-default\">\n\t\t\t\t\t<div class=\"elementor-column elementor-col-50 elementor-top-column elementor-element elementor-element-35266e5\" data-id=\"35266e5\" data-element_type=\"column\" data-e-type=\"column\" data-settings=\"{&quot;background_background&quot;:&quot;classic&quot;}\">\n\t\t\t<div class=\"elementor-widget-wrap elementor-element-populated\">\n\t\t\t\t\t\t<div class=\"elementor-element elementor-element-8eb1f56 elementor-invisible elementor-widget elementor-widget-image\" data-id=\"8eb1f56\" data-element_type=\"widget\" data-e-type=\"widget\" data-settings=\"{&quot;_animation&quot;:&quot;fadeIn&quot;}\" data-widget_type=\"image.default\">\n\t\t\t\t<div class=\"elementor-widget-container\">\n\t\t\t\t\t\t\t\t\t\t\t\t\t\t\t\t<a href=\"#\">\n\t\t\t\t\t\t\t<img fetchpriority=\"high\" decoding=\"async\" width=\"300\" height=\"300\" src=\"https:\/\/tradichem.es\/wp-content\/uploads\/2019\/05\/tradichem_joint-health-300x300.png\" class=\"attachment-medium size-medium wp-image-3127\" alt=\"\" srcset=\"https:\/\/tradichem.es\/wp-content\/uploads\/2019\/05\/tradichem_joint-health-300x300.png 300w, https:\/\/tradichem.es\/wp-content\/uploads\/2019\/05\/tradichem_joint-health-150x150.png 150w, https:\/\/tradichem.es\/wp-content\/uploads\/2019\/05\/tradichem_joint-health.png 483w\" sizes=\"(max-width: 300px) 100vw, 300px\" \/>\t\t\t\t\t\t\t\t<\/a>\n\t\t\t\t\t\t\t\t\t\t\t\t\t\t\t<\/div>\n\t\t\t\t<\/div>\n\t\t\t\t<div class=\"elementor-element elementor-element-cf212f8 elementor-invisible elementor-widget elementor-widget-heading\" data-id=\"cf212f8\" data-element_type=\"widget\" data-e-type=\"widget\" data-settings=\"{&quot;_animation&quot;:&quot;fadeIn&quot;}\" data-widget_type=\"heading.default\">\n\t\t\t\t<div class=\"elementor-widget-container\">\n\t\t\t\t\t<h4 class=\"elementor-heading-title elementor-size-default\">UC-II<sup>\u00ae<\/sup><\/h4>\t\t\t\t<\/div>\n\t\t\t\t<\/div>\n\t\t\t\t<div class=\"elementor-element elementor-element-fdf23f5 elementor-widget-divider--view-line elementor-widget elementor-widget-divider\" data-id=\"fdf23f5\" data-element_type=\"widget\" data-e-type=\"widget\" data-widget_type=\"divider.default\">\n\t\t\t\t<div class=\"elementor-widget-container\">\n\t\t\t\t\t\t\t<div class=\"elementor-divider\">\n\t\t\t<span class=\"elementor-divider-separator\">\n\t\t\t\t\t\t<\/span>\n\t\t<\/div>\n\t\t\t\t\t\t<\/div>\n\t\t\t\t<\/div>\n\t\t\t\t<div class=\"elementor-element elementor-element-85476d8 elementor-widget elementor-widget-heading\" data-id=\"85476d8\" data-element_type=\"widget\" data-e-type=\"widget\" data-widget_type=\"heading.default\">\n\t\t\t\t<div class=\"elementor-widget-container\">\n\t\t\t\t\t<h2 class=\"elementor-heading-title elementor-size-default\">Le collag\u00e8ne, d\u00e9finitif pour am\u00e9liorer la fonction articulaire<\/h2>\t\t\t\t<\/div>\n\t\t\t\t<\/div>\n\t\t\t\t<div class=\"elementor-element elementor-element-4dce98b elementor-widget elementor-widget-text-editor\" data-id=\"4dce98b\" data-element_type=\"widget\" data-e-type=\"widget\" data-widget_type=\"text-editor.default\">\n\t\t\t\t<div class=\"elementor-widget-container\">\n\t\t\t\t\t\t\t\t\t<p>UC-II\u00ae est une matrice contenant du COLLAG\u00c8NE NATIF TYPE II NON D\u00c9NATURALIS\u00c9 qui active la reconstruction naturelle du cartilage des articulations.<\/p>\n<ul>\n<li>Am\u00e9liore la fonction m\u00e9canique de l\u2019articulation bless\u00e9e.<\/li>\n<li><strong>Emp\u00eache la d\u00e9t\u00e9rioration du cartilage articulaire<\/strong>.<\/li>\n<li>Pr\u00e9serve l\u2019int\u00e9grit\u00e9 osseuse.<\/li>\n<li><strong>Dose faible = 40 mg\/jour<\/strong>.<\/li>\n<\/ul>\n\t\t\t\t\t\t\t\t<\/div>\n\t\t\t\t<\/div>\n\t\t\t\t\t<\/div>\n\t\t<\/div>\n\t\t\t\t<div class=\"elementor-column elementor-col-50 elementor-top-column elementor-element elementor-element-41d3fd7\" data-id=\"41d3fd7\" data-element_type=\"column\" data-e-type=\"column\" data-settings=\"{&quot;background_background&quot;:&quot;classic&quot;}\">\n\t\t\t<div class=\"elementor-widget-wrap elementor-element-populated\">\n\t\t\t\t\t\t<div class=\"elementor-element elementor-element-9c6d6d5 animated-slow elementor-invisible elementor-widget elementor-widget-image\" data-id=\"9c6d6d5\" data-element_type=\"widget\" data-e-type=\"widget\" data-settings=\"{&quot;_animation&quot;:&quot;fadeIn&quot;,&quot;_animation_delay&quot;:100}\" data-widget_type=\"image.default\">\n\t\t\t\t<div class=\"elementor-widget-container\">\n\t\t\t\t\t\t\t\t\t\t\t\t\t\t\t<img decoding=\"async\" width=\"550\" height=\"562\" src=\"https:\/\/tradichem.es\/wp-content\/uploads\/2019\/05\/ucii2.jpg\" class=\"attachment-full size-full wp-image-3373\" alt=\"\" srcset=\"https:\/\/tradichem.es\/wp-content\/uploads\/2019\/05\/ucii2.jpg 550w, https:\/\/tradichem.es\/wp-content\/uploads\/2019\/05\/ucii2-294x300.jpg 294w\" sizes=\"(max-width: 550px) 100vw, 550px\" \/>\t\t\t\t\t\t\t\t\t\t\t\t\t\t\t<\/div>\n\t\t\t\t<\/div>\n\t\t\t\t\t<\/div>\n\t\t<\/div>\n\t\t\t\t\t<\/div>\n\t\t<\/section>\n\t\t\t\t<\/div>\n\t\t","protected":false},"excerpt":{"rendered":"<p>UC-II\u00ae Le collag\u00e8ne, d\u00e9finitif pour am\u00e9liorer la fonction articulaire UC-II\u00ae est une matrice contenant du COLLAG\u00c8NE NATIF TYPE II NON D\u00c9NATURALIS\u00c9 qui active la reconstruction naturelle du cartilage des articulations. Am\u00e9liore la fonction m\u00e9canique de l\u2019articulation bless\u00e9e. Emp\u00eache la d\u00e9t\u00e9rioration du cartilage articulaire. Pr\u00e9serve l\u2019int\u00e9grit\u00e9 osseuse. Dose faible = 40 mg\/jour.<\/p>\n","protected":false},"author":1,"featured_media":3385,"parent":0,"menu_order":0,"comment_status":"closed","ping_status":"closed","template":"","meta":{"_acf_changed":false,"footnotes":""},"class_list":["post-3371","page","type-page","status-publish","has-post-thumbnail"],"acf":[],"yoast_head":"<!-- This site is optimized with the Yoast SEO plugin v27.3 - https:\/\/yoast.com\/product\/yoast-seo-wordpress\/ -->\n<title>Sante\u0301 des articulations - Tradichem<\/title>\n<meta name=\"robots\" content=\"index, follow, max-snippet:-1, max-image-preview:large, max-video-preview:-1\" \/>\n<link rel=\"canonical\" href=\"https:\/\/tradichem.es\/fr\/sante-des-articulations\/\" \/>\n<meta property=\"og:locale\" content=\"fr_FR\" \/>\n<meta property=\"og:type\" content=\"article\" \/>\n<meta property=\"og:title\" content=\"Sante\u0301 des articulations - Tradichem\" \/>\n<meta property=\"og:description\" content=\"UC-II\u00ae Le collag\u00e8ne, d\u00e9finitif pour am\u00e9liorer la fonction articulaire UC-II\u00ae est une matrice contenant du COLLAG\u00c8NE NATIF TYPE II NON D\u00c9NATURALIS\u00c9 qui active la reconstruction naturelle du cartilage des articulations. Am\u00e9liore la fonction m\u00e9canique de l\u2019articulation bless\u00e9e. Emp\u00eache la d\u00e9t\u00e9rioration du cartilage articulaire. Pr\u00e9serve l\u2019int\u00e9grit\u00e9 osseuse. Dose faible = 40 mg\/jour.\" \/>\n<meta property=\"og:url\" content=\"https:\/\/tradichem.es\/fr\/sante-des-articulations\/\" \/>\n<meta property=\"og:site_name\" content=\"Tradichem\" \/>\n<meta property=\"article:modified_time\" content=\"2019-10-23T23:05:31+00:00\" \/>\n<meta property=\"og:image\" content=\"https:\/\/tradichem.es\/wp-content\/uploads\/2019\/05\/hucii.jpg\" \/>\n\t<meta property=\"og:image:width\" content=\"1000\" \/>\n\t<meta property=\"og:image:height\" content=\"200\" \/>\n\t<meta property=\"og:image:type\" content=\"image\/jpeg\" \/>\n<meta name=\"twitter:card\" content=\"summary_large_image\" \/>\n<script type=\"application\/ld+json\" class=\"yoast-schema-graph\">{\"@context\":\"https:\\\/\\\/schema.org\",\"@graph\":[{\"@type\":\"WebPage\",\"@id\":\"https:\\\/\\\/tradichem.es\\\/fr\\\/sante-des-articulations\\\/\",\"url\":\"https:\\\/\\\/tradichem.es\\\/fr\\\/sante-des-articulations\\\/\",\"name\":\"Sante\u0301 des articulations - Tradichem\",\"isPartOf\":{\"@id\":\"https:\\\/\\\/tradichem.es\\\/fr\\\/#website\"},\"primaryImageOfPage\":{\"@id\":\"https:\\\/\\\/tradichem.es\\\/fr\\\/sante-des-articulations\\\/#primaryimage\"},\"image\":{\"@id\":\"https:\\\/\\\/tradichem.es\\\/fr\\\/sante-des-articulations\\\/#primaryimage\"},\"thumbnailUrl\":\"https:\\\/\\\/tradichem.es\\\/wp-content\\\/uploads\\\/2019\\\/05\\\/hucii.jpg\",\"datePublished\":\"2019-10-23T23:04:40+00:00\",\"dateModified\":\"2019-10-23T23:05:31+00:00\",\"breadcrumb\":{\"@id\":\"https:\\\/\\\/tradichem.es\\\/fr\\\/sante-des-articulations\\\/#breadcrumb\"},\"inLanguage\":\"fr-FR\",\"potentialAction\":[{\"@type\":\"ReadAction\",\"target\":[\"https:\\\/\\\/tradichem.es\\\/fr\\\/sante-des-articulations\\\/\"]}]},{\"@type\":\"ImageObject\",\"inLanguage\":\"fr-FR\",\"@id\":\"https:\\\/\\\/tradichem.es\\\/fr\\\/sante-des-articulations\\\/#primaryimage\",\"url\":\"https:\\\/\\\/tradichem.es\\\/wp-content\\\/uploads\\\/2019\\\/05\\\/hucii.jpg\",\"contentUrl\":\"https:\\\/\\\/tradichem.es\\\/wp-content\\\/uploads\\\/2019\\\/05\\\/hucii.jpg\",\"width\":1000,\"height\":200},{\"@type\":\"BreadcrumbList\",\"@id\":\"https:\\\/\\\/tradichem.es\\\/fr\\\/sante-des-articulations\\\/#breadcrumb\",\"itemListElement\":[{\"@type\":\"ListItem\",\"position\":1,\"name\":\"Portada\",\"item\":\"https:\\\/\\\/tradichem.es\\\/fr\\\/\"},{\"@type\":\"ListItem\",\"position\":2,\"name\":\"Sante\u0301 des articulations\"}]},{\"@type\":\"WebSite\",\"@id\":\"https:\\\/\\\/tradichem.es\\\/fr\\\/#website\",\"url\":\"https:\\\/\\\/tradichem.es\\\/fr\\\/\",\"name\":\"Tradichem\",\"description\":\"Leader in the marketing and development of nutraceuticals and APIs\",\"publisher\":{\"@id\":\"https:\\\/\\\/tradichem.es\\\/fr\\\/#organization\"},\"potentialAction\":[{\"@type\":\"SearchAction\",\"target\":{\"@type\":\"EntryPoint\",\"urlTemplate\":\"https:\\\/\\\/tradichem.es\\\/fr\\\/?s={search_term_string}\"},\"query-input\":{\"@type\":\"PropertyValueSpecification\",\"valueRequired\":true,\"valueName\":\"search_term_string\"}}],\"inLanguage\":\"fr-FR\"},{\"@type\":\"Organization\",\"@id\":\"https:\\\/\\\/tradichem.es\\\/fr\\\/#organization\",\"name\":\"Tradichem\",\"url\":\"https:\\\/\\\/tradichem.es\\\/fr\\\/\",\"logo\":{\"@type\":\"ImageObject\",\"inLanguage\":\"fr-FR\",\"@id\":\"https:\\\/\\\/tradichem.es\\\/fr\\\/#\\\/schema\\\/logo\\\/image\\\/\",\"url\":\"https:\\\/\\\/tradichem.es\\\/wp-content\\\/uploads\\\/2021\\\/10\\\/logotra200.png\",\"contentUrl\":\"https:\\\/\\\/tradichem.es\\\/wp-content\\\/uploads\\\/2021\\\/10\\\/logotra200.png\",\"width\":200,\"height\":200,\"caption\":\"Tradichem\"},\"image\":{\"@id\":\"https:\\\/\\\/tradichem.es\\\/fr\\\/#\\\/schema\\\/logo\\\/image\\\/\"}}]}<\/script>\n<!-- \/ Yoast SEO plugin. -->","yoast_head_json":{"title":"Sante\u0301 des articulations - Tradichem","robots":{"index":"index","follow":"follow","max-snippet":"max-snippet:-1","max-image-preview":"max-image-preview:large","max-video-preview":"max-video-preview:-1"},"canonical":"https:\/\/tradichem.es\/fr\/sante-des-articulations\/","og_locale":"fr_FR","og_type":"article","og_title":"Sante\u0301 des articulations - Tradichem","og_description":"UC-II\u00ae Le collag\u00e8ne, d\u00e9finitif pour am\u00e9liorer la fonction articulaire UC-II\u00ae est une matrice contenant du COLLAG\u00c8NE NATIF TYPE II NON D\u00c9NATURALIS\u00c9 qui active la reconstruction naturelle du cartilage des articulations. Am\u00e9liore la fonction m\u00e9canique de l\u2019articulation bless\u00e9e. Emp\u00eache la d\u00e9t\u00e9rioration du cartilage articulaire. Pr\u00e9serve l\u2019int\u00e9grit\u00e9 osseuse. Dose faible = 40 mg\/jour.","og_url":"https:\/\/tradichem.es\/fr\/sante-des-articulations\/","og_site_name":"Tradichem","article_modified_time":"2019-10-23T23:05:31+00:00","og_image":[{"width":1000,"height":200,"url":"https:\/\/tradichem.es\/wp-content\/uploads\/2019\/05\/hucii.jpg","type":"image\/jpeg"}],"twitter_card":"summary_large_image","schema":{"@context":"https:\/\/schema.org","@graph":[{"@type":"WebPage","@id":"https:\/\/tradichem.es\/fr\/sante-des-articulations\/","url":"https:\/\/tradichem.es\/fr\/sante-des-articulations\/","name":"Sante\u0301 des articulations - Tradichem","isPartOf":{"@id":"https:\/\/tradichem.es\/fr\/#website"},"primaryImageOfPage":{"@id":"https:\/\/tradichem.es\/fr\/sante-des-articulations\/#primaryimage"},"image":{"@id":"https:\/\/tradichem.es\/fr\/sante-des-articulations\/#primaryimage"},"thumbnailUrl":"https:\/\/tradichem.es\/wp-content\/uploads\/2019\/05\/hucii.jpg","datePublished":"2019-10-23T23:04:40+00:00","dateModified":"2019-10-23T23:05:31+00:00","breadcrumb":{"@id":"https:\/\/tradichem.es\/fr\/sante-des-articulations\/#breadcrumb"},"inLanguage":"fr-FR","potentialAction":[{"@type":"ReadAction","target":["https:\/\/tradichem.es\/fr\/sante-des-articulations\/"]}]},{"@type":"ImageObject","inLanguage":"fr-FR","@id":"https:\/\/tradichem.es\/fr\/sante-des-articulations\/#primaryimage","url":"https:\/\/tradichem.es\/wp-content\/uploads\/2019\/05\/hucii.jpg","contentUrl":"https:\/\/tradichem.es\/wp-content\/uploads\/2019\/05\/hucii.jpg","width":1000,"height":200},{"@type":"BreadcrumbList","@id":"https:\/\/tradichem.es\/fr\/sante-des-articulations\/#breadcrumb","itemListElement":[{"@type":"ListItem","position":1,"name":"Portada","item":"https:\/\/tradichem.es\/fr\/"},{"@type":"ListItem","position":2,"name":"Sante\u0301 des articulations"}]},{"@type":"WebSite","@id":"https:\/\/tradichem.es\/fr\/#website","url":"https:\/\/tradichem.es\/fr\/","name":"Tradichem","description":"Leader in the marketing and development of nutraceuticals and APIs","publisher":{"@id":"https:\/\/tradichem.es\/fr\/#organization"},"potentialAction":[{"@type":"SearchAction","target":{"@type":"EntryPoint","urlTemplate":"https:\/\/tradichem.es\/fr\/?s={search_term_string}"},"query-input":{"@type":"PropertyValueSpecification","valueRequired":true,"valueName":"search_term_string"}}],"inLanguage":"fr-FR"},{"@type":"Organization","@id":"https:\/\/tradichem.es\/fr\/#organization","name":"Tradichem","url":"https:\/\/tradichem.es\/fr\/","logo":{"@type":"ImageObject","inLanguage":"fr-FR","@id":"https:\/\/tradichem.es\/fr\/#\/schema\/logo\/image\/","url":"https:\/\/tradichem.es\/wp-content\/uploads\/2021\/10\/logotra200.png","contentUrl":"https:\/\/tradichem.es\/wp-content\/uploads\/2021\/10\/logotra200.png","width":200,"height":200,"caption":"Tradichem"},"image":{"@id":"https:\/\/tradichem.es\/fr\/#\/schema\/logo\/image\/"}}]}},"_links":{"self":[{"href":"https:\/\/tradichem.es\/fr\/wp-json\/wp\/v2\/pages\/3371","targetHints":{"allow":["GET"]}}],"collection":[{"href":"https:\/\/tradichem.es\/fr\/wp-json\/wp\/v2\/pages"}],"about":[{"href":"https:\/\/tradichem.es\/fr\/wp-json\/wp\/v2\/types\/page"}],"author":[{"embeddable":true,"href":"https:\/\/tradichem.es\/fr\/wp-json\/wp\/v2\/users\/1"}],"replies":[{"embeddable":true,"href":"https:\/\/tradichem.es\/fr\/wp-json\/wp\/v2\/comments?post=3371"}],"version-history":[{"count":2,"href":"https:\/\/tradichem.es\/fr\/wp-json\/wp\/v2\/pages\/3371\/revisions"}],"predecessor-version":[{"id":3389,"href":"https:\/\/tradichem.es\/fr\/wp-json\/wp\/v2\/pages\/3371\/revisions\/3389"}],"wp:featuredmedia":[{"embeddable":true,"href":"https:\/\/tradichem.es\/fr\/wp-json\/wp\/v2\/media\/3385"}],"wp:attachment":[{"href":"https:\/\/tradichem.es\/fr\/wp-json\/wp\/v2\/media?parent=3371"}],"curies":[{"name":"wp","href":"https:\/\/api.w.org\/{rel}","templated":true}]}}