{"id":4138,"date":"2024-06-28T12:39:00","date_gmt":"2024-06-28T10:39:00","guid":{"rendered":"https:\/\/tradichem.es\/?page_id=4138"},"modified":"2025-04-24T14:41:05","modified_gmt":"2025-04-24T12:41:05","slug":"rd-sites","status":"publish","type":"page","link":"https:\/\/tradichem.es\/fr\/rd-sites\/","title":{"rendered":"R&amp;D Sites"},"content":{"rendered":"\t\t<div data-elementor-type=\"wp-post\" data-elementor-id=\"4138\" class=\"elementor elementor-4138 elementor-4136\" data-elementor-post-type=\"page\">\n\t\t\t\t\t\t<section class=\"elementor-section elementor-top-section elementor-element elementor-element-ae9bbc0 elementor-section-boxed elementor-section-height-default elementor-section-height-default\" data-id=\"ae9bbc0\" data-element_type=\"section\" data-e-type=\"section\" data-settings=\"{&quot;background_background&quot;:&quot;classic&quot;}\">\n\t\t\t\t\t\t<div class=\"elementor-container elementor-column-gap-no\">\n\t\t\t\t\t<div class=\"elementor-column elementor-col-100 elementor-top-column elementor-element elementor-element-41d3fd7\" data-id=\"41d3fd7\" data-element_type=\"column\" data-e-type=\"column\" data-settings=\"{&quot;background_background&quot;:&quot;classic&quot;}\">\n\t\t\t<div class=\"elementor-widget-wrap elementor-element-populated\">\n\t\t\t\t\t\t<div class=\"elementor-element elementor-element-644e5b3 elementor-widget elementor-widget-text-editor\" data-id=\"644e5b3\" data-element_type=\"widget\" data-e-type=\"widget\" data-widget_type=\"text-editor.default\">\n\t\t\t\t<div class=\"elementor-widget-container\">\n\t\t\t\t\t\t\t\t\t<p>TRADICHEM est une entreprise internationale qui fabrique des ingr\u00e9dients pour les secteurs pharmaceutique et nutraceutique.&nbsp;<\/p><p>Nous disposons actuellement d&rsquo;un centre d&rsquo;innovation situ\u00e9 \u00e0 Madrid, o\u00f9 nous d\u00e9veloppons de nouveaux ingr\u00e9dients de haute qualit\u00e9 et efficaces qui favorisent la sant\u00e9 et offrent une protection efficace contre les maladies.<br><\/p>\t\t\t\t\t\t\t\t<\/div>\n\t\t\t\t<\/div>\n\t\t\t\t\t<\/div>\n\t\t<\/div>\n\t\t\t\t\t<\/div>\n\t\t<\/section>\n\t\t\t\t<section class=\"elementor-section elementor-top-section elementor-element elementor-element-ae14b0e elementor-section-height-min-height elementor-section-boxed elementor-section-height-default elementor-section-items-middle\" data-id=\"ae14b0e\" data-element_type=\"section\" data-e-type=\"section\" data-settings=\"{&quot;background_background&quot;:&quot;classic&quot;}\">\n\t\t\t\t\t\t<div class=\"elementor-container elementor-column-gap-no\">\n\t\t\t\t\t<div class=\"elementor-column elementor-col-50 elementor-top-column elementor-element elementor-element-d370c68\" data-id=\"d370c68\" data-element_type=\"column\" data-e-type=\"column\" data-settings=\"{&quot;background_background&quot;:&quot;classic&quot;}\">\n\t\t\t<div class=\"elementor-widget-wrap elementor-element-populated\">\n\t\t\t\t\t\t<div class=\"elementor-element elementor-element-fb2c730 elementor-invisible elementor-widget elementor-widget-heading\" data-id=\"fb2c730\" data-element_type=\"widget\" data-e-type=\"widget\" data-settings=\"{&quot;_animation&quot;:&quot;fadeIn&quot;}\" data-widget_type=\"heading.default\">\n\t\t\t\t<div class=\"elementor-widget-container\">\n\t\t\t\t\t<h4 class=\"elementor-heading-title elementor-size-default\">TRADICHEM R&amp;D CENTER MADRID<\/h4>\t\t\t\t<\/div>\n\t\t\t\t<\/div>\n\t\t\t\t<div class=\"elementor-element elementor-element-1f77566 elementor-widget elementor-widget-text-editor\" data-id=\"1f77566\" data-element_type=\"widget\" data-e-type=\"widget\" data-widget_type=\"text-editor.default\">\n\t\t\t\t<div class=\"elementor-widget-container\">\n\t\t\t\t\t\t\t\t\t<p>H\u00e9berg\u00e9 \u00e0 Madrid, d\u00e9veloppe de nouveaux ingr\u00e9dients avec les technologies les plus r\u00e9centes. Le travail des dix derni\u00e8res ann\u00e9es s\u2019est transform\u00e9 en :<\/p><ul><li>15 ingr\u00e9dients exclusifs d&rsquo;origine naturelle.<\/li><li>7 brevets mondiaux.<\/li><li>52 documents de recherche originaux.<\/li><\/ul>\t\t\t\t\t\t\t\t<\/div>\n\t\t\t\t<\/div>\n\t\t\t\t<div class=\"elementor-element elementor-element-3a3d63b elementor-widget elementor-widget-image\" data-id=\"3a3d63b\" data-element_type=\"widget\" data-e-type=\"widget\" data-widget_type=\"image.default\">\n\t\t\t\t<div class=\"elementor-widget-container\">\n\t\t\t\t\t\t\t\t\t\t\t\t\t\t\t<img fetchpriority=\"high\" decoding=\"async\" width=\"367\" height=\"307\" src=\"https:\/\/tradichem.es\/wp-content\/uploads\/2024\/06\/Logo-Tradichem-AI-V-Positivo.png\" class=\"attachment-full size-full wp-image-18107\" alt=\"\" srcset=\"https:\/\/tradichem.es\/wp-content\/uploads\/2024\/06\/Logo-Tradichem-AI-V-Positivo.png 367w, https:\/\/tradichem.es\/wp-content\/uploads\/2024\/06\/Logo-Tradichem-AI-V-Positivo-300x251.png 300w\" sizes=\"(max-width: 367px) 100vw, 367px\" \/>\t\t\t\t\t\t\t\t\t\t\t\t\t\t\t<\/div>\n\t\t\t\t<\/div>\n\t\t\t\t\t<\/div>\n\t\t<\/div>\n\t\t\t\t<div class=\"elementor-column elementor-col-50 elementor-top-column elementor-element elementor-element-079a564\" data-id=\"079a564\" data-element_type=\"column\" data-e-type=\"column\" data-settings=\"{&quot;background_background&quot;:&quot;classic&quot;}\">\n\t\t\t<div class=\"elementor-widget-wrap elementor-element-populated\">\n\t\t\t\t\t\t<div class=\"elementor-element elementor-element-4beeaee animated-slow elementor-invisible elementor-widget elementor-widget-image\" data-id=\"4beeaee\" data-element_type=\"widget\" data-e-type=\"widget\" data-settings=\"{&quot;_animation&quot;:&quot;fadeIn&quot;,&quot;_animation_delay&quot;:100}\" data-widget_type=\"image.default\">\n\t\t\t\t<div class=\"elementor-widget-container\">\n\t\t\t\t\t\t\t\t\t\t\t\t\t\t\t<img decoding=\"async\" width=\"550\" height=\"550\" src=\"https:\/\/tradichem.es\/wp-content\/uploads\/2024\/06\/rydcenter.jpg\" class=\"attachment-large size-large wp-image-18111\" alt=\"\" srcset=\"https:\/\/tradichem.es\/wp-content\/uploads\/2024\/06\/rydcenter.jpg 550w, https:\/\/tradichem.es\/wp-content\/uploads\/2024\/06\/rydcenter-300x300.jpg 300w, https:\/\/tradichem.es\/wp-content\/uploads\/2024\/06\/rydcenter-150x150.jpg 150w\" sizes=\"(max-width: 550px) 100vw, 550px\" \/>\t\t\t\t\t\t\t\t\t\t\t\t\t\t\t<\/div>\n\t\t\t\t<\/div>\n\t\t\t\t\t<\/div>\n\t\t<\/div>\n\t\t\t\t\t<\/div>\n\t\t<\/section>\n\t\t\t\t<\/div>\n\t\t","protected":false},"excerpt":{"rendered":"<p>TRADICHEM est une entreprise internationale qui fabrique des ingr\u00e9dients pour les secteurs pharmaceutique et nutraceutique.&nbsp; Nous disposons actuellement d&rsquo;un centre d&rsquo;innovation situ\u00e9 \u00e0 Madrid, o\u00f9 nous d\u00e9veloppons de nouveaux ingr\u00e9dients de haute qualit\u00e9 et efficaces qui favorisent la sant\u00e9 et offrent une protection efficace contre les maladies. TRADICHEM R&#038;D CENTER MADRID H\u00e9berg\u00e9 \u00e0 Madrid, d\u00e9veloppe &#8230; <a title=\"R&amp;D Sites\" class=\"read-more\" href=\"https:\/\/tradichem.es\/fr\/rd-sites\/\" aria-label=\"En savoir plus sur R&amp;D Sites\">Lire la suite<\/a><\/p>\n","protected":false},"author":1,"featured_media":3267,"parent":0,"menu_order":0,"comment_status":"closed","ping_status":"closed","template":"","meta":{"_acf_changed":false,"footnotes":""},"class_list":["post-4138","page","type-page","status-publish","has-post-thumbnail"],"acf":[],"yoast_head":"<!-- This site is optimized with the Yoast SEO plugin v27.3 - https:\/\/yoast.com\/product\/yoast-seo-wordpress\/ -->\n<title>R&amp;D Sites - Tradichem<\/title>\n<meta name=\"robots\" content=\"index, follow, max-snippet:-1, max-image-preview:large, max-video-preview:-1\" \/>\n<link rel=\"canonical\" href=\"https:\/\/tradichem.es\/fr\/rd-sites\/\" \/>\n<meta property=\"og:locale\" content=\"fr_FR\" \/>\n<meta property=\"og:type\" content=\"article\" \/>\n<meta property=\"og:title\" content=\"R&amp;D Sites - Tradichem\" \/>\n<meta property=\"og:description\" content=\"TRADICHEM est une entreprise internationale qui fabrique des ingr\u00e9dients pour les secteurs pharmaceutique et nutraceutique.&nbsp; Nous disposons actuellement d&rsquo;un centre d&rsquo;innovation situ\u00e9 \u00e0 Madrid, o\u00f9 nous d\u00e9veloppons de nouveaux ingr\u00e9dients de haute qualit\u00e9 et efficaces qui favorisent la sant\u00e9 et offrent une protection efficace contre les maladies. TRADICHEM R&#038;D CENTER MADRID H\u00e9berg\u00e9 \u00e0 Madrid, d\u00e9veloppe ... Lire la suite\" \/>\n<meta property=\"og:url\" content=\"https:\/\/tradichem.es\/fr\/rd-sites\/\" \/>\n<meta property=\"og:site_name\" content=\"Tradichem\" \/>\n<meta property=\"article:modified_time\" content=\"2025-04-24T12:41:05+00:00\" \/>\n<meta property=\"og:image\" content=\"https:\/\/tradichem.es\/wp-content\/uploads\/2019\/05\/hgroup.jpg\" \/>\n\t<meta property=\"og:image:width\" content=\"2000\" \/>\n\t<meta property=\"og:image:height\" content=\"400\" \/>\n\t<meta property=\"og:image:type\" content=\"image\/jpeg\" \/>\n<meta name=\"twitter:card\" content=\"summary_large_image\" \/>\n<meta name=\"twitter:label1\" content=\"Dur\u00e9e de lecture estim\u00e9e\" \/>\n\t<meta name=\"twitter:data1\" content=\"1 minute\" \/>\n<script type=\"application\/ld+json\" class=\"yoast-schema-graph\">{\"@context\":\"https:\\\/\\\/schema.org\",\"@graph\":[{\"@type\":\"WebPage\",\"@id\":\"https:\\\/\\\/tradichem.es\\\/fr\\\/rd-sites\\\/\",\"url\":\"https:\\\/\\\/tradichem.es\\\/fr\\\/rd-sites\\\/\",\"name\":\"R&amp;D Sites - Tradichem\",\"isPartOf\":{\"@id\":\"https:\\\/\\\/tradichem.es\\\/fr\\\/#website\"},\"primaryImageOfPage\":{\"@id\":\"https:\\\/\\\/tradichem.es\\\/fr\\\/rd-sites\\\/#primaryimage\"},\"image\":{\"@id\":\"https:\\\/\\\/tradichem.es\\\/fr\\\/rd-sites\\\/#primaryimage\"},\"thumbnailUrl\":\"https:\\\/\\\/tradichem.es\\\/wp-content\\\/uploads\\\/2019\\\/05\\\/hgroup.jpg\",\"datePublished\":\"2024-06-28T10:39:00+00:00\",\"dateModified\":\"2025-04-24T12:41:05+00:00\",\"breadcrumb\":{\"@id\":\"https:\\\/\\\/tradichem.es\\\/fr\\\/rd-sites\\\/#breadcrumb\"},\"inLanguage\":\"fr-FR\",\"potentialAction\":[{\"@type\":\"ReadAction\",\"target\":[\"https:\\\/\\\/tradichem.es\\\/fr\\\/rd-sites\\\/\"]}]},{\"@type\":\"ImageObject\",\"inLanguage\":\"fr-FR\",\"@id\":\"https:\\\/\\\/tradichem.es\\\/fr\\\/rd-sites\\\/#primaryimage\",\"url\":\"https:\\\/\\\/tradichem.es\\\/wp-content\\\/uploads\\\/2019\\\/05\\\/hgroup.jpg\",\"contentUrl\":\"https:\\\/\\\/tradichem.es\\\/wp-content\\\/uploads\\\/2019\\\/05\\\/hgroup.jpg\",\"width\":2000,\"height\":400},{\"@type\":\"BreadcrumbList\",\"@id\":\"https:\\\/\\\/tradichem.es\\\/fr\\\/rd-sites\\\/#breadcrumb\",\"itemListElement\":[{\"@type\":\"ListItem\",\"position\":1,\"name\":\"Portada\",\"item\":\"https:\\\/\\\/tradichem.es\\\/fr\\\/\"},{\"@type\":\"ListItem\",\"position\":2,\"name\":\"R&amp;D Sites\"}]},{\"@type\":\"WebSite\",\"@id\":\"https:\\\/\\\/tradichem.es\\\/fr\\\/#website\",\"url\":\"https:\\\/\\\/tradichem.es\\\/fr\\\/\",\"name\":\"Tradichem\",\"description\":\"Leader in the marketing and development of nutraceuticals and APIs\",\"publisher\":{\"@id\":\"https:\\\/\\\/tradichem.es\\\/fr\\\/#organization\"},\"potentialAction\":[{\"@type\":\"SearchAction\",\"target\":{\"@type\":\"EntryPoint\",\"urlTemplate\":\"https:\\\/\\\/tradichem.es\\\/fr\\\/?s={search_term_string}\"},\"query-input\":{\"@type\":\"PropertyValueSpecification\",\"valueRequired\":true,\"valueName\":\"search_term_string\"}}],\"inLanguage\":\"fr-FR\"},{\"@type\":\"Organization\",\"@id\":\"https:\\\/\\\/tradichem.es\\\/fr\\\/#organization\",\"name\":\"Tradichem\",\"url\":\"https:\\\/\\\/tradichem.es\\\/fr\\\/\",\"logo\":{\"@type\":\"ImageObject\",\"inLanguage\":\"fr-FR\",\"@id\":\"https:\\\/\\\/tradichem.es\\\/fr\\\/#\\\/schema\\\/logo\\\/image\\\/\",\"url\":\"https:\\\/\\\/tradichem.es\\\/wp-content\\\/uploads\\\/2021\\\/10\\\/logotra200.png\",\"contentUrl\":\"https:\\\/\\\/tradichem.es\\\/wp-content\\\/uploads\\\/2021\\\/10\\\/logotra200.png\",\"width\":200,\"height\":200,\"caption\":\"Tradichem\"},\"image\":{\"@id\":\"https:\\\/\\\/tradichem.es\\\/fr\\\/#\\\/schema\\\/logo\\\/image\\\/\"}}]}<\/script>\n<!-- \/ Yoast SEO plugin. -->","yoast_head_json":{"title":"R&amp;D Sites - Tradichem","robots":{"index":"index","follow":"follow","max-snippet":"max-snippet:-1","max-image-preview":"max-image-preview:large","max-video-preview":"max-video-preview:-1"},"canonical":"https:\/\/tradichem.es\/fr\/rd-sites\/","og_locale":"fr_FR","og_type":"article","og_title":"R&amp;D Sites - Tradichem","og_description":"TRADICHEM est une entreprise internationale qui fabrique des ingr\u00e9dients pour les secteurs pharmaceutique et nutraceutique.&nbsp; Nous disposons actuellement d&rsquo;un centre d&rsquo;innovation situ\u00e9 \u00e0 Madrid, o\u00f9 nous d\u00e9veloppons de nouveaux ingr\u00e9dients de haute qualit\u00e9 et efficaces qui favorisent la sant\u00e9 et offrent une protection efficace contre les maladies. TRADICHEM R&#038;D CENTER MADRID H\u00e9berg\u00e9 \u00e0 Madrid, d\u00e9veloppe ... Lire la suite","og_url":"https:\/\/tradichem.es\/fr\/rd-sites\/","og_site_name":"Tradichem","article_modified_time":"2025-04-24T12:41:05+00:00","og_image":[{"width":2000,"height":400,"url":"https:\/\/tradichem.es\/wp-content\/uploads\/2019\/05\/hgroup.jpg","type":"image\/jpeg"}],"twitter_card":"summary_large_image","twitter_misc":{"Dur\u00e9e de lecture estim\u00e9e":"1 minute"},"schema":{"@context":"https:\/\/schema.org","@graph":[{"@type":"WebPage","@id":"https:\/\/tradichem.es\/fr\/rd-sites\/","url":"https:\/\/tradichem.es\/fr\/rd-sites\/","name":"R&amp;D Sites - Tradichem","isPartOf":{"@id":"https:\/\/tradichem.es\/fr\/#website"},"primaryImageOfPage":{"@id":"https:\/\/tradichem.es\/fr\/rd-sites\/#primaryimage"},"image":{"@id":"https:\/\/tradichem.es\/fr\/rd-sites\/#primaryimage"},"thumbnailUrl":"https:\/\/tradichem.es\/wp-content\/uploads\/2019\/05\/hgroup.jpg","datePublished":"2024-06-28T10:39:00+00:00","dateModified":"2025-04-24T12:41:05+00:00","breadcrumb":{"@id":"https:\/\/tradichem.es\/fr\/rd-sites\/#breadcrumb"},"inLanguage":"fr-FR","potentialAction":[{"@type":"ReadAction","target":["https:\/\/tradichem.es\/fr\/rd-sites\/"]}]},{"@type":"ImageObject","inLanguage":"fr-FR","@id":"https:\/\/tradichem.es\/fr\/rd-sites\/#primaryimage","url":"https:\/\/tradichem.es\/wp-content\/uploads\/2019\/05\/hgroup.jpg","contentUrl":"https:\/\/tradichem.es\/wp-content\/uploads\/2019\/05\/hgroup.jpg","width":2000,"height":400},{"@type":"BreadcrumbList","@id":"https:\/\/tradichem.es\/fr\/rd-sites\/#breadcrumb","itemListElement":[{"@type":"ListItem","position":1,"name":"Portada","item":"https:\/\/tradichem.es\/fr\/"},{"@type":"ListItem","position":2,"name":"R&amp;D Sites"}]},{"@type":"WebSite","@id":"https:\/\/tradichem.es\/fr\/#website","url":"https:\/\/tradichem.es\/fr\/","name":"Tradichem","description":"Leader in the marketing and development of nutraceuticals and APIs","publisher":{"@id":"https:\/\/tradichem.es\/fr\/#organization"},"potentialAction":[{"@type":"SearchAction","target":{"@type":"EntryPoint","urlTemplate":"https:\/\/tradichem.es\/fr\/?s={search_term_string}"},"query-input":{"@type":"PropertyValueSpecification","valueRequired":true,"valueName":"search_term_string"}}],"inLanguage":"fr-FR"},{"@type":"Organization","@id":"https:\/\/tradichem.es\/fr\/#organization","name":"Tradichem","url":"https:\/\/tradichem.es\/fr\/","logo":{"@type":"ImageObject","inLanguage":"fr-FR","@id":"https:\/\/tradichem.es\/fr\/#\/schema\/logo\/image\/","url":"https:\/\/tradichem.es\/wp-content\/uploads\/2021\/10\/logotra200.png","contentUrl":"https:\/\/tradichem.es\/wp-content\/uploads\/2021\/10\/logotra200.png","width":200,"height":200,"caption":"Tradichem"},"image":{"@id":"https:\/\/tradichem.es\/fr\/#\/schema\/logo\/image\/"}}]}},"_links":{"self":[{"href":"https:\/\/tradichem.es\/fr\/wp-json\/wp\/v2\/pages\/4138","targetHints":{"allow":["GET"]}}],"collection":[{"href":"https:\/\/tradichem.es\/fr\/wp-json\/wp\/v2\/pages"}],"about":[{"href":"https:\/\/tradichem.es\/fr\/wp-json\/wp\/v2\/types\/page"}],"author":[{"embeddable":true,"href":"https:\/\/tradichem.es\/fr\/wp-json\/wp\/v2\/users\/1"}],"replies":[{"embeddable":true,"href":"https:\/\/tradichem.es\/fr\/wp-json\/wp\/v2\/comments?post=4138"}],"version-history":[{"count":16,"href":"https:\/\/tradichem.es\/fr\/wp-json\/wp\/v2\/pages\/4138\/revisions"}],"predecessor-version":[{"id":18548,"href":"https:\/\/tradichem.es\/fr\/wp-json\/wp\/v2\/pages\/4138\/revisions\/18548"}],"wp:featuredmedia":[{"embeddable":true,"href":"https:\/\/tradichem.es\/fr\/wp-json\/wp\/v2\/media\/3267"}],"wp:attachment":[{"href":"https:\/\/tradichem.es\/fr\/wp-json\/wp\/v2\/media?parent=4138"}],"curies":[{"name":"wp","href":"https:\/\/api.w.org\/{rel}","templated":true}]}}