{"id":4595,"date":"2025-04-24T13:04:30","date_gmt":"2025-04-24T11:04:30","guid":{"rendered":"https:\/\/tradichem.es\/?page_id=4595"},"modified":"2025-04-28T09:59:58","modified_gmt":"2025-04-28T07:59:58","slug":"systeme-immunitaire","status":"publish","type":"page","link":"https:\/\/tradichem.es\/fr\/systeme-immunitaire\/","title":{"rendered":"Syst\u00e8me immunitaire"},"content":{"rendered":"\t\t<div data-elementor-type=\"wp-post\" data-elementor-id=\"4595\" class=\"elementor elementor-4595 elementor-4593\" data-elementor-post-type=\"page\">\n\t\t\t\t\t\t<section class=\"elementor-section elementor-top-section elementor-element elementor-element-3f3c79d elementor-section-height-min-height elementor-section-boxed elementor-section-height-default elementor-section-items-middle\" data-id=\"3f3c79d\" data-element_type=\"section\" data-e-type=\"section\" data-settings=\"{&quot;background_background&quot;:&quot;classic&quot;}\">\n\t\t\t\t\t\t<div class=\"elementor-container elementor-column-gap-default\">\n\t\t\t\t\t<div class=\"elementor-column elementor-col-50 elementor-top-column elementor-element elementor-element-52238d1\" data-id=\"52238d1\" data-element_type=\"column\" data-e-type=\"column\" data-settings=\"{&quot;background_background&quot;:&quot;classic&quot;}\">\n\t\t\t<div class=\"elementor-widget-wrap elementor-element-populated\">\n\t\t\t\t\t\t<div class=\"elementor-element elementor-element-8a550dc elementor-widget elementor-widget-menu-anchor\" data-id=\"8a550dc\" data-element_type=\"widget\" data-e-type=\"widget\" data-widget_type=\"menu-anchor.default\">\n\t\t\t\t<div class=\"elementor-widget-container\">\n\t\t\t\t\t\t\t<div class=\"elementor-menu-anchor\" id=\"omallergy\"><\/div>\n\t\t\t\t\t\t<\/div>\n\t\t\t\t<\/div>\n\t\t\t\t<div class=\"elementor-element elementor-element-38d4bdc elementor-invisible elementor-widget elementor-widget-image\" data-id=\"38d4bdc\" data-element_type=\"widget\" data-e-type=\"widget\" data-settings=\"{&quot;_animation&quot;:&quot;fadeIn&quot;}\" data-widget_type=\"image.default\">\n\t\t\t\t<div class=\"elementor-widget-container\">\n\t\t\t\t\t\t\t\t\t\t\t\t\t\t\t\t<a href=\"#\">\n\t\t\t\t\t\t\t<img fetchpriority=\"high\" decoding=\"async\" width=\"300\" height=\"300\" src=\"https:\/\/tradichem.es\/wp-content\/uploads\/2025\/04\/ICONO1-300x300.png\" class=\"attachment-medium size-medium wp-image-18455\" alt=\"\" srcset=\"https:\/\/tradichem.es\/wp-content\/uploads\/2025\/04\/ICONO1-300x300.png 300w, https:\/\/tradichem.es\/wp-content\/uploads\/2025\/04\/ICONO1-150x150.png 150w, https:\/\/tradichem.es\/wp-content\/uploads\/2025\/04\/ICONO1.png 464w\" sizes=\"(max-width: 300px) 100vw, 300px\" \/>\t\t\t\t\t\t\t\t<\/a>\n\t\t\t\t\t\t\t\t\t\t\t\t\t\t\t<\/div>\n\t\t\t\t<\/div>\n\t\t\t\t<div class=\"elementor-element elementor-element-a332b02 elementor-widget elementor-widget-image\" data-id=\"a332b02\" data-element_type=\"widget\" data-e-type=\"widget\" data-widget_type=\"image.default\">\n\t\t\t\t<div class=\"elementor-widget-container\">\n\t\t\t\t\t\t\t\t\t\t\t\t\t\t\t<img decoding=\"async\" width=\"1024\" height=\"220\" src=\"https:\/\/tradichem.es\/wp-content\/uploads\/2025\/04\/omallergy-1-1024x220.png\" class=\"attachment-large size-large wp-image-18459\" alt=\"\" srcset=\"https:\/\/tradichem.es\/wp-content\/uploads\/2025\/04\/omallergy-1-1024x220.png 1024w, https:\/\/tradichem.es\/wp-content\/uploads\/2025\/04\/omallergy-1-300x64.png 300w, https:\/\/tradichem.es\/wp-content\/uploads\/2025\/04\/omallergy-1-768x165.png 768w, https:\/\/tradichem.es\/wp-content\/uploads\/2025\/04\/omallergy-1.png 1028w\" sizes=\"(max-width: 1024px) 100vw, 1024px\" \/>\t\t\t\t\t\t\t\t\t\t\t\t\t\t\t<\/div>\n\t\t\t\t<\/div>\n\t\t\t\t<div class=\"elementor-element elementor-element-8d14502 elementor-widget-divider--view-line elementor-widget elementor-widget-divider\" data-id=\"8d14502\" data-element_type=\"widget\" data-e-type=\"widget\" data-widget_type=\"divider.default\">\n\t\t\t\t<div class=\"elementor-widget-container\">\n\t\t\t\t\t\t\t<div class=\"elementor-divider\">\n\t\t\t<span class=\"elementor-divider-separator\">\n\t\t\t\t\t\t<\/span>\n\t\t<\/div>\n\t\t\t\t\t\t<\/div>\n\t\t\t\t<\/div>\n\t\t\t\t<div class=\"elementor-element elementor-element-df0bfbe elementor-widget elementor-widget-heading\" data-id=\"df0bfbe\" data-element_type=\"widget\" data-e-type=\"widget\" data-widget_type=\"heading.default\">\n\t\t\t\t<div class=\"elementor-widget-container\">\n\t\t\t\t\t<h2 class=\"elementor-heading-title elementor-size-default\">Omallergy est une huile extraite de saumon norv\u00e9gien, contenant un lipopeptide unique aux propri\u00e9t\u00e9s anti-allergiques prouv\u00e9es.\u200b<\/h2>\t\t\t\t<\/div>\n\t\t\t\t<\/div>\n\t\t\t\t<div class=\"elementor-element elementor-element-04351ca elementor-widget elementor-widget-text-editor\" data-id=\"04351ca\" data-element_type=\"widget\" data-e-type=\"widget\" data-widget_type=\"text-editor.default\">\n\t\t\t\t<div class=\"elementor-widget-container\">\n\t\t\t\t\t\t\t\t\t<ul class=\"ul1\"><li class=\"li2\"><p><strong>Lipopeptide unique et brevet\u00e9 aux effets anti-allergiques<\/strong>: Omallergy\u00ae r\u00e9duit la fonction effectrice des \u00e9osinophiles, att\u00e9nuant les effets du pollen, de la pollution et des poils d\u2019animaux.\u200b<\/p><\/li><li class=\"li2\"><p><strong>Efficacit\u00e9<\/strong> : Les acides gras non-EPA et non-DHA sont responsables d\u2019une r\u00e9duction &gt;50 % des \u00e9osinophiles, r\u00e9duisant les sympt\u00f4mes allergiques et soutenant la sant\u00e9 respiratoire.\u200b<\/p><\/li><li class=\"li2\"><p><strong>Appuy\u00e9 par la science<\/strong>: Des \u00e9tudes avec Omallergy\u00ae ont prouv\u00e9 sa capacit\u00e9 \u00e0 contr\u00f4ler l\u2019inflammation et la remodelation des voies respiratoires, \u00e9l\u00e9ments cl\u00e9s dans la pathogen\u00e8se de l\u2019asthme allergique.\u200b<\/p><\/li><li class=\"li2\"><p><strong>Posologie<\/strong> : 1g de g\u00e9lule molle par jour. G\u00e9lule molle de 500mg, deux fois par jour.<\/p><\/li><\/ul>\t\t\t\t\t\t\t\t<\/div>\n\t\t\t\t<\/div>\n\t\t\t\t<div class=\"elementor-element elementor-element-2d025bc elementor-widget elementor-widget-button\" data-id=\"2d025bc\" data-element_type=\"widget\" data-e-type=\"widget\" data-widget_type=\"button.default\">\n\t\t\t\t<div class=\"elementor-widget-container\">\n\t\t\t\t\t\t\t\t\t<div class=\"elementor-button-wrapper\">\n\t\t\t\t\t<a class=\"elementor-button elementor-button-link elementor-size-sm\" href=\"#elementor-action%3Aaction%3Dpopup%3Aopen%26settings%3DeyJpZCI6MTg1ODMsInRvZ2dsZSI6ZmFsc2V9\">\n\t\t\t\t\t\t<span class=\"elementor-button-content-wrapper\">\n\t\t\t\t\t\t<span class=\"elementor-button-icon\">\n\t\t\t\t<i aria-hidden=\"true\" class=\"far fa-file-pdf\"><\/i>\t\t\t<\/span>\n\t\t\t\t\t\t\t\t\t<span class=\"elementor-button-text\">T\u00e9l\u00e9charger le pdf<\/span>\n\t\t\t\t\t<\/span>\n\t\t\t\t\t<\/a>\n\t\t\t\t<\/div>\n\t\t\t\t\t\t\t\t<\/div>\n\t\t\t\t<\/div>\n\t\t\t\t\t<\/div>\n\t\t<\/div>\n\t\t\t\t<div class=\"elementor-column elementor-col-50 elementor-top-column elementor-element elementor-element-32be4fd\" data-id=\"32be4fd\" data-element_type=\"column\" data-e-type=\"column\" data-settings=\"{&quot;background_background&quot;:&quot;classic&quot;}\">\n\t\t\t<div class=\"elementor-widget-wrap elementor-element-populated\">\n\t\t\t\t\t\t<div class=\"elementor-element elementor-element-b724170 animated-slow elementor-invisible elementor-widget elementor-widget-image\" data-id=\"b724170\" data-element_type=\"widget\" data-e-type=\"widget\" data-settings=\"{&quot;_animation&quot;:&quot;fadeIn&quot;,&quot;_animation_delay&quot;:100}\" data-widget_type=\"image.default\">\n\t\t\t\t<div class=\"elementor-widget-container\">\n\t\t\t\t\t\t\t\t\t\t\t\t\t\t\t<img decoding=\"async\" width=\"523\" height=\"750\" src=\"https:\/\/tradichem.es\/wp-content\/uploads\/2025\/04\/omallergy2-1.jpg\" class=\"attachment-full size-full wp-image-18463\" alt=\"\" srcset=\"https:\/\/tradichem.es\/wp-content\/uploads\/2025\/04\/omallergy2-1.jpg 523w, https:\/\/tradichem.es\/wp-content\/uploads\/2025\/04\/omallergy2-1-209x300.jpg 209w\" sizes=\"(max-width: 523px) 100vw, 523px\" \/>\t\t\t\t\t\t\t\t\t\t\t\t\t\t\t<\/div>\n\t\t\t\t<\/div>\n\t\t\t\t\t<\/div>\n\t\t<\/div>\n\t\t\t\t\t<\/div>\n\t\t<\/section>\n\t\t\t\t<\/div>\n\t\t","protected":false},"excerpt":{"rendered":"<p>Omallergy est une huile extraite de saumon norv\u00e9gien, contenant un lipopeptide unique aux propri\u00e9t\u00e9s anti-allergiques prouv\u00e9es.\u200b Lipopeptide unique et brevet\u00e9 aux effets anti-allergiques: Omallergy\u00ae r\u00e9duit la fonction effectrice des \u00e9osinophiles, att\u00e9nuant les effets du pollen, de la pollution et des poils d\u2019animaux.\u200b Efficacit\u00e9 : Les acides gras non-EPA et non-DHA sont responsables d\u2019une r\u00e9duction &gt;50 &#8230; <a title=\"Syst\u00e8me immunitaire\" class=\"read-more\" href=\"https:\/\/tradichem.es\/fr\/systeme-immunitaire\/\" aria-label=\"En savoir plus sur Syst\u00e8me immunitaire\">Lire la suite<\/a><\/p>\n","protected":false},"author":1,"featured_media":8431,"parent":0,"menu_order":0,"comment_status":"closed","ping_status":"closed","template":"","meta":{"_acf_changed":false,"footnotes":""},"class_list":["post-4595","page","type-page","status-publish","has-post-thumbnail"],"acf":[],"yoast_head":"<!-- This site is optimized with the Yoast SEO plugin v27.3 - https:\/\/yoast.com\/product\/yoast-seo-wordpress\/ -->\n<title>Syst\u00e8me immunitaire - Tradichem<\/title>\n<meta name=\"robots\" content=\"index, follow, max-snippet:-1, max-image-preview:large, max-video-preview:-1\" \/>\n<link rel=\"canonical\" href=\"https:\/\/tradichem.es\/fr\/systeme-immunitaire\/\" \/>\n<meta property=\"og:locale\" content=\"fr_FR\" \/>\n<meta property=\"og:type\" content=\"article\" \/>\n<meta property=\"og:title\" content=\"Syst\u00e8me immunitaire - Tradichem\" \/>\n<meta property=\"og:description\" content=\"Omallergy est une huile extraite de saumon norv\u00e9gien, contenant un lipopeptide unique aux propri\u00e9t\u00e9s anti-allergiques prouv\u00e9es.\u200b Lipopeptide unique et brevet\u00e9 aux effets anti-allergiques: Omallergy\u00ae r\u00e9duit la fonction effectrice des \u00e9osinophiles, att\u00e9nuant les effets du pollen, de la pollution et des poils d\u2019animaux.\u200b Efficacit\u00e9 : Les acides gras non-EPA et non-DHA sont responsables d\u2019une r\u00e9duction &gt;50 ... Lire la suite\" \/>\n<meta property=\"og:url\" content=\"https:\/\/tradichem.es\/fr\/systeme-immunitaire\/\" \/>\n<meta property=\"og:site_name\" content=\"Tradichem\" \/>\n<meta property=\"article:modified_time\" content=\"2025-04-28T07:59:58+00:00\" \/>\n<meta property=\"og:image\" content=\"https:\/\/tradichem.es\/wp-content\/uploads\/2022\/01\/fotopost2.jpg\" \/>\n\t<meta property=\"og:image:width\" content=\"800\" \/>\n\t<meta property=\"og:image:height\" content=\"380\" \/>\n\t<meta property=\"og:image:type\" content=\"image\/jpeg\" \/>\n<meta name=\"twitter:card\" content=\"summary_large_image\" \/>\n<meta name=\"twitter:label1\" content=\"Dur\u00e9e de lecture estim\u00e9e\" \/>\n\t<meta name=\"twitter:data1\" content=\"2 minutes\" \/>\n<script type=\"application\/ld+json\" class=\"yoast-schema-graph\">{\"@context\":\"https:\\\/\\\/schema.org\",\"@graph\":[{\"@type\":\"WebPage\",\"@id\":\"https:\\\/\\\/tradichem.es\\\/fr\\\/systeme-immunitaire\\\/\",\"url\":\"https:\\\/\\\/tradichem.es\\\/fr\\\/systeme-immunitaire\\\/\",\"name\":\"Syst\u00e8me immunitaire - Tradichem\",\"isPartOf\":{\"@id\":\"https:\\\/\\\/tradichem.es\\\/fr\\\/#website\"},\"primaryImageOfPage\":{\"@id\":\"https:\\\/\\\/tradichem.es\\\/fr\\\/systeme-immunitaire\\\/#primaryimage\"},\"image\":{\"@id\":\"https:\\\/\\\/tradichem.es\\\/fr\\\/systeme-immunitaire\\\/#primaryimage\"},\"thumbnailUrl\":\"https:\\\/\\\/tradichem.es\\\/wp-content\\\/uploads\\\/2022\\\/01\\\/fotopost2.jpg\",\"datePublished\":\"2025-04-24T11:04:30+00:00\",\"dateModified\":\"2025-04-28T07:59:58+00:00\",\"breadcrumb\":{\"@id\":\"https:\\\/\\\/tradichem.es\\\/fr\\\/systeme-immunitaire\\\/#breadcrumb\"},\"inLanguage\":\"fr-FR\",\"potentialAction\":[{\"@type\":\"ReadAction\",\"target\":[\"https:\\\/\\\/tradichem.es\\\/fr\\\/systeme-immunitaire\\\/\"]}]},{\"@type\":\"ImageObject\",\"inLanguage\":\"fr-FR\",\"@id\":\"https:\\\/\\\/tradichem.es\\\/fr\\\/systeme-immunitaire\\\/#primaryimage\",\"url\":\"https:\\\/\\\/tradichem.es\\\/wp-content\\\/uploads\\\/2022\\\/01\\\/fotopost2.jpg\",\"contentUrl\":\"https:\\\/\\\/tradichem.es\\\/wp-content\\\/uploads\\\/2022\\\/01\\\/fotopost2.jpg\",\"width\":800,\"height\":380},{\"@type\":\"BreadcrumbList\",\"@id\":\"https:\\\/\\\/tradichem.es\\\/fr\\\/systeme-immunitaire\\\/#breadcrumb\",\"itemListElement\":[{\"@type\":\"ListItem\",\"position\":1,\"name\":\"Portada\",\"item\":\"https:\\\/\\\/tradichem.es\\\/fr\\\/\"},{\"@type\":\"ListItem\",\"position\":2,\"name\":\"Syst\u00e8me immunitaire\"}]},{\"@type\":\"WebSite\",\"@id\":\"https:\\\/\\\/tradichem.es\\\/fr\\\/#website\",\"url\":\"https:\\\/\\\/tradichem.es\\\/fr\\\/\",\"name\":\"Tradichem\",\"description\":\"Leader in the marketing and development of nutraceuticals and APIs\",\"publisher\":{\"@id\":\"https:\\\/\\\/tradichem.es\\\/fr\\\/#organization\"},\"potentialAction\":[{\"@type\":\"SearchAction\",\"target\":{\"@type\":\"EntryPoint\",\"urlTemplate\":\"https:\\\/\\\/tradichem.es\\\/fr\\\/?s={search_term_string}\"},\"query-input\":{\"@type\":\"PropertyValueSpecification\",\"valueRequired\":true,\"valueName\":\"search_term_string\"}}],\"inLanguage\":\"fr-FR\"},{\"@type\":\"Organization\",\"@id\":\"https:\\\/\\\/tradichem.es\\\/fr\\\/#organization\",\"name\":\"Tradichem\",\"url\":\"https:\\\/\\\/tradichem.es\\\/fr\\\/\",\"logo\":{\"@type\":\"ImageObject\",\"inLanguage\":\"fr-FR\",\"@id\":\"https:\\\/\\\/tradichem.es\\\/fr\\\/#\\\/schema\\\/logo\\\/image\\\/\",\"url\":\"https:\\\/\\\/tradichem.es\\\/wp-content\\\/uploads\\\/2021\\\/10\\\/logotra200.png\",\"contentUrl\":\"https:\\\/\\\/tradichem.es\\\/wp-content\\\/uploads\\\/2021\\\/10\\\/logotra200.png\",\"width\":200,\"height\":200,\"caption\":\"Tradichem\"},\"image\":{\"@id\":\"https:\\\/\\\/tradichem.es\\\/fr\\\/#\\\/schema\\\/logo\\\/image\\\/\"}}]}<\/script>\n<!-- \/ Yoast SEO plugin. -->","yoast_head_json":{"title":"Syst\u00e8me immunitaire - Tradichem","robots":{"index":"index","follow":"follow","max-snippet":"max-snippet:-1","max-image-preview":"max-image-preview:large","max-video-preview":"max-video-preview:-1"},"canonical":"https:\/\/tradichem.es\/fr\/systeme-immunitaire\/","og_locale":"fr_FR","og_type":"article","og_title":"Syst\u00e8me immunitaire - Tradichem","og_description":"Omallergy est une huile extraite de saumon norv\u00e9gien, contenant un lipopeptide unique aux propri\u00e9t\u00e9s anti-allergiques prouv\u00e9es.\u200b Lipopeptide unique et brevet\u00e9 aux effets anti-allergiques: Omallergy\u00ae r\u00e9duit la fonction effectrice des \u00e9osinophiles, att\u00e9nuant les effets du pollen, de la pollution et des poils d\u2019animaux.\u200b Efficacit\u00e9 : Les acides gras non-EPA et non-DHA sont responsables d\u2019une r\u00e9duction &gt;50 ... Lire la suite","og_url":"https:\/\/tradichem.es\/fr\/systeme-immunitaire\/","og_site_name":"Tradichem","article_modified_time":"2025-04-28T07:59:58+00:00","og_image":[{"width":800,"height":380,"url":"https:\/\/tradichem.es\/wp-content\/uploads\/2022\/01\/fotopost2.jpg","type":"image\/jpeg"}],"twitter_card":"summary_large_image","twitter_misc":{"Dur\u00e9e de lecture estim\u00e9e":"2 minutes"},"schema":{"@context":"https:\/\/schema.org","@graph":[{"@type":"WebPage","@id":"https:\/\/tradichem.es\/fr\/systeme-immunitaire\/","url":"https:\/\/tradichem.es\/fr\/systeme-immunitaire\/","name":"Syst\u00e8me immunitaire - Tradichem","isPartOf":{"@id":"https:\/\/tradichem.es\/fr\/#website"},"primaryImageOfPage":{"@id":"https:\/\/tradichem.es\/fr\/systeme-immunitaire\/#primaryimage"},"image":{"@id":"https:\/\/tradichem.es\/fr\/systeme-immunitaire\/#primaryimage"},"thumbnailUrl":"https:\/\/tradichem.es\/wp-content\/uploads\/2022\/01\/fotopost2.jpg","datePublished":"2025-04-24T11:04:30+00:00","dateModified":"2025-04-28T07:59:58+00:00","breadcrumb":{"@id":"https:\/\/tradichem.es\/fr\/systeme-immunitaire\/#breadcrumb"},"inLanguage":"fr-FR","potentialAction":[{"@type":"ReadAction","target":["https:\/\/tradichem.es\/fr\/systeme-immunitaire\/"]}]},{"@type":"ImageObject","inLanguage":"fr-FR","@id":"https:\/\/tradichem.es\/fr\/systeme-immunitaire\/#primaryimage","url":"https:\/\/tradichem.es\/wp-content\/uploads\/2022\/01\/fotopost2.jpg","contentUrl":"https:\/\/tradichem.es\/wp-content\/uploads\/2022\/01\/fotopost2.jpg","width":800,"height":380},{"@type":"BreadcrumbList","@id":"https:\/\/tradichem.es\/fr\/systeme-immunitaire\/#breadcrumb","itemListElement":[{"@type":"ListItem","position":1,"name":"Portada","item":"https:\/\/tradichem.es\/fr\/"},{"@type":"ListItem","position":2,"name":"Syst\u00e8me immunitaire"}]},{"@type":"WebSite","@id":"https:\/\/tradichem.es\/fr\/#website","url":"https:\/\/tradichem.es\/fr\/","name":"Tradichem","description":"Leader in the marketing and development of nutraceuticals and APIs","publisher":{"@id":"https:\/\/tradichem.es\/fr\/#organization"},"potentialAction":[{"@type":"SearchAction","target":{"@type":"EntryPoint","urlTemplate":"https:\/\/tradichem.es\/fr\/?s={search_term_string}"},"query-input":{"@type":"PropertyValueSpecification","valueRequired":true,"valueName":"search_term_string"}}],"inLanguage":"fr-FR"},{"@type":"Organization","@id":"https:\/\/tradichem.es\/fr\/#organization","name":"Tradichem","url":"https:\/\/tradichem.es\/fr\/","logo":{"@type":"ImageObject","inLanguage":"fr-FR","@id":"https:\/\/tradichem.es\/fr\/#\/schema\/logo\/image\/","url":"https:\/\/tradichem.es\/wp-content\/uploads\/2021\/10\/logotra200.png","contentUrl":"https:\/\/tradichem.es\/wp-content\/uploads\/2021\/10\/logotra200.png","width":200,"height":200,"caption":"Tradichem"},"image":{"@id":"https:\/\/tradichem.es\/fr\/#\/schema\/logo\/image\/"}}]}},"_links":{"self":[{"href":"https:\/\/tradichem.es\/fr\/wp-json\/wp\/v2\/pages\/4595","targetHints":{"allow":["GET"]}}],"collection":[{"href":"https:\/\/tradichem.es\/fr\/wp-json\/wp\/v2\/pages"}],"about":[{"href":"https:\/\/tradichem.es\/fr\/wp-json\/wp\/v2\/types\/page"}],"author":[{"embeddable":true,"href":"https:\/\/tradichem.es\/fr\/wp-json\/wp\/v2\/users\/1"}],"replies":[{"embeddable":true,"href":"https:\/\/tradichem.es\/fr\/wp-json\/wp\/v2\/comments?post=4595"}],"version-history":[{"count":10,"href":"https:\/\/tradichem.es\/fr\/wp-json\/wp\/v2\/pages\/4595\/revisions"}],"predecessor-version":[{"id":18597,"href":"https:\/\/tradichem.es\/fr\/wp-json\/wp\/v2\/pages\/4595\/revisions\/18597"}],"wp:featuredmedia":[{"embeddable":true,"href":"https:\/\/tradichem.es\/fr\/wp-json\/wp\/v2\/media\/8431"}],"wp:attachment":[{"href":"https:\/\/tradichem.es\/fr\/wp-json\/wp\/v2\/media?parent=4595"}],"curies":[{"name":"wp","href":"https:\/\/api.w.org\/{rel}","templated":true}]}}