{"id":2834,"date":"2019-10-23T22:19:42","date_gmt":"2019-10-23T20:19:42","guid":{"rendered":"https:\/\/tradichem.es\/a-empresa\/"},"modified":"2023-04-04T10:45:20","modified_gmt":"2023-04-04T08:45:20","slug":"nos","status":"publish","type":"page","link":"https:\/\/tradichem.es\/pt\/nos\/","title":{"rendered":"No\u0301s"},"content":{"rendered":"\t\t<div data-elementor-type=\"wp-post\" data-elementor-id=\"2834\" class=\"elementor elementor-2834 elementor-1505\" data-elementor-post-type=\"page\">\n\t\t\t\t\t\t<section class=\"elementor-section elementor-top-section elementor-element elementor-element-54ae1b7 elementor-section-boxed elementor-section-height-default elementor-section-height-default\" data-id=\"54ae1b7\" data-element_type=\"section\" data-e-type=\"section\" data-settings=\"{&quot;background_background&quot;:&quot;classic&quot;}\">\n\t\t\t\t\t\t<div class=\"elementor-container elementor-column-gap-no\">\n\t\t\t\t\t<div class=\"elementor-column elementor-col-50 elementor-top-column elementor-element elementor-element-7f4138d\" data-id=\"7f4138d\" data-element_type=\"column\" data-e-type=\"column\">\n\t\t\t<div class=\"elementor-widget-wrap elementor-element-populated\">\n\t\t\t\t\t\t<div class=\"elementor-element elementor-element-3692cb1 elementor-widget elementor-widget-text-editor\" data-id=\"3692cb1\" data-element_type=\"widget\" data-e-type=\"widget\" data-widget_type=\"text-editor.default\">\n\t\t\t\t<div class=\"elementor-widget-container\">\n\t\t\t\t\t\t\t\t\t<p>A <strong>TRADICHEM S.L.<\/strong> \u00e9 uma empresa l\u00edder na comercializa\u00e7\u00e3o e no desenvolvimento de ativos nutrac\u00eauticos e API.<\/p><p>O nosso sucesso baseia-se na responsabilidade, nos resultados, na integridade e na transpar\u00eancia. Estes valores est\u00e3o presentes no nosso trabalho di\u00e1rio, no modo como enfrentamos os novos desafios e como nos relacionamos com os parceiros e os clientes.<\/p>\t\t\t\t\t\t\t\t<\/div>\n\t\t\t\t<\/div>\n\t\t\t\t\t<\/div>\n\t\t<\/div>\n\t\t\t\t<div class=\"elementor-column elementor-col-50 elementor-top-column elementor-element elementor-element-8065ab9\" data-id=\"8065ab9\" data-element_type=\"column\" data-e-type=\"column\">\n\t\t\t<div class=\"elementor-widget-wrap\">\n\t\t\t\t\t\t\t<\/div>\n\t\t<\/div>\n\t\t\t\t\t<\/div>\n\t\t<\/section>\n\t\t\t\t<section class=\"elementor-section elementor-top-section elementor-element elementor-element-07abea5 elementor-section-boxed elementor-section-height-default elementor-section-height-default\" data-id=\"07abea5\" data-element_type=\"section\" data-e-type=\"section\" data-settings=\"{&quot;background_background&quot;:&quot;classic&quot;}\">\n\t\t\t\t\t\t<div class=\"elementor-container elementor-column-gap-default\">\n\t\t\t\t\t<div class=\"elementor-column elementor-col-20 elementor-top-column elementor-element elementor-element-e73291f\" data-id=\"e73291f\" data-element_type=\"column\" data-e-type=\"column\">\n\t\t\t<div class=\"elementor-widget-wrap elementor-element-populated\">\n\t\t\t\t\t\t<div class=\"elementor-element elementor-element-66a1dbd elementor-invisible elementor-widget elementor-widget-heading\" data-id=\"66a1dbd\" data-element_type=\"widget\" data-e-type=\"widget\" data-settings=\"{&quot;_animation&quot;:&quot;fadeIn&quot;}\" data-widget_type=\"heading.default\">\n\t\t\t\t<div class=\"elementor-widget-container\">\n\t\t\t\t\t<h4 class=\"elementor-heading-title elementor-size-default\">APROVEITE OS NOSSOS 25 ANOS DE EXPERI\u00caNCIA<\/h4>\t\t\t\t<\/div>\n\t\t\t\t<\/div>\n\t\t\t\t<div class=\"elementor-element elementor-element-e913ee1 elementor-widget elementor-widget-text-editor\" data-id=\"e913ee1\" data-element_type=\"widget\" data-e-type=\"widget\" data-widget_type=\"text-editor.default\">\n\t\t\t\t<div class=\"elementor-widget-container\">\n\t\t\t\t\t\t\t\t\t<p>Desde 1993 que desenvolvemos produtos de elevada qualidade para uma vida melhor. A curiosidade e o esp\u00edrito de descoberta fizeram de n\u00f3s aquilo que agora somos. O nosso trabalho tamb\u00e9m se define por uma estrat\u00e9gia de longo prazo que oferece benef\u00edcios aos clientes e parceiros. Desde 2008 a empresa tem vindo a experimentar uma evolu\u00e7\u00e3o tecnol\u00f3gica interna, convertendo-se numa unidade integral formada por um armaz\u00e9m log\u00edstico GDP com capacidade para 175 m, por um centro de inova\u00e7\u00e3o (TIC) e por uma plataforma industrial GMP para o processamento de API (TIS).<\/p>\n\t\t\t\t\t\t\t\t<\/div>\n\t\t\t\t<\/div>\n\t\t\t\t<div class=\"elementor-element elementor-element-07fede0 elementor-widget elementor-widget-button\" data-id=\"07fede0\" data-element_type=\"widget\" data-e-type=\"widget\" data-widget_type=\"button.default\">\n\t\t\t\t<div class=\"elementor-widget-container\">\n\t\t\t\t\t\t\t\t\t<div class=\"elementor-button-wrapper\">\n\t\t\t\t\t<a class=\"elementor-button elementor-button-link elementor-size-sm\" href=\"#elementor-action%3Aaction%3Dpopup%3Aopen%26settings%3DeyJpZCI6MTY5MzEsInRvZ2dsZSI6ZmFsc2V9\" target=\"_blank\">\n\t\t\t\t\t\t<span class=\"elementor-button-content-wrapper\">\n\t\t\t\t\t\t<span class=\"elementor-button-icon\">\n\t\t\t\t<i aria-hidden=\"true\" class=\"far fa-file-pdf\"><\/i>\t\t\t<\/span>\n\t\t\t\t\t\t\t\t\t<span class=\"elementor-button-text\">Tradichem em resumo<\/span>\n\t\t\t\t\t<\/span>\n\t\t\t\t\t<\/a>\n\t\t\t\t<\/div>\n\t\t\t\t\t\t\t\t<\/div>\n\t\t\t\t<\/div>\n\t\t\t\t\t<\/div>\n\t\t<\/div>\n\t\t\t\t<div class=\"elementor-column elementor-col-20 elementor-top-column elementor-element elementor-element-fc58676 animated-slow elementor-invisible\" data-id=\"fc58676\" data-element_type=\"column\" data-e-type=\"column\" data-settings=\"{&quot;animation&quot;:&quot;fadeInUp&quot;,&quot;animation_delay&quot;:100}\">\n\t\t\t<div class=\"elementor-widget-wrap elementor-element-populated\">\n\t\t\t\t\t\t<div class=\"elementor-element elementor-element-8eb1f56 elementor-widget elementor-widget-image\" data-id=\"8eb1f56\" data-element_type=\"widget\" data-e-type=\"widget\" data-widget_type=\"image.default\">\n\t\t\t\t<div class=\"elementor-widget-container\">\n\t\t\t\t\t\t\t\t\t\t\t\t\t\t\t\t<a href=\"#\">\n\t\t\t\t\t\t\t<img fetchpriority=\"high\" decoding=\"async\" width=\"300\" height=\"300\" src=\"https:\/\/tradichem.es\/wp-content\/uploads\/2019\/05\/experience-300x300.png\" class=\"attachment-medium size-medium wp-image-2839\" alt=\"\" srcset=\"https:\/\/tradichem.es\/wp-content\/uploads\/2019\/05\/experience-300x300.png 300w, https:\/\/tradichem.es\/wp-content\/uploads\/2019\/05\/experience-150x150.png 150w, https:\/\/tradichem.es\/wp-content\/uploads\/2019\/05\/experience.png 483w\" sizes=\"(max-width: 300px) 100vw, 300px\" \/>\t\t\t\t\t\t\t\t<\/a>\n\t\t\t\t\t\t\t\t\t\t\t\t\t\t\t<\/div>\n\t\t\t\t<\/div>\n\t\t\t\t<div class=\"elementor-element elementor-element-5e47fc8 elementor-widget elementor-widget-heading\" data-id=\"5e47fc8\" data-element_type=\"widget\" data-e-type=\"widget\" data-widget_type=\"heading.default\">\n\t\t\t\t<div class=\"elementor-widget-container\">\n\t\t\t\t\t<h2 class=\"elementor-heading-title elementor-size-default\"><a href=\"#\">Experi\u00eancia<\/a><\/h2>\t\t\t\t<\/div>\n\t\t\t\t<\/div>\n\t\t\t\t\t<\/div>\n\t\t<\/div>\n\t\t\t\t<div class=\"elementor-column elementor-col-20 elementor-top-column elementor-element elementor-element-6102050 animated-slow elementor-invisible\" data-id=\"6102050\" data-element_type=\"column\" data-e-type=\"column\" data-settings=\"{&quot;animation&quot;:&quot;fadeInUp&quot;,&quot;animation_delay&quot;:300}\">\n\t\t\t<div class=\"elementor-widget-wrap elementor-element-populated\">\n\t\t\t\t\t\t<div class=\"elementor-element elementor-element-c62701e elementor-widget elementor-widget-image\" data-id=\"c62701e\" data-element_type=\"widget\" data-e-type=\"widget\" data-widget_type=\"image.default\">\n\t\t\t\t<div class=\"elementor-widget-container\">\n\t\t\t\t\t\t\t\t\t\t\t\t\t\t\t\t<a href=\"#\">\n\t\t\t\t\t\t\t<img decoding=\"async\" width=\"300\" height=\"300\" src=\"https:\/\/tradichem.es\/wp-content\/uploads\/2019\/05\/research-300x300.png\" class=\"attachment-medium size-medium wp-image-2842\" alt=\"\" srcset=\"https:\/\/tradichem.es\/wp-content\/uploads\/2019\/05\/research-300x300.png 300w, https:\/\/tradichem.es\/wp-content\/uploads\/2019\/05\/research-150x150.png 150w, https:\/\/tradichem.es\/wp-content\/uploads\/2019\/05\/research.png 482w\" sizes=\"(max-width: 300px) 100vw, 300px\" \/>\t\t\t\t\t\t\t\t<\/a>\n\t\t\t\t\t\t\t\t\t\t\t\t\t\t\t<\/div>\n\t\t\t\t<\/div>\n\t\t\t\t<div class=\"elementor-element elementor-element-e7a4f68 elementor-widget elementor-widget-heading\" data-id=\"e7a4f68\" data-element_type=\"widget\" data-e-type=\"widget\" data-widget_type=\"heading.default\">\n\t\t\t\t<div class=\"elementor-widget-container\">\n\t\t\t\t\t<h2 class=\"elementor-heading-title elementor-size-default\"><a href=\"#\">Pesquisa<\/a><\/h2>\t\t\t\t<\/div>\n\t\t\t\t<\/div>\n\t\t\t\t\t<\/div>\n\t\t<\/div>\n\t\t\t\t<div class=\"elementor-column elementor-col-20 elementor-top-column elementor-element elementor-element-08a150a animated-slow elementor-invisible\" data-id=\"08a150a\" data-element_type=\"column\" data-e-type=\"column\" data-settings=\"{&quot;animation&quot;:&quot;fadeInUp&quot;,&quot;animation_delay&quot;:500}\">\n\t\t\t<div class=\"elementor-widget-wrap elementor-element-populated\">\n\t\t\t\t\t\t<div class=\"elementor-element elementor-element-32b17f5 elementor-widget elementor-widget-image\" data-id=\"32b17f5\" data-element_type=\"widget\" data-e-type=\"widget\" data-widget_type=\"image.default\">\n\t\t\t\t<div class=\"elementor-widget-container\">\n\t\t\t\t\t\t\t\t\t\t\t\t\t\t\t\t<a href=\"#\">\n\t\t\t\t\t\t\t<img decoding=\"async\" width=\"300\" height=\"300\" src=\"https:\/\/tradichem.es\/wp-content\/uploads\/2019\/05\/testing-300x300.png\" class=\"attachment-medium size-medium wp-image-2845\" alt=\"\" srcset=\"https:\/\/tradichem.es\/wp-content\/uploads\/2019\/05\/testing-300x300.png 300w, https:\/\/tradichem.es\/wp-content\/uploads\/2019\/05\/testing-150x150.png 150w, https:\/\/tradichem.es\/wp-content\/uploads\/2019\/05\/testing.png 482w\" sizes=\"(max-width: 300px) 100vw, 300px\" \/>\t\t\t\t\t\t\t\t<\/a>\n\t\t\t\t\t\t\t\t\t\t\t\t\t\t\t<\/div>\n\t\t\t\t<\/div>\n\t\t\t\t<div class=\"elementor-element elementor-element-e72855b elementor-widget elementor-widget-heading\" data-id=\"e72855b\" data-element_type=\"widget\" data-e-type=\"widget\" data-widget_type=\"heading.default\">\n\t\t\t\t<div class=\"elementor-widget-container\">\n\t\t\t\t\t<h2 class=\"elementor-heading-title elementor-size-default\"><a href=\"#\">Teste cont\u00ednuo<\/a><\/h2>\t\t\t\t<\/div>\n\t\t\t\t<\/div>\n\t\t\t\t\t<\/div>\n\t\t<\/div>\n\t\t\t\t<div class=\"elementor-column elementor-col-20 elementor-top-column elementor-element elementor-element-05ad3bc animated-slow elementor-invisible\" data-id=\"05ad3bc\" data-element_type=\"column\" data-e-type=\"column\" data-settings=\"{&quot;animation&quot;:&quot;fadeInUp&quot;,&quot;animation_delay&quot;:700}\">\n\t\t\t<div class=\"elementor-widget-wrap elementor-element-populated\">\n\t\t\t\t\t\t<div class=\"elementor-element elementor-element-33ed6c6 elementor-widget elementor-widget-image\" data-id=\"33ed6c6\" data-element_type=\"widget\" data-e-type=\"widget\" data-widget_type=\"image.default\">\n\t\t\t\t<div class=\"elementor-widget-container\">\n\t\t\t\t\t\t\t\t\t\t\t\t\t\t\t\t<a href=\"#\">\n\t\t\t\t\t\t\t<img loading=\"lazy\" decoding=\"async\" width=\"300\" height=\"300\" src=\"https:\/\/tradichem.es\/wp-content\/uploads\/2019\/05\/gmp-300x300.png\" class=\"attachment-medium size-medium wp-image-2848\" alt=\"\" srcset=\"https:\/\/tradichem.es\/wp-content\/uploads\/2019\/05\/gmp-300x300.png 300w, https:\/\/tradichem.es\/wp-content\/uploads\/2019\/05\/gmp-150x150.png 150w, https:\/\/tradichem.es\/wp-content\/uploads\/2019\/05\/gmp.png 482w\" sizes=\"(max-width: 300px) 100vw, 300px\" \/>\t\t\t\t\t\t\t\t<\/a>\n\t\t\t\t\t\t\t\t\t\t\t\t\t\t\t<\/div>\n\t\t\t\t<\/div>\n\t\t\t\t<div class=\"elementor-element elementor-element-cd766bf elementor-widget elementor-widget-heading\" data-id=\"cd766bf\" data-element_type=\"widget\" data-e-type=\"widget\" data-widget_type=\"heading.default\">\n\t\t\t\t<div class=\"elementor-widget-container\">\n\t\t\t\t\t<h2 class=\"elementor-heading-title elementor-size-default\"><a href=\"#\">GMP<br>Local de manufatura<\/a><\/h2>\t\t\t\t<\/div>\n\t\t\t\t<\/div>\n\t\t\t\t\t<\/div>\n\t\t<\/div>\n\t\t\t\t\t<\/div>\n\t\t<\/section>\n\t\t\t\t<section class=\"elementor-section elementor-top-section elementor-element elementor-element-dc629c7 elementor-section-height-min-height elementor-section-boxed elementor-section-height-default elementor-section-items-middle\" data-id=\"dc629c7\" data-element_type=\"section\" data-e-type=\"section\" data-settings=\"{&quot;background_background&quot;:&quot;classic&quot;}\">\n\t\t\t\t\t\t<div class=\"elementor-container elementor-column-gap-default\">\n\t\t\t\t\t<div class=\"elementor-column elementor-col-50 elementor-top-column elementor-element elementor-element-8cd9e62\" data-id=\"8cd9e62\" data-element_type=\"column\" data-e-type=\"column\" data-settings=\"{&quot;background_background&quot;:&quot;classic&quot;}\">\n\t\t\t<div class=\"elementor-widget-wrap elementor-element-populated\">\n\t\t\t\t\t\t<div class=\"elementor-element elementor-element-cf212f8 elementor-invisible elementor-widget elementor-widget-heading\" data-id=\"cf212f8\" data-element_type=\"widget\" data-e-type=\"widget\" data-settings=\"{&quot;_animation&quot;:&quot;fadeIn&quot;}\" data-widget_type=\"heading.default\">\n\t\t\t\t<div class=\"elementor-widget-container\">\n\t\t\t\t\t<h4 class=\"elementor-heading-title elementor-size-default\">O nosso valor<\/h4>\t\t\t\t<\/div>\n\t\t\t\t<\/div>\n\t\t\t\t<div class=\"elementor-element elementor-element-4dce98b elementor-widget elementor-widget-text-editor\" data-id=\"4dce98b\" data-element_type=\"widget\" data-e-type=\"widget\" data-widget_type=\"text-editor.default\">\n\t\t\t\t<div class=\"elementor-widget-container\">\n\t\t\t\t\t\t\t\t\t<p>A nossa presen\u00e7a em feiras internacionais e congressos cient\u00edficos mundiais, a par das alian\u00e7as estrat\u00e9gicas com parceiros e clientes em mais de 30 pa\u00edses, proporciona-nos um conhecimento e uma compreens\u00e3o globais do mercado.<\/p>\n<p>Da mesma forma, a capacidade de inova\u00e7\u00e3o, a pol\u00edtica de aquisi\u00e7\u00f5es e o dinamismo permitem-nos fornecer um amplo leque de ingredientes de distribui\u00e7\u00e3o e de investiga\u00e7\u00e3o pr\u00f3pria para os mercados farmac\u00eautico, qu\u00edmico, nutrac\u00eautico e alimentar.<\/p>\n<p>O <strong>Centro de Produ\u00e7\u00e3o GMP<\/strong>, TIS foi fundado em 2016 como a parte industrial da TRADICHEM, para oferecer solu\u00e7\u00f5es industriais no fornecimento de API preparadas para o fabrico de formas de dosagem final.<\/p>\n\t\t\t\t\t\t\t\t<\/div>\n\t\t\t\t<\/div>\n\t\t\t\t\t<\/div>\n\t\t<\/div>\n\t\t\t\t<div class=\"elementor-column elementor-col-50 elementor-top-column elementor-element elementor-element-86bdfa7\" data-id=\"86bdfa7\" data-element_type=\"column\" data-e-type=\"column\" data-settings=\"{&quot;background_background&quot;:&quot;classic&quot;}\">\n\t\t\t<div class=\"elementor-widget-wrap elementor-element-populated\">\n\t\t\t\t\t\t<div class=\"elementor-element elementor-element-60754f9 animated-slow elementor-invisible elementor-widget elementor-widget-image\" data-id=\"60754f9\" data-element_type=\"widget\" data-e-type=\"widget\" data-settings=\"{&quot;_animation&quot;:&quot;fadeIn&quot;,&quot;_animation_delay&quot;:100}\" data-widget_type=\"image.default\">\n\t\t\t\t<div class=\"elementor-widget-container\">\n\t\t\t\t\t\t\t\t\t\t\t\t\t\t\t<img loading=\"lazy\" decoding=\"async\" width=\"550\" height=\"560\" src=\"https:\/\/tradichem.es\/wp-content\/uploads\/2019\/06\/innovative3.jpg\" class=\"attachment-full size-full wp-image-2836\" alt=\"\" srcset=\"https:\/\/tradichem.es\/wp-content\/uploads\/2019\/06\/innovative3.jpg 550w, https:\/\/tradichem.es\/wp-content\/uploads\/2019\/06\/innovative3-295x300.jpg 295w\" sizes=\"(max-width: 550px) 100vw, 550px\" \/>\t\t\t\t\t\t\t\t\t\t\t\t\t\t\t<\/div>\n\t\t\t\t<\/div>\n\t\t\t\t\t<\/div>\n\t\t<\/div>\n\t\t\t\t\t<\/div>\n\t\t<\/section>\n\t\t\t\t<\/div>\n\t\t","protected":false},"excerpt":{"rendered":"<p>A TRADICHEM S.L. \u00e9 uma empresa l\u00edder na comercializa\u00e7\u00e3o e no desenvolvimento de ativos nutrac\u00eauticos e API. O nosso sucesso baseia-se na responsabilidade, nos resultados, na integridade e na transpar\u00eancia. Estes valores est\u00e3o presentes no nosso trabalho di\u00e1rio, no modo como enfrentamos os novos desafios e como nos relacionamos com os parceiros e os clientes. &#8230; <a title=\"No\u0301s\" class=\"read-more\" href=\"https:\/\/tradichem.es\/pt\/nos\/\" aria-label=\"Leia mais sobre No\u0301s\">Ler mais<\/a><\/p>\n","protected":false},"author":1,"featured_media":2837,"parent":0,"menu_order":0,"comment_status":"closed","ping_status":"closed","template":"","meta":{"_acf_changed":false,"footnotes":""},"class_list":["post-2834","page","type-page","status-publish","has-post-thumbnail"],"acf":[],"yoast_head":"<!-- This site is optimized with the Yoast SEO plugin v27.3 - https:\/\/yoast.com\/product\/yoast-seo-wordpress\/ -->\n<title>No\u0301s - Tradichem<\/title>\n<meta name=\"robots\" content=\"index, follow, max-snippet:-1, max-image-preview:large, max-video-preview:-1\" \/>\n<link rel=\"canonical\" href=\"https:\/\/tradichem.es\/pt\/nos\/\" \/>\n<meta property=\"og:locale\" content=\"pt_PT\" \/>\n<meta property=\"og:type\" content=\"article\" \/>\n<meta property=\"og:title\" content=\"No\u0301s - Tradichem\" \/>\n<meta property=\"og:description\" content=\"A TRADICHEM S.L. \u00e9 uma empresa l\u00edder na comercializa\u00e7\u00e3o e no desenvolvimento de ativos nutrac\u00eauticos e API. O nosso sucesso baseia-se na responsabilidade, nos resultados, na integridade e na transpar\u00eancia. Estes valores est\u00e3o presentes no nosso trabalho di\u00e1rio, no modo como enfrentamos os novos desafios e como nos relacionamos com os parceiros e os clientes. ... Ler mais\" \/>\n<meta property=\"og:url\" content=\"https:\/\/tradichem.es\/pt\/nos\/\" \/>\n<meta property=\"og:site_name\" content=\"Tradichem\" \/>\n<meta property=\"article:modified_time\" content=\"2023-04-04T08:45:20+00:00\" \/>\n<meta property=\"og:image\" content=\"https:\/\/tradichem.es\/wp-content\/uploads\/2019\/05\/hinnovative.jpg\" \/>\n\t<meta property=\"og:image:width\" content=\"2000\" \/>\n\t<meta property=\"og:image:height\" content=\"400\" \/>\n\t<meta property=\"og:image:type\" content=\"image\/jpeg\" \/>\n<meta name=\"twitter:card\" content=\"summary_large_image\" \/>\n<meta name=\"twitter:label1\" content=\"Tempo estimado de leitura\" \/>\n\t<meta name=\"twitter:data1\" content=\"3 minutos\" \/>\n<script type=\"application\/ld+json\" class=\"yoast-schema-graph\">{\"@context\":\"https:\\\/\\\/schema.org\",\"@graph\":[{\"@type\":\"WebPage\",\"@id\":\"https:\\\/\\\/tradichem.es\\\/pt\\\/nos\\\/\",\"url\":\"https:\\\/\\\/tradichem.es\\\/pt\\\/nos\\\/\",\"name\":\"No\u0301s - Tradichem\",\"isPartOf\":{\"@id\":\"https:\\\/\\\/tradichem.es\\\/pt\\\/#website\"},\"primaryImageOfPage\":{\"@id\":\"https:\\\/\\\/tradichem.es\\\/pt\\\/nos\\\/#primaryimage\"},\"image\":{\"@id\":\"https:\\\/\\\/tradichem.es\\\/pt\\\/nos\\\/#primaryimage\"},\"thumbnailUrl\":\"https:\\\/\\\/tradichem.es\\\/wp-content\\\/uploads\\\/2019\\\/05\\\/hinnovative.jpg\",\"datePublished\":\"2019-10-23T20:19:42+00:00\",\"dateModified\":\"2023-04-04T08:45:20+00:00\",\"breadcrumb\":{\"@id\":\"https:\\\/\\\/tradichem.es\\\/pt\\\/nos\\\/#breadcrumb\"},\"inLanguage\":\"pt-PT\",\"potentialAction\":[{\"@type\":\"ReadAction\",\"target\":[\"https:\\\/\\\/tradichem.es\\\/pt\\\/nos\\\/\"]}]},{\"@type\":\"ImageObject\",\"inLanguage\":\"pt-PT\",\"@id\":\"https:\\\/\\\/tradichem.es\\\/pt\\\/nos\\\/#primaryimage\",\"url\":\"https:\\\/\\\/tradichem.es\\\/wp-content\\\/uploads\\\/2019\\\/05\\\/hinnovative.jpg\",\"contentUrl\":\"https:\\\/\\\/tradichem.es\\\/wp-content\\\/uploads\\\/2019\\\/05\\\/hinnovative.jpg\",\"width\":2000,\"height\":400},{\"@type\":\"BreadcrumbList\",\"@id\":\"https:\\\/\\\/tradichem.es\\\/pt\\\/nos\\\/#breadcrumb\",\"itemListElement\":[{\"@type\":\"ListItem\",\"position\":1,\"name\":\"Portada\",\"item\":\"https:\\\/\\\/tradichem.es\\\/pt\\\/\"},{\"@type\":\"ListItem\",\"position\":2,\"name\":\"No\u0301s\"}]},{\"@type\":\"WebSite\",\"@id\":\"https:\\\/\\\/tradichem.es\\\/pt\\\/#website\",\"url\":\"https:\\\/\\\/tradichem.es\\\/pt\\\/\",\"name\":\"Tradichem\",\"description\":\"Leader in the marketing and development of nutraceuticals and APIs\",\"publisher\":{\"@id\":\"https:\\\/\\\/tradichem.es\\\/pt\\\/#organization\"},\"potentialAction\":[{\"@type\":\"SearchAction\",\"target\":{\"@type\":\"EntryPoint\",\"urlTemplate\":\"https:\\\/\\\/tradichem.es\\\/pt\\\/?s={search_term_string}\"},\"query-input\":{\"@type\":\"PropertyValueSpecification\",\"valueRequired\":true,\"valueName\":\"search_term_string\"}}],\"inLanguage\":\"pt-PT\"},{\"@type\":\"Organization\",\"@id\":\"https:\\\/\\\/tradichem.es\\\/pt\\\/#organization\",\"name\":\"Tradichem\",\"url\":\"https:\\\/\\\/tradichem.es\\\/pt\\\/\",\"logo\":{\"@type\":\"ImageObject\",\"inLanguage\":\"pt-PT\",\"@id\":\"https:\\\/\\\/tradichem.es\\\/pt\\\/#\\\/schema\\\/logo\\\/image\\\/\",\"url\":\"https:\\\/\\\/tradichem.es\\\/wp-content\\\/uploads\\\/2021\\\/10\\\/logotra200.png\",\"contentUrl\":\"https:\\\/\\\/tradichem.es\\\/wp-content\\\/uploads\\\/2021\\\/10\\\/logotra200.png\",\"width\":200,\"height\":200,\"caption\":\"Tradichem\"},\"image\":{\"@id\":\"https:\\\/\\\/tradichem.es\\\/pt\\\/#\\\/schema\\\/logo\\\/image\\\/\"}}]}<\/script>\n<!-- \/ Yoast SEO plugin. -->","yoast_head_json":{"title":"No\u0301s - Tradichem","robots":{"index":"index","follow":"follow","max-snippet":"max-snippet:-1","max-image-preview":"max-image-preview:large","max-video-preview":"max-video-preview:-1"},"canonical":"https:\/\/tradichem.es\/pt\/nos\/","og_locale":"pt_PT","og_type":"article","og_title":"No\u0301s - Tradichem","og_description":"A TRADICHEM S.L. \u00e9 uma empresa l\u00edder na comercializa\u00e7\u00e3o e no desenvolvimento de ativos nutrac\u00eauticos e API. O nosso sucesso baseia-se na responsabilidade, nos resultados, na integridade e na transpar\u00eancia. Estes valores est\u00e3o presentes no nosso trabalho di\u00e1rio, no modo como enfrentamos os novos desafios e como nos relacionamos com os parceiros e os clientes. ... Ler mais","og_url":"https:\/\/tradichem.es\/pt\/nos\/","og_site_name":"Tradichem","article_modified_time":"2023-04-04T08:45:20+00:00","og_image":[{"width":2000,"height":400,"url":"https:\/\/tradichem.es\/wp-content\/uploads\/2019\/05\/hinnovative.jpg","type":"image\/jpeg"}],"twitter_card":"summary_large_image","twitter_misc":{"Tempo estimado de leitura":"3 minutos"},"schema":{"@context":"https:\/\/schema.org","@graph":[{"@type":"WebPage","@id":"https:\/\/tradichem.es\/pt\/nos\/","url":"https:\/\/tradichem.es\/pt\/nos\/","name":"No\u0301s - Tradichem","isPartOf":{"@id":"https:\/\/tradichem.es\/pt\/#website"},"primaryImageOfPage":{"@id":"https:\/\/tradichem.es\/pt\/nos\/#primaryimage"},"image":{"@id":"https:\/\/tradichem.es\/pt\/nos\/#primaryimage"},"thumbnailUrl":"https:\/\/tradichem.es\/wp-content\/uploads\/2019\/05\/hinnovative.jpg","datePublished":"2019-10-23T20:19:42+00:00","dateModified":"2023-04-04T08:45:20+00:00","breadcrumb":{"@id":"https:\/\/tradichem.es\/pt\/nos\/#breadcrumb"},"inLanguage":"pt-PT","potentialAction":[{"@type":"ReadAction","target":["https:\/\/tradichem.es\/pt\/nos\/"]}]},{"@type":"ImageObject","inLanguage":"pt-PT","@id":"https:\/\/tradichem.es\/pt\/nos\/#primaryimage","url":"https:\/\/tradichem.es\/wp-content\/uploads\/2019\/05\/hinnovative.jpg","contentUrl":"https:\/\/tradichem.es\/wp-content\/uploads\/2019\/05\/hinnovative.jpg","width":2000,"height":400},{"@type":"BreadcrumbList","@id":"https:\/\/tradichem.es\/pt\/nos\/#breadcrumb","itemListElement":[{"@type":"ListItem","position":1,"name":"Portada","item":"https:\/\/tradichem.es\/pt\/"},{"@type":"ListItem","position":2,"name":"No\u0301s"}]},{"@type":"WebSite","@id":"https:\/\/tradichem.es\/pt\/#website","url":"https:\/\/tradichem.es\/pt\/","name":"Tradichem","description":"Leader in the marketing and development of nutraceuticals and APIs","publisher":{"@id":"https:\/\/tradichem.es\/pt\/#organization"},"potentialAction":[{"@type":"SearchAction","target":{"@type":"EntryPoint","urlTemplate":"https:\/\/tradichem.es\/pt\/?s={search_term_string}"},"query-input":{"@type":"PropertyValueSpecification","valueRequired":true,"valueName":"search_term_string"}}],"inLanguage":"pt-PT"},{"@type":"Organization","@id":"https:\/\/tradichem.es\/pt\/#organization","name":"Tradichem","url":"https:\/\/tradichem.es\/pt\/","logo":{"@type":"ImageObject","inLanguage":"pt-PT","@id":"https:\/\/tradichem.es\/pt\/#\/schema\/logo\/image\/","url":"https:\/\/tradichem.es\/wp-content\/uploads\/2021\/10\/logotra200.png","contentUrl":"https:\/\/tradichem.es\/wp-content\/uploads\/2021\/10\/logotra200.png","width":200,"height":200,"caption":"Tradichem"},"image":{"@id":"https:\/\/tradichem.es\/pt\/#\/schema\/logo\/image\/"}}]}},"_links":{"self":[{"href":"https:\/\/tradichem.es\/pt\/wp-json\/wp\/v2\/pages\/2834","targetHints":{"allow":["GET"]}}],"collection":[{"href":"https:\/\/tradichem.es\/pt\/wp-json\/wp\/v2\/pages"}],"about":[{"href":"https:\/\/tradichem.es\/pt\/wp-json\/wp\/v2\/types\/page"}],"author":[{"embeddable":true,"href":"https:\/\/tradichem.es\/pt\/wp-json\/wp\/v2\/users\/1"}],"replies":[{"embeddable":true,"href":"https:\/\/tradichem.es\/pt\/wp-json\/wp\/v2\/comments?post=2834"}],"version-history":[{"count":10,"href":"https:\/\/tradichem.es\/pt\/wp-json\/wp\/v2\/pages\/2834\/revisions"}],"predecessor-version":[{"id":16955,"href":"https:\/\/tradichem.es\/pt\/wp-json\/wp\/v2\/pages\/2834\/revisions\/16955"}],"wp:featuredmedia":[{"embeddable":true,"href":"https:\/\/tradichem.es\/pt\/wp-json\/wp\/v2\/media\/2837"}],"wp:attachment":[{"href":"https:\/\/tradichem.es\/pt\/wp-json\/wp\/v2\/media?parent=2834"}],"curies":[{"name":"wp","href":"https:\/\/api.w.org\/{rel}","templated":true}]}}