{"id":2919,"date":"2019-10-23T22:44:24","date_gmt":"2019-10-23T20:44:24","guid":{"rendered":"https:\/\/tradichem.es\/vendas-mundiais\/"},"modified":"2025-04-24T15:49:40","modified_gmt":"2025-04-24T13:49:40","slug":"vendas-mundiais","status":"publish","type":"page","link":"https:\/\/tradichem.es\/pt\/vendas-mundiais\/","title":{"rendered":"Vendas mundiais"},"content":{"rendered":"\t\t<div data-elementor-type=\"wp-post\" data-elementor-id=\"2919\" class=\"elementor elementor-2919 elementor-1987\" data-elementor-post-type=\"page\">\n\t\t\t\t\t\t<section class=\"elementor-section elementor-top-section elementor-element elementor-element-54ae1b7 elementor-section-boxed elementor-section-height-default elementor-section-height-default\" data-id=\"54ae1b7\" data-element_type=\"section\" data-e-type=\"section\" data-settings=\"{&quot;background_background&quot;:&quot;classic&quot;}\">\n\t\t\t\t\t\t<div class=\"elementor-container elementor-column-gap-default\">\n\t\t\t\t\t<div class=\"elementor-column elementor-col-50 elementor-top-column elementor-element elementor-element-7f4138d\" data-id=\"7f4138d\" data-element_type=\"column\" data-e-type=\"column\">\n\t\t\t<div class=\"elementor-widget-wrap elementor-element-populated\">\n\t\t\t\t\t\t<div class=\"elementor-element elementor-element-66a1dbd elementor-invisible elementor-widget elementor-widget-heading\" data-id=\"66a1dbd\" data-element_type=\"widget\" data-e-type=\"widget\" data-settings=\"{&quot;_animation&quot;:&quot;fadeIn&quot;}\" data-widget_type=\"heading.default\">\n\t\t\t\t<div class=\"elementor-widget-container\">\n\t\t\t\t\t<h4 class=\"elementor-heading-title elementor-size-default\">A TRADICHEM \u00e9 um ator global com presen\u00e7a em mais de 52 pa\u00edses de todo o mundo. H\u00e1 mais de 2500 suplementos alimentares que cont\u00eam os nossos ingredientes. Como fornecedores de Ingredientes Nutrac\u00eauticos de primeiro n\u00edvel, podemos cumprir com sucesso os seus requisitos ao operarmos eficientemente nas suas \u00e1reas estrat\u00e9gicas e geogr\u00e1ficas pretendidas.<\/h4>\t\t\t\t<\/div>\n\t\t\t\t<\/div>\n\t\t\t\t\t<\/div>\n\t\t<\/div>\n\t\t\t\t<div class=\"elementor-column elementor-col-50 elementor-top-column elementor-element elementor-element-8065ab9\" data-id=\"8065ab9\" data-element_type=\"column\" data-e-type=\"column\">\n\t\t\t<div class=\"elementor-widget-wrap elementor-element-populated\">\n\t\t\t\t\t\t<div class=\"elementor-element elementor-element-3ab878c elementor-widget elementor-widget-image\" data-id=\"3ab878c\" data-element_type=\"widget\" data-e-type=\"widget\" data-widget_type=\"image.default\">\n\t\t\t\t<div class=\"elementor-widget-container\">\n\t\t\t\t\t\t\t\t\t\t\t\t\t\t\t<img fetchpriority=\"high\" decoding=\"async\" width=\"483\" height=\"482\" src=\"https:\/\/tradichem.es\/wp-content\/uploads\/2019\/05\/experience.png\" class=\"attachment-full size-full wp-image-2839\" alt=\"\" srcset=\"https:\/\/tradichem.es\/wp-content\/uploads\/2019\/05\/experience.png 483w, https:\/\/tradichem.es\/wp-content\/uploads\/2019\/05\/experience-150x150.png 150w, https:\/\/tradichem.es\/wp-content\/uploads\/2019\/05\/experience-300x300.png 300w\" sizes=\"(max-width: 483px) 100vw, 483px\" \/>\t\t\t\t\t\t\t\t\t\t\t\t\t\t\t<\/div>\n\t\t\t\t<\/div>\n\t\t\t\t\t<\/div>\n\t\t<\/div>\n\t\t\t\t\t<\/div>\n\t\t<\/section>\n\t\t\t\t<section class=\"elementor-section elementor-top-section elementor-element elementor-element-a9bed3c elementor-section-boxed elementor-section-height-default elementor-section-height-default\" data-id=\"a9bed3c\" data-element_type=\"section\" data-e-type=\"section\" data-settings=\"{&quot;background_background&quot;:&quot;classic&quot;}\">\n\t\t\t\t\t\t<div class=\"elementor-container elementor-column-gap-default\">\n\t\t\t\t\t<div class=\"elementor-column elementor-col-100 elementor-top-column elementor-element elementor-element-8dc0853\" data-id=\"8dc0853\" data-element_type=\"column\" data-e-type=\"column\">\n\t\t\t<div class=\"elementor-widget-wrap elementor-element-populated\">\n\t\t\t\t\t\t<div class=\"elementor-element elementor-element-91b5aae elementor-widget elementor-widget-image\" data-id=\"91b5aae\" data-element_type=\"widget\" data-e-type=\"widget\" data-widget_type=\"image.default\">\n\t\t\t\t<div class=\"elementor-widget-container\">\n\t\t\t\t\t\t\t\t\t\t\t\t\t\t\t<img decoding=\"async\" width=\"2000\" height=\"1216\" src=\"https:\/\/tradichem.es\/wp-content\/uploads\/2019\/06\/mapamundo.png\" class=\"attachment-full size-full wp-image-2921\" alt=\"\" srcset=\"https:\/\/tradichem.es\/wp-content\/uploads\/2019\/06\/mapamundo.png 2000w, https:\/\/tradichem.es\/wp-content\/uploads\/2019\/06\/mapamundo-300x182.png 300w, https:\/\/tradichem.es\/wp-content\/uploads\/2019\/06\/mapamundo-768x467.png 768w, https:\/\/tradichem.es\/wp-content\/uploads\/2019\/06\/mapamundo-1024x623.png 1024w\" sizes=\"(max-width: 2000px) 100vw, 2000px\" \/>\t\t\t\t\t\t\t\t\t\t\t\t\t\t\t<\/div>\n\t\t\t\t<\/div>\n\t\t\t\t\t<\/div>\n\t\t<\/div>\n\t\t\t\t\t<\/div>\n\t\t<\/section>\n\t\t\t\t<\/div>\n\t\t","protected":false},"excerpt":{"rendered":"<p>A TRADICHEM \u00e9 um ator global com presen\u00e7a em mais de 52 pa\u00edses de todo o mundo. H\u00e1 mais de 2500 suplementos alimentares que cont\u00eam os nossos ingredientes. Como fornecedores de Ingredientes Nutrac\u00eauticos de primeiro n\u00edvel, podemos cumprir com sucesso os seus requisitos ao operarmos eficientemente nas suas \u00e1reas estrat\u00e9gicas e geogr\u00e1ficas pretendidas.<\/p>\n","protected":false},"author":1,"featured_media":2924,"parent":0,"menu_order":0,"comment_status":"closed","ping_status":"closed","template":"","meta":{"_acf_changed":false,"footnotes":""},"class_list":["post-2919","page","type-page","status-publish","has-post-thumbnail"],"acf":[],"yoast_head":"<!-- This site is optimized with the Yoast SEO plugin v27.3 - https:\/\/yoast.com\/product\/yoast-seo-wordpress\/ -->\n<title>Vendas mundiais - Tradichem<\/title>\n<meta name=\"robots\" content=\"index, follow, max-snippet:-1, max-image-preview:large, max-video-preview:-1\" \/>\n<link rel=\"canonical\" href=\"https:\/\/tradichem.es\/pt\/vendas-mundiais\/\" \/>\n<meta property=\"og:locale\" content=\"pt_PT\" \/>\n<meta property=\"og:type\" content=\"article\" \/>\n<meta property=\"og:title\" content=\"Vendas mundiais - Tradichem\" \/>\n<meta property=\"og:description\" content=\"A TRADICHEM \u00e9 um ator global com presen\u00e7a em mais de 52 pa\u00edses de todo o mundo. H\u00e1 mais de 2500 suplementos alimentares que cont\u00eam os nossos ingredientes. Como fornecedores de Ingredientes Nutrac\u00eauticos de primeiro n\u00edvel, podemos cumprir com sucesso os seus requisitos ao operarmos eficientemente nas suas \u00e1reas estrat\u00e9gicas e geogr\u00e1ficas pretendidas.\" \/>\n<meta property=\"og:url\" content=\"https:\/\/tradichem.es\/pt\/vendas-mundiais\/\" \/>\n<meta property=\"og:site_name\" content=\"Tradichem\" \/>\n<meta property=\"article:modified_time\" content=\"2025-04-24T13:49:40+00:00\" \/>\n<meta property=\"og:image\" content=\"https:\/\/tradichem.es\/wp-content\/uploads\/2019\/06\/hworldwide-sales.jpg\" \/>\n\t<meta property=\"og:image:width\" content=\"2000\" \/>\n\t<meta property=\"og:image:height\" content=\"500\" \/>\n\t<meta property=\"og:image:type\" content=\"image\/jpeg\" \/>\n<meta name=\"twitter:card\" content=\"summary_large_image\" \/>\n<meta name=\"twitter:label1\" content=\"Tempo estimado de leitura\" \/>\n\t<meta name=\"twitter:data1\" content=\"1 minuto\" \/>\n<script type=\"application\/ld+json\" class=\"yoast-schema-graph\">{\"@context\":\"https:\\\/\\\/schema.org\",\"@graph\":[{\"@type\":\"WebPage\",\"@id\":\"https:\\\/\\\/tradichem.es\\\/pt\\\/vendas-mundiais\\\/\",\"url\":\"https:\\\/\\\/tradichem.es\\\/pt\\\/vendas-mundiais\\\/\",\"name\":\"Vendas mundiais - Tradichem\",\"isPartOf\":{\"@id\":\"https:\\\/\\\/tradichem.es\\\/pt\\\/#website\"},\"primaryImageOfPage\":{\"@id\":\"https:\\\/\\\/tradichem.es\\\/pt\\\/vendas-mundiais\\\/#primaryimage\"},\"image\":{\"@id\":\"https:\\\/\\\/tradichem.es\\\/pt\\\/vendas-mundiais\\\/#primaryimage\"},\"thumbnailUrl\":\"https:\\\/\\\/tradichem.es\\\/wp-content\\\/uploads\\\/2019\\\/06\\\/hworldwide-sales.jpg\",\"datePublished\":\"2019-10-23T20:44:24+00:00\",\"dateModified\":\"2025-04-24T13:49:40+00:00\",\"breadcrumb\":{\"@id\":\"https:\\\/\\\/tradichem.es\\\/pt\\\/vendas-mundiais\\\/#breadcrumb\"},\"inLanguage\":\"pt-PT\",\"potentialAction\":[{\"@type\":\"ReadAction\",\"target\":[\"https:\\\/\\\/tradichem.es\\\/pt\\\/vendas-mundiais\\\/\"]}]},{\"@type\":\"ImageObject\",\"inLanguage\":\"pt-PT\",\"@id\":\"https:\\\/\\\/tradichem.es\\\/pt\\\/vendas-mundiais\\\/#primaryimage\",\"url\":\"https:\\\/\\\/tradichem.es\\\/wp-content\\\/uploads\\\/2019\\\/06\\\/hworldwide-sales.jpg\",\"contentUrl\":\"https:\\\/\\\/tradichem.es\\\/wp-content\\\/uploads\\\/2019\\\/06\\\/hworldwide-sales.jpg\",\"width\":2000,\"height\":500},{\"@type\":\"BreadcrumbList\",\"@id\":\"https:\\\/\\\/tradichem.es\\\/pt\\\/vendas-mundiais\\\/#breadcrumb\",\"itemListElement\":[{\"@type\":\"ListItem\",\"position\":1,\"name\":\"Portada\",\"item\":\"https:\\\/\\\/tradichem.es\\\/pt\\\/\"},{\"@type\":\"ListItem\",\"position\":2,\"name\":\"Vendas mundiais\"}]},{\"@type\":\"WebSite\",\"@id\":\"https:\\\/\\\/tradichem.es\\\/pt\\\/#website\",\"url\":\"https:\\\/\\\/tradichem.es\\\/pt\\\/\",\"name\":\"Tradichem\",\"description\":\"Leader in the marketing and development of nutraceuticals and APIs\",\"publisher\":{\"@id\":\"https:\\\/\\\/tradichem.es\\\/pt\\\/#organization\"},\"potentialAction\":[{\"@type\":\"SearchAction\",\"target\":{\"@type\":\"EntryPoint\",\"urlTemplate\":\"https:\\\/\\\/tradichem.es\\\/pt\\\/?s={search_term_string}\"},\"query-input\":{\"@type\":\"PropertyValueSpecification\",\"valueRequired\":true,\"valueName\":\"search_term_string\"}}],\"inLanguage\":\"pt-PT\"},{\"@type\":\"Organization\",\"@id\":\"https:\\\/\\\/tradichem.es\\\/pt\\\/#organization\",\"name\":\"Tradichem\",\"url\":\"https:\\\/\\\/tradichem.es\\\/pt\\\/\",\"logo\":{\"@type\":\"ImageObject\",\"inLanguage\":\"pt-PT\",\"@id\":\"https:\\\/\\\/tradichem.es\\\/pt\\\/#\\\/schema\\\/logo\\\/image\\\/\",\"url\":\"https:\\\/\\\/tradichem.es\\\/wp-content\\\/uploads\\\/2021\\\/10\\\/logotra200.png\",\"contentUrl\":\"https:\\\/\\\/tradichem.es\\\/wp-content\\\/uploads\\\/2021\\\/10\\\/logotra200.png\",\"width\":200,\"height\":200,\"caption\":\"Tradichem\"},\"image\":{\"@id\":\"https:\\\/\\\/tradichem.es\\\/pt\\\/#\\\/schema\\\/logo\\\/image\\\/\"}}]}<\/script>\n<!-- \/ Yoast SEO plugin. -->","yoast_head_json":{"title":"Vendas mundiais - Tradichem","robots":{"index":"index","follow":"follow","max-snippet":"max-snippet:-1","max-image-preview":"max-image-preview:large","max-video-preview":"max-video-preview:-1"},"canonical":"https:\/\/tradichem.es\/pt\/vendas-mundiais\/","og_locale":"pt_PT","og_type":"article","og_title":"Vendas mundiais - Tradichem","og_description":"A TRADICHEM \u00e9 um ator global com presen\u00e7a em mais de 52 pa\u00edses de todo o mundo. H\u00e1 mais de 2500 suplementos alimentares que cont\u00eam os nossos ingredientes. Como fornecedores de Ingredientes Nutrac\u00eauticos de primeiro n\u00edvel, podemos cumprir com sucesso os seus requisitos ao operarmos eficientemente nas suas \u00e1reas estrat\u00e9gicas e geogr\u00e1ficas pretendidas.","og_url":"https:\/\/tradichem.es\/pt\/vendas-mundiais\/","og_site_name":"Tradichem","article_modified_time":"2025-04-24T13:49:40+00:00","og_image":[{"width":2000,"height":500,"url":"https:\/\/tradichem.es\/wp-content\/uploads\/2019\/06\/hworldwide-sales.jpg","type":"image\/jpeg"}],"twitter_card":"summary_large_image","twitter_misc":{"Tempo estimado de leitura":"1 minuto"},"schema":{"@context":"https:\/\/schema.org","@graph":[{"@type":"WebPage","@id":"https:\/\/tradichem.es\/pt\/vendas-mundiais\/","url":"https:\/\/tradichem.es\/pt\/vendas-mundiais\/","name":"Vendas mundiais - Tradichem","isPartOf":{"@id":"https:\/\/tradichem.es\/pt\/#website"},"primaryImageOfPage":{"@id":"https:\/\/tradichem.es\/pt\/vendas-mundiais\/#primaryimage"},"image":{"@id":"https:\/\/tradichem.es\/pt\/vendas-mundiais\/#primaryimage"},"thumbnailUrl":"https:\/\/tradichem.es\/wp-content\/uploads\/2019\/06\/hworldwide-sales.jpg","datePublished":"2019-10-23T20:44:24+00:00","dateModified":"2025-04-24T13:49:40+00:00","breadcrumb":{"@id":"https:\/\/tradichem.es\/pt\/vendas-mundiais\/#breadcrumb"},"inLanguage":"pt-PT","potentialAction":[{"@type":"ReadAction","target":["https:\/\/tradichem.es\/pt\/vendas-mundiais\/"]}]},{"@type":"ImageObject","inLanguage":"pt-PT","@id":"https:\/\/tradichem.es\/pt\/vendas-mundiais\/#primaryimage","url":"https:\/\/tradichem.es\/wp-content\/uploads\/2019\/06\/hworldwide-sales.jpg","contentUrl":"https:\/\/tradichem.es\/wp-content\/uploads\/2019\/06\/hworldwide-sales.jpg","width":2000,"height":500},{"@type":"BreadcrumbList","@id":"https:\/\/tradichem.es\/pt\/vendas-mundiais\/#breadcrumb","itemListElement":[{"@type":"ListItem","position":1,"name":"Portada","item":"https:\/\/tradichem.es\/pt\/"},{"@type":"ListItem","position":2,"name":"Vendas mundiais"}]},{"@type":"WebSite","@id":"https:\/\/tradichem.es\/pt\/#website","url":"https:\/\/tradichem.es\/pt\/","name":"Tradichem","description":"Leader in the marketing and development of nutraceuticals and APIs","publisher":{"@id":"https:\/\/tradichem.es\/pt\/#organization"},"potentialAction":[{"@type":"SearchAction","target":{"@type":"EntryPoint","urlTemplate":"https:\/\/tradichem.es\/pt\/?s={search_term_string}"},"query-input":{"@type":"PropertyValueSpecification","valueRequired":true,"valueName":"search_term_string"}}],"inLanguage":"pt-PT"},{"@type":"Organization","@id":"https:\/\/tradichem.es\/pt\/#organization","name":"Tradichem","url":"https:\/\/tradichem.es\/pt\/","logo":{"@type":"ImageObject","inLanguage":"pt-PT","@id":"https:\/\/tradichem.es\/pt\/#\/schema\/logo\/image\/","url":"https:\/\/tradichem.es\/wp-content\/uploads\/2021\/10\/logotra200.png","contentUrl":"https:\/\/tradichem.es\/wp-content\/uploads\/2021\/10\/logotra200.png","width":200,"height":200,"caption":"Tradichem"},"image":{"@id":"https:\/\/tradichem.es\/pt\/#\/schema\/logo\/image\/"}}]}},"_links":{"self":[{"href":"https:\/\/tradichem.es\/pt\/wp-json\/wp\/v2\/pages\/2919","targetHints":{"allow":["GET"]}}],"collection":[{"href":"https:\/\/tradichem.es\/pt\/wp-json\/wp\/v2\/pages"}],"about":[{"href":"https:\/\/tradichem.es\/pt\/wp-json\/wp\/v2\/types\/page"}],"author":[{"embeddable":true,"href":"https:\/\/tradichem.es\/pt\/wp-json\/wp\/v2\/users\/1"}],"replies":[{"embeddable":true,"href":"https:\/\/tradichem.es\/pt\/wp-json\/wp\/v2\/comments?post=2919"}],"version-history":[{"count":5,"href":"https:\/\/tradichem.es\/pt\/wp-json\/wp\/v2\/pages\/2919\/revisions"}],"predecessor-version":[{"id":18557,"href":"https:\/\/tradichem.es\/pt\/wp-json\/wp\/v2\/pages\/2919\/revisions\/18557"}],"wp:featuredmedia":[{"embeddable":true,"href":"https:\/\/tradichem.es\/pt\/wp-json\/wp\/v2\/media\/2924"}],"wp:attachment":[{"href":"https:\/\/tradichem.es\/pt\/wp-json\/wp\/v2\/media?parent=2919"}],"curies":[{"name":"wp","href":"https:\/\/api.w.org\/{rel}","templated":true}]}}