{"id":2928,"date":"2019-10-23T22:48:22","date_gmt":"2019-10-23T20:48:22","guid":{"rendered":"https:\/\/tradichem.es\/certificados\/"},"modified":"2019-10-23T22:49:05","modified_gmt":"2019-10-23T20:49:05","slug":"certificados","status":"publish","type":"page","link":"https:\/\/tradichem.es\/pt\/certificados\/","title":{"rendered":"Certificados"},"content":{"rendered":"\t\t<div data-elementor-type=\"wp-post\" data-elementor-id=\"2928\" class=\"elementor elementor-2928\" data-elementor-post-type=\"page\">\n\t\t\t\t\t\t<section class=\"elementor-section elementor-top-section elementor-element elementor-element-54ae1b7 elementor-section-boxed elementor-section-height-default elementor-section-height-default\" data-id=\"54ae1b7\" data-element_type=\"section\" data-e-type=\"section\" data-settings=\"{&quot;background_background&quot;:&quot;classic&quot;}\">\n\t\t\t\t\t\t<div class=\"elementor-container elementor-column-gap-default\">\n\t\t\t\t\t<div class=\"elementor-column elementor-col-50 elementor-top-column elementor-element elementor-element-7f4138d\" data-id=\"7f4138d\" data-element_type=\"column\" data-e-type=\"column\">\n\t\t\t<div class=\"elementor-widget-wrap elementor-element-populated\">\n\t\t\t\t\t\t<div class=\"elementor-element elementor-element-66a1dbd elementor-invisible elementor-widget elementor-widget-heading\" data-id=\"66a1dbd\" data-element_type=\"widget\" data-e-type=\"widget\" data-settings=\"{&quot;_animation&quot;:&quot;fadeIn&quot;}\" data-widget_type=\"heading.default\">\n\t\t\t\t<div class=\"elementor-widget-container\">\n\t\t\t\t\t<h4 class=\"elementor-heading-title elementor-size-default\">Aumento da Efici\u00eancia.<br>Melhoria da Qualidade.<\/h4>\t\t\t\t<\/div>\n\t\t\t\t<\/div>\n\t\t\t\t\t<\/div>\n\t\t<\/div>\n\t\t\t\t<div class=\"elementor-column elementor-col-50 elementor-top-column elementor-element elementor-element-8065ab9\" data-id=\"8065ab9\" data-element_type=\"column\" data-e-type=\"column\">\n\t\t\t<div class=\"elementor-widget-wrap elementor-element-populated\">\n\t\t\t\t\t\t<div class=\"elementor-element elementor-element-094d4e0 elementor-invisible elementor-widget elementor-widget-heading\" data-id=\"094d4e0\" data-element_type=\"widget\" data-e-type=\"widget\" data-settings=\"{&quot;_animation&quot;:&quot;fadeIn&quot;}\" data-widget_type=\"heading.default\">\n\t\t\t\t<div class=\"elementor-widget-container\">\n\t\t\t\t\t<h4 class=\"elementor-heading-title elementor-size-default\">A TRADICHEM opera sob o sistema de qualidade oficial GMP e ISO baseado na qualidade dos seus produtos e servi\u00e7os. Para os nossos clientes assumimos os processos de vendas, servi\u00e7o, assist\u00eancia, recursos humanos e forma\u00e7\u00e3o. Estes certificados ISO permitem-nos demonstrar a nossa capacidade para cumprir as necessidades do cliente.<\/h4>\t\t\t\t<\/div>\n\t\t\t\t<\/div>\n\t\t\t\t\t<\/div>\n\t\t<\/div>\n\t\t\t\t\t<\/div>\n\t\t<\/section>\n\t\t\t\t<section class=\"elementor-section elementor-top-section elementor-element elementor-element-d55fb85 elementor-section-boxed elementor-section-height-default elementor-section-height-default\" data-id=\"d55fb85\" data-element_type=\"section\" data-e-type=\"section\" data-settings=\"{&quot;background_background&quot;:&quot;classic&quot;}\">\n\t\t\t\t\t\t<div class=\"elementor-container elementor-column-gap-wider\">\n\t\t\t\t\t<div class=\"elementor-column elementor-col-50 elementor-top-column elementor-element elementor-element-c2bfdb4\" data-id=\"c2bfdb4\" data-element_type=\"column\" data-e-type=\"column\" data-settings=\"{&quot;background_background&quot;:&quot;classic&quot;}\">\n\t\t\t<div class=\"elementor-widget-wrap elementor-element-populated\">\n\t\t\t\t\t\t<div class=\"elementor-element elementor-element-d684efd elementor-invisible elementor-widget elementor-widget-heading\" data-id=\"d684efd\" data-element_type=\"widget\" data-e-type=\"widget\" data-settings=\"{&quot;_animation&quot;:&quot;fadeIn&quot;}\" data-widget_type=\"heading.default\">\n\t\t\t\t<div class=\"elementor-widget-container\">\n\t\t\t\t\t<h4 class=\"elementor-heading-title elementor-size-default\">GMP<\/h4>\t\t\t\t<\/div>\n\t\t\t\t<\/div>\n\t\t\t\t<div class=\"elementor-element elementor-element-082b811 elementor-widget elementor-widget-text-editor\" data-id=\"082b811\" data-element_type=\"widget\" data-e-type=\"widget\" data-widget_type=\"text-editor.default\">\n\t\t\t\t<div class=\"elementor-widget-container\">\n\t\t\t\t\t\t\t\t\t<p><span style=\"font-weight: 400;\">O certificado GMP ou de boas pr\u00e1ticas no Fabrico \u00e9 um sistema para garantir que os produtos s\u00e3o fabricados e controlados de maneira uniforme, de acordo com as normas de qualidade da ind\u00fastria farmac\u00eautica.<\/span><\/p>\n\t\t\t\t\t\t\t\t<\/div>\n\t\t\t\t<\/div>\n\t\t\t\t<div class=\"elementor-element elementor-element-37d5b97 elementor-invisible elementor-widget elementor-widget-image\" data-id=\"37d5b97\" data-element_type=\"widget\" data-e-type=\"widget\" data-settings=\"{&quot;_animation&quot;:&quot;fadeIn&quot;}\" data-widget_type=\"image.default\">\n\t\t\t\t<div class=\"elementor-widget-container\">\n\t\t\t\t\t\t\t\t\t\t\t\t\t\t\t<img fetchpriority=\"high\" decoding=\"async\" width=\"300\" height=\"300\" src=\"https:\/\/tradichem.es\/wp-content\/uploads\/2019\/06\/gmp.png\" class=\"attachment-full size-full wp-image-2930\" alt=\"\" srcset=\"https:\/\/tradichem.es\/wp-content\/uploads\/2019\/06\/gmp.png 300w, https:\/\/tradichem.es\/wp-content\/uploads\/2019\/06\/gmp-150x150.png 150w\" sizes=\"(max-width: 300px) 100vw, 300px\" \/>\t\t\t\t\t\t\t\t\t\t\t\t\t\t\t<\/div>\n\t\t\t\t<\/div>\n\t\t\t\t\t<\/div>\n\t\t<\/div>\n\t\t\t\t<div class=\"elementor-column elementor-col-50 elementor-top-column elementor-element elementor-element-086b8fd\" data-id=\"086b8fd\" data-element_type=\"column\" data-e-type=\"column\" data-settings=\"{&quot;background_background&quot;:&quot;classic&quot;}\">\n\t\t\t<div class=\"elementor-widget-wrap elementor-element-populated\">\n\t\t\t\t\t\t<div class=\"elementor-element elementor-element-7364da2 elementor-invisible elementor-widget elementor-widget-heading\" data-id=\"7364da2\" data-element_type=\"widget\" data-e-type=\"widget\" data-settings=\"{&quot;_animation&quot;:&quot;fadeIn&quot;}\" data-widget_type=\"heading.default\">\n\t\t\t\t<div class=\"elementor-widget-container\">\n\t\t\t\t\t<h4 class=\"elementor-heading-title elementor-size-default\">ISO 9001<\/h4>\t\t\t\t<\/div>\n\t\t\t\t<\/div>\n\t\t\t\t<div class=\"elementor-element elementor-element-44e0747 elementor-widget elementor-widget-text-editor\" data-id=\"44e0747\" data-element_type=\"widget\" data-e-type=\"widget\" data-widget_type=\"text-editor.default\">\n\t\t\t\t<div class=\"elementor-widget-container\">\n\t\t\t\t\t\t\t\t\t<p>Este certificado, conferido pelo BUREAU VERITAS, certifica e valida as nossas instala\u00e7\u00f5es e procedimentos para a armazenagem, a distribui\u00e7\u00e3o e a comercializa\u00e7\u00e3o de mat\u00e9rias-primas nutrac\u00eauticas, farmac\u00eauticas e cosm\u00e9ticas.<br \/>\nSegundo a diretiva 2011\/62\/EU, submetemos corretamente \u00e0s autoridades sanit\u00e1rias espanholas as boas Pr\u00e1ticas de Distribui\u00e7\u00e3o.<\/p>\n\t\t\t\t\t\t\t\t<\/div>\n\t\t\t\t<\/div>\n\t\t\t\t<div class=\"elementor-element elementor-element-580046d elementor-invisible elementor-widget elementor-widget-image\" data-id=\"580046d\" data-element_type=\"widget\" data-e-type=\"widget\" data-settings=\"{&quot;_animation&quot;:&quot;fadeIn&quot;}\" data-widget_type=\"image.default\">\n\t\t\t\t<div class=\"elementor-widget-container\">\n\t\t\t\t\t\t\t\t\t\t\t\t\t\t\t\t<a href=\"https:\/\/tradichem.es\/wp-content\/uploads\/2019\/07\/ISO_9001.pdf\" target=\"_blank\">\n\t\t\t\t\t\t\t<img decoding=\"async\" width=\"677\" height=\"300\" src=\"https:\/\/tradichem.es\/wp-content\/uploads\/2019\/06\/iso9001.png\" class=\"attachment-full size-full wp-image-2933\" alt=\"\" srcset=\"https:\/\/tradichem.es\/wp-content\/uploads\/2019\/06\/iso9001.png 677w, https:\/\/tradichem.es\/wp-content\/uploads\/2019\/06\/iso9001-300x133.png 300w\" sizes=\"(max-width: 677px) 100vw, 677px\" \/>\t\t\t\t\t\t\t\t<\/a>\n\t\t\t\t\t\t\t\t\t\t\t\t\t\t\t<\/div>\n\t\t\t\t<\/div>\n\t\t\t\t\t<\/div>\n\t\t<\/div>\n\t\t\t\t\t<\/div>\n\t\t<\/section>\n\t\t\t\t<section class=\"elementor-section elementor-top-section elementor-element elementor-element-f1fa9a4 elementor-section-boxed elementor-section-height-default elementor-section-height-default\" data-id=\"f1fa9a4\" data-element_type=\"section\" data-e-type=\"section\" data-settings=\"{&quot;background_background&quot;:&quot;classic&quot;}\">\n\t\t\t\t\t\t<div class=\"elementor-container elementor-column-gap-wider\">\n\t\t\t\t\t<div class=\"elementor-column elementor-col-50 elementor-top-column elementor-element elementor-element-3acbeaf\" data-id=\"3acbeaf\" data-element_type=\"column\" data-e-type=\"column\" data-settings=\"{&quot;background_background&quot;:&quot;classic&quot;}\">\n\t\t\t<div class=\"elementor-widget-wrap elementor-element-populated\">\n\t\t\t\t\t\t<div class=\"elementor-element elementor-element-c7ff084 elementor-invisible elementor-widget elementor-widget-heading\" data-id=\"c7ff084\" data-element_type=\"widget\" data-e-type=\"widget\" data-settings=\"{&quot;_animation&quot;:&quot;fadeIn&quot;}\" data-widget_type=\"heading.default\">\n\t\t\t\t<div class=\"elementor-widget-container\">\n\t\t\t\t\t<h4 class=\"elementor-heading-title elementor-size-default\">ISO 14001<\/h4>\t\t\t\t<\/div>\n\t\t\t\t<\/div>\n\t\t\t\t<div class=\"elementor-element elementor-element-12ea75d elementor-widget elementor-widget-text-editor\" data-id=\"12ea75d\" data-element_type=\"widget\" data-e-type=\"widget\" data-widget_type=\"text-editor.default\">\n\t\t\t\t<div class=\"elementor-widget-container\">\n\t\t\t\t\t\t\t\t\t<p>Este certificado, conferido pelo BUREAU VERITAS, garante os requisitos para um sistema de gest\u00e3o ambiental efetivo nas nossas pr\u00e1ticas para a comercializa\u00e7\u00e3o, a armazenagem e a distribui\u00e7\u00e3o de mat\u00e9rias-primas farmac\u00eauticas, diet\u00e9ticas, alimentares e cosm\u00e9ticas.<\/p>\n\t\t\t\t\t\t\t\t<\/div>\n\t\t\t\t<\/div>\n\t\t\t\t<div class=\"elementor-element elementor-element-54712f0 elementor-invisible elementor-widget elementor-widget-image\" data-id=\"54712f0\" data-element_type=\"widget\" data-e-type=\"widget\" data-settings=\"{&quot;_animation&quot;:&quot;fadeIn&quot;}\" data-widget_type=\"image.default\">\n\t\t\t\t<div class=\"elementor-widget-container\">\n\t\t\t\t\t\t\t\t\t\t\t\t\t\t\t\t<a href=\"https:\/\/tradichem.es\/wp-content\/uploads\/2019\/07\/ISO_14001.pdf\" target=\"_blank\">\n\t\t\t\t\t\t\t<img decoding=\"async\" width=\"614\" height=\"300\" src=\"https:\/\/tradichem.es\/wp-content\/uploads\/2019\/06\/iso14001.png\" class=\"attachment-full size-full wp-image-2936\" alt=\"\" srcset=\"https:\/\/tradichem.es\/wp-content\/uploads\/2019\/06\/iso14001.png 614w, https:\/\/tradichem.es\/wp-content\/uploads\/2019\/06\/iso14001-300x147.png 300w\" sizes=\"(max-width: 614px) 100vw, 614px\" \/>\t\t\t\t\t\t\t\t<\/a>\n\t\t\t\t\t\t\t\t\t\t\t\t\t\t\t<\/div>\n\t\t\t\t<\/div>\n\t\t\t\t\t<\/div>\n\t\t<\/div>\n\t\t\t\t<div class=\"elementor-column elementor-col-50 elementor-top-column elementor-element elementor-element-80128e4\" data-id=\"80128e4\" data-element_type=\"column\" data-e-type=\"column\" data-settings=\"{&quot;background_background&quot;:&quot;classic&quot;}\">\n\t\t\t<div class=\"elementor-widget-wrap elementor-element-populated\">\n\t\t\t\t\t\t<div class=\"elementor-element elementor-element-c167c36 elementor-invisible elementor-widget elementor-widget-heading\" data-id=\"c167c36\" data-element_type=\"widget\" data-e-type=\"widget\" data-settings=\"{&quot;_animation&quot;:&quot;fadeIn&quot;}\" data-widget_type=\"heading.default\">\n\t\t\t\t<div class=\"elementor-widget-container\">\n\t\t\t\t\t<h4 class=\"elementor-heading-title elementor-size-default\">EFC 2019<\/h4>\t\t\t\t<\/div>\n\t\t\t\t<\/div>\n\t\t\t\t<div class=\"elementor-element elementor-element-9f4329b elementor-widget elementor-widget-text-editor\" data-id=\"9f4329b\" data-element_type=\"widget\" data-e-type=\"widget\" data-widget_type=\"text-editor.default\">\n\t\t\t\t<div class=\"elementor-widget-container\">\n\t\t\t\t\t\t\t\t\t<p>Incorpora\u00e7\u00e3o de pr\u00e1ticas antifraude recomendadas pelo EFC, um organismo externo de certifica\u00e7\u00e3o e de defesa alimentar independente dos EUA.<\/p>\n\t\t\t\t\t\t\t\t<\/div>\n\t\t\t\t<\/div>\n\t\t\t\t<div class=\"elementor-element elementor-element-fbeb314 elementor-invisible elementor-widget elementor-widget-image\" data-id=\"fbeb314\" data-element_type=\"widget\" data-e-type=\"widget\" data-settings=\"{&quot;_animation&quot;:&quot;fadeIn&quot;}\" data-widget_type=\"image.default\">\n\t\t\t\t<div class=\"elementor-widget-container\">\n\t\t\t\t\t\t\t\t\t\t\t\t\t\t\t<img loading=\"lazy\" decoding=\"async\" width=\"300\" height=\"298\" src=\"https:\/\/tradichem.es\/wp-content\/uploads\/2019\/06\/efc.png\" class=\"attachment-full size-full wp-image-2939\" alt=\"\" srcset=\"https:\/\/tradichem.es\/wp-content\/uploads\/2019\/06\/efc.png 300w, https:\/\/tradichem.es\/wp-content\/uploads\/2019\/06\/efc-150x150.png 150w\" sizes=\"(max-width: 300px) 100vw, 300px\" \/>\t\t\t\t\t\t\t\t\t\t\t\t\t\t\t<\/div>\n\t\t\t\t<\/div>\n\t\t\t\t\t<\/div>\n\t\t<\/div>\n\t\t\t\t\t<\/div>\n\t\t<\/section>\n\t\t\t\t<\/div>\n\t\t","protected":false},"excerpt":{"rendered":"<p>Aumento da Efici\u00eancia. Melhoria da Qualidade. A TRADICHEM opera sob o sistema de qualidade oficial GMP e ISO baseado na qualidade dos seus produtos e servi\u00e7os. Para os nossos clientes assumimos os processos de vendas, servi\u00e7o, assist\u00eancia, recursos humanos e forma\u00e7\u00e3o. Estes certificados ISO permitem-nos demonstrar a nossa capacidade para cumprir as necessidades do cliente. &#8230; <a title=\"Certificados\" class=\"read-more\" href=\"https:\/\/tradichem.es\/pt\/certificados\/\" aria-label=\"Leia mais sobre Certificados\">Ler mais<\/a><\/p>\n","protected":false},"author":1,"featured_media":2942,"parent":0,"menu_order":0,"comment_status":"closed","ping_status":"closed","template":"","meta":{"_acf_changed":false,"footnotes":""},"class_list":["post-2928","page","type-page","status-publish","has-post-thumbnail"],"acf":[],"yoast_head":"<!-- This site is optimized with the Yoast SEO plugin v27.3 - https:\/\/yoast.com\/product\/yoast-seo-wordpress\/ -->\n<title>Certificados - Tradichem<\/title>\n<meta name=\"robots\" content=\"index, follow, max-snippet:-1, max-image-preview:large, max-video-preview:-1\" \/>\n<link rel=\"canonical\" href=\"https:\/\/tradichem.es\/pt\/certificados\/\" \/>\n<meta property=\"og:locale\" content=\"pt_PT\" \/>\n<meta property=\"og:type\" content=\"article\" \/>\n<meta property=\"og:title\" content=\"Certificados - Tradichem\" \/>\n<meta property=\"og:description\" content=\"Aumento da Efici\u00eancia. Melhoria da Qualidade. A TRADICHEM opera sob o sistema de qualidade oficial GMP e ISO baseado na qualidade dos seus produtos e servi\u00e7os. Para os nossos clientes assumimos os processos de vendas, servi\u00e7o, assist\u00eancia, recursos humanos e forma\u00e7\u00e3o. Estes certificados ISO permitem-nos demonstrar a nossa capacidade para cumprir as necessidades do cliente. ... Ler mais\" \/>\n<meta property=\"og:url\" content=\"https:\/\/tradichem.es\/pt\/certificados\/\" \/>\n<meta property=\"og:site_name\" content=\"Tradichem\" \/>\n<meta property=\"article:modified_time\" content=\"2019-10-23T20:49:05+00:00\" \/>\n<meta property=\"og:image\" content=\"https:\/\/tradichem.es\/wp-content\/uploads\/2019\/06\/hcertifications.jpg\" \/>\n\t<meta property=\"og:image:width\" content=\"2000\" \/>\n\t<meta property=\"og:image:height\" content=\"500\" \/>\n\t<meta property=\"og:image:type\" content=\"image\/jpeg\" \/>\n<meta name=\"twitter:card\" content=\"summary_large_image\" \/>\n<meta name=\"twitter:label1\" content=\"Tempo estimado de leitura\" \/>\n\t<meta name=\"twitter:data1\" content=\"1 minuto\" \/>\n<script type=\"application\/ld+json\" class=\"yoast-schema-graph\">{\"@context\":\"https:\\\/\\\/schema.org\",\"@graph\":[{\"@type\":\"WebPage\",\"@id\":\"https:\\\/\\\/tradichem.es\\\/pt\\\/certificados\\\/\",\"url\":\"https:\\\/\\\/tradichem.es\\\/pt\\\/certificados\\\/\",\"name\":\"Certificados - Tradichem\",\"isPartOf\":{\"@id\":\"https:\\\/\\\/tradichem.es\\\/pt\\\/#website\"},\"primaryImageOfPage\":{\"@id\":\"https:\\\/\\\/tradichem.es\\\/pt\\\/certificados\\\/#primaryimage\"},\"image\":{\"@id\":\"https:\\\/\\\/tradichem.es\\\/pt\\\/certificados\\\/#primaryimage\"},\"thumbnailUrl\":\"https:\\\/\\\/tradichem.es\\\/wp-content\\\/uploads\\\/2019\\\/06\\\/hcertifications.jpg\",\"datePublished\":\"2019-10-23T20:48:22+00:00\",\"dateModified\":\"2019-10-23T20:49:05+00:00\",\"breadcrumb\":{\"@id\":\"https:\\\/\\\/tradichem.es\\\/pt\\\/certificados\\\/#breadcrumb\"},\"inLanguage\":\"pt-PT\",\"potentialAction\":[{\"@type\":\"ReadAction\",\"target\":[\"https:\\\/\\\/tradichem.es\\\/pt\\\/certificados\\\/\"]}]},{\"@type\":\"ImageObject\",\"inLanguage\":\"pt-PT\",\"@id\":\"https:\\\/\\\/tradichem.es\\\/pt\\\/certificados\\\/#primaryimage\",\"url\":\"https:\\\/\\\/tradichem.es\\\/wp-content\\\/uploads\\\/2019\\\/06\\\/hcertifications.jpg\",\"contentUrl\":\"https:\\\/\\\/tradichem.es\\\/wp-content\\\/uploads\\\/2019\\\/06\\\/hcertifications.jpg\",\"width\":2000,\"height\":500},{\"@type\":\"BreadcrumbList\",\"@id\":\"https:\\\/\\\/tradichem.es\\\/pt\\\/certificados\\\/#breadcrumb\",\"itemListElement\":[{\"@type\":\"ListItem\",\"position\":1,\"name\":\"Portada\",\"item\":\"https:\\\/\\\/tradichem.es\\\/pt\\\/\"},{\"@type\":\"ListItem\",\"position\":2,\"name\":\"Certificados\"}]},{\"@type\":\"WebSite\",\"@id\":\"https:\\\/\\\/tradichem.es\\\/pt\\\/#website\",\"url\":\"https:\\\/\\\/tradichem.es\\\/pt\\\/\",\"name\":\"Tradichem\",\"description\":\"Leader in the marketing and development of nutraceuticals and APIs\",\"publisher\":{\"@id\":\"https:\\\/\\\/tradichem.es\\\/pt\\\/#organization\"},\"potentialAction\":[{\"@type\":\"SearchAction\",\"target\":{\"@type\":\"EntryPoint\",\"urlTemplate\":\"https:\\\/\\\/tradichem.es\\\/pt\\\/?s={search_term_string}\"},\"query-input\":{\"@type\":\"PropertyValueSpecification\",\"valueRequired\":true,\"valueName\":\"search_term_string\"}}],\"inLanguage\":\"pt-PT\"},{\"@type\":\"Organization\",\"@id\":\"https:\\\/\\\/tradichem.es\\\/pt\\\/#organization\",\"name\":\"Tradichem\",\"url\":\"https:\\\/\\\/tradichem.es\\\/pt\\\/\",\"logo\":{\"@type\":\"ImageObject\",\"inLanguage\":\"pt-PT\",\"@id\":\"https:\\\/\\\/tradichem.es\\\/pt\\\/#\\\/schema\\\/logo\\\/image\\\/\",\"url\":\"https:\\\/\\\/tradichem.es\\\/wp-content\\\/uploads\\\/2021\\\/10\\\/logotra200.png\",\"contentUrl\":\"https:\\\/\\\/tradichem.es\\\/wp-content\\\/uploads\\\/2021\\\/10\\\/logotra200.png\",\"width\":200,\"height\":200,\"caption\":\"Tradichem\"},\"image\":{\"@id\":\"https:\\\/\\\/tradichem.es\\\/pt\\\/#\\\/schema\\\/logo\\\/image\\\/\"}}]}<\/script>\n<!-- \/ Yoast SEO plugin. -->","yoast_head_json":{"title":"Certificados - Tradichem","robots":{"index":"index","follow":"follow","max-snippet":"max-snippet:-1","max-image-preview":"max-image-preview:large","max-video-preview":"max-video-preview:-1"},"canonical":"https:\/\/tradichem.es\/pt\/certificados\/","og_locale":"pt_PT","og_type":"article","og_title":"Certificados - Tradichem","og_description":"Aumento da Efici\u00eancia. Melhoria da Qualidade. A TRADICHEM opera sob o sistema de qualidade oficial GMP e ISO baseado na qualidade dos seus produtos e servi\u00e7os. Para os nossos clientes assumimos os processos de vendas, servi\u00e7o, assist\u00eancia, recursos humanos e forma\u00e7\u00e3o. Estes certificados ISO permitem-nos demonstrar a nossa capacidade para cumprir as necessidades do cliente. ... Ler mais","og_url":"https:\/\/tradichem.es\/pt\/certificados\/","og_site_name":"Tradichem","article_modified_time":"2019-10-23T20:49:05+00:00","og_image":[{"width":2000,"height":500,"url":"https:\/\/tradichem.es\/wp-content\/uploads\/2019\/06\/hcertifications.jpg","type":"image\/jpeg"}],"twitter_card":"summary_large_image","twitter_misc":{"Tempo estimado de leitura":"1 minuto"},"schema":{"@context":"https:\/\/schema.org","@graph":[{"@type":"WebPage","@id":"https:\/\/tradichem.es\/pt\/certificados\/","url":"https:\/\/tradichem.es\/pt\/certificados\/","name":"Certificados - Tradichem","isPartOf":{"@id":"https:\/\/tradichem.es\/pt\/#website"},"primaryImageOfPage":{"@id":"https:\/\/tradichem.es\/pt\/certificados\/#primaryimage"},"image":{"@id":"https:\/\/tradichem.es\/pt\/certificados\/#primaryimage"},"thumbnailUrl":"https:\/\/tradichem.es\/wp-content\/uploads\/2019\/06\/hcertifications.jpg","datePublished":"2019-10-23T20:48:22+00:00","dateModified":"2019-10-23T20:49:05+00:00","breadcrumb":{"@id":"https:\/\/tradichem.es\/pt\/certificados\/#breadcrumb"},"inLanguage":"pt-PT","potentialAction":[{"@type":"ReadAction","target":["https:\/\/tradichem.es\/pt\/certificados\/"]}]},{"@type":"ImageObject","inLanguage":"pt-PT","@id":"https:\/\/tradichem.es\/pt\/certificados\/#primaryimage","url":"https:\/\/tradichem.es\/wp-content\/uploads\/2019\/06\/hcertifications.jpg","contentUrl":"https:\/\/tradichem.es\/wp-content\/uploads\/2019\/06\/hcertifications.jpg","width":2000,"height":500},{"@type":"BreadcrumbList","@id":"https:\/\/tradichem.es\/pt\/certificados\/#breadcrumb","itemListElement":[{"@type":"ListItem","position":1,"name":"Portada","item":"https:\/\/tradichem.es\/pt\/"},{"@type":"ListItem","position":2,"name":"Certificados"}]},{"@type":"WebSite","@id":"https:\/\/tradichem.es\/pt\/#website","url":"https:\/\/tradichem.es\/pt\/","name":"Tradichem","description":"Leader in the marketing and development of nutraceuticals and APIs","publisher":{"@id":"https:\/\/tradichem.es\/pt\/#organization"},"potentialAction":[{"@type":"SearchAction","target":{"@type":"EntryPoint","urlTemplate":"https:\/\/tradichem.es\/pt\/?s={search_term_string}"},"query-input":{"@type":"PropertyValueSpecification","valueRequired":true,"valueName":"search_term_string"}}],"inLanguage":"pt-PT"},{"@type":"Organization","@id":"https:\/\/tradichem.es\/pt\/#organization","name":"Tradichem","url":"https:\/\/tradichem.es\/pt\/","logo":{"@type":"ImageObject","inLanguage":"pt-PT","@id":"https:\/\/tradichem.es\/pt\/#\/schema\/logo\/image\/","url":"https:\/\/tradichem.es\/wp-content\/uploads\/2021\/10\/logotra200.png","contentUrl":"https:\/\/tradichem.es\/wp-content\/uploads\/2021\/10\/logotra200.png","width":200,"height":200,"caption":"Tradichem"},"image":{"@id":"https:\/\/tradichem.es\/pt\/#\/schema\/logo\/image\/"}}]}},"_links":{"self":[{"href":"https:\/\/tradichem.es\/pt\/wp-json\/wp\/v2\/pages\/2928","targetHints":{"allow":["GET"]}}],"collection":[{"href":"https:\/\/tradichem.es\/pt\/wp-json\/wp\/v2\/pages"}],"about":[{"href":"https:\/\/tradichem.es\/pt\/wp-json\/wp\/v2\/types\/page"}],"author":[{"embeddable":true,"href":"https:\/\/tradichem.es\/pt\/wp-json\/wp\/v2\/users\/1"}],"replies":[{"embeddable":true,"href":"https:\/\/tradichem.es\/pt\/wp-json\/wp\/v2\/comments?post=2928"}],"version-history":[{"count":2,"href":"https:\/\/tradichem.es\/pt\/wp-json\/wp\/v2\/pages\/2928\/revisions"}],"predecessor-version":[{"id":2945,"href":"https:\/\/tradichem.es\/pt\/wp-json\/wp\/v2\/pages\/2928\/revisions\/2945"}],"wp:featuredmedia":[{"embeddable":true,"href":"https:\/\/tradichem.es\/pt\/wp-json\/wp\/v2\/media\/2942"}],"wp:attachment":[{"href":"https:\/\/tradichem.es\/pt\/wp-json\/wp\/v2\/media?parent=2928"}],"curies":[{"name":"wp","href":"https:\/\/api.w.org\/{rel}","templated":true}]}}