{"id":2946,"date":"2019-10-23T22:52:44","date_gmt":"2019-10-23T20:52:44","guid":{"rendered":"https:\/\/tradichem.es\/saude-intestinal\/"},"modified":"2025-01-22T10:45:06","modified_gmt":"2025-01-22T09:45:06","slug":"saude-intestinal","status":"publish","type":"page","link":"https:\/\/tradichem.es\/pt\/saude-intestinal\/","title":{"rendered":"Sau\u0301de intestinal"},"content":{"rendered":"\t\t<div data-elementor-type=\"wp-post\" data-elementor-id=\"2946\" class=\"elementor elementor-2946 elementor-1834\" data-elementor-post-type=\"page\">\n\t\t\t\t\t\t<section class=\"elementor-section elementor-top-section elementor-element elementor-element-ae9bbc0 elementor-section-height-min-height elementor-section-boxed elementor-section-height-default elementor-section-items-middle\" data-id=\"ae9bbc0\" data-element_type=\"section\" data-e-type=\"section\" data-settings=\"{&quot;background_background&quot;:&quot;classic&quot;}\">\n\t\t\t\t\t\t<div class=\"elementor-container elementor-column-gap-default\">\n\t\t\t\t\t<div class=\"elementor-column elementor-col-50 elementor-top-column elementor-element elementor-element-35266e5\" data-id=\"35266e5\" data-element_type=\"column\" data-e-type=\"column\" data-settings=\"{&quot;background_background&quot;:&quot;classic&quot;}\">\n\t\t\t<div class=\"elementor-widget-wrap elementor-element-populated\">\n\t\t\t\t\t\t<div class=\"elementor-element elementor-element-8eb1f56 elementor-invisible elementor-widget elementor-widget-image\" data-id=\"8eb1f56\" data-element_type=\"widget\" data-e-type=\"widget\" data-settings=\"{&quot;_animation&quot;:&quot;fadeIn&quot;}\" data-widget_type=\"image.default\">\n\t\t\t\t<div class=\"elementor-widget-container\">\n\t\t\t\t\t\t\t\t\t\t\t\t\t\t\t\t<a href=\"#\">\n\t\t\t\t\t\t\t<img fetchpriority=\"high\" decoding=\"async\" width=\"300\" height=\"300\" src=\"https:\/\/tradichem.es\/wp-content\/uploads\/2019\/05\/tradichem_gut-health-300x300.png\" class=\"attachment-medium size-medium wp-image-2786\" alt=\"\" srcset=\"https:\/\/tradichem.es\/wp-content\/uploads\/2019\/05\/tradichem_gut-health-300x300.png 300w, https:\/\/tradichem.es\/wp-content\/uploads\/2019\/05\/tradichem_gut-health-150x150.png 150w, https:\/\/tradichem.es\/wp-content\/uploads\/2019\/05\/tradichem_gut-health.png 482w\" sizes=\"(max-width: 300px) 100vw, 300px\" \/>\t\t\t\t\t\t\t\t<\/a>\n\t\t\t\t\t\t\t\t\t\t\t\t\t\t\t<\/div>\n\t\t\t\t<\/div>\n\t\t\t\t<div class=\"elementor-element elementor-element-cf212f8 elementor-invisible elementor-widget elementor-widget-heading\" data-id=\"cf212f8\" data-element_type=\"widget\" data-e-type=\"widget\" data-settings=\"{&quot;_animation&quot;:&quot;fadeIn&quot;}\" data-widget_type=\"heading.default\">\n\t\t\t\t<div class=\"elementor-widget-container\">\n\t\t\t\t\t<h4 class=\"elementor-heading-title elementor-size-default\">PYLOPASS<sup>\u00ae<\/sup><\/h4>\t\t\t\t<\/div>\n\t\t\t\t<\/div>\n\t\t\t\t<div class=\"elementor-element elementor-element-fdf23f5 elementor-widget-divider--view-line elementor-widget elementor-widget-divider\" data-id=\"fdf23f5\" data-element_type=\"widget\" data-e-type=\"widget\" data-widget_type=\"divider.default\">\n\t\t\t\t<div class=\"elementor-widget-container\">\n\t\t\t\t\t\t\t<div class=\"elementor-divider\">\n\t\t\t<span class=\"elementor-divider-separator\">\n\t\t\t\t\t\t<\/span>\n\t\t<\/div>\n\t\t\t\t\t\t<\/div>\n\t\t\t\t<\/div>\n\t\t\t\t<div class=\"elementor-element elementor-element-85476d8 elementor-widget elementor-widget-heading\" data-id=\"85476d8\" data-element_type=\"widget\" data-e-type=\"widget\" data-widget_type=\"heading.default\">\n\t\t\t\t<div class=\"elementor-widget-container\">\n\t\t\t\t\t<h2 class=\"elementor-heading-title elementor-size-default\">Uma nova abordagem no controlo de H. pylori<\/h2>\t\t\t\t<\/div>\n\t\t\t\t<\/div>\n\t\t\t\t<div class=\"elementor-element elementor-element-4dce98b elementor-widget elementor-widget-text-editor\" data-id=\"4dce98b\" data-element_type=\"widget\" data-e-type=\"widget\" data-widget_type=\"text-editor.default\">\n\t\t\t\t<div class=\"elementor-widget-container\">\n\t\t\t\t\t\t\t\t\t<p>A Pylopass<sup>\u00ae<\/sup> \u00e9 uma estirpe patenteada, Lactobacillus reuteri DSMZ 17648, que se une especificamente a H. pylori e forma um coagregado para reduzir a carga bacteriana.<\/p>\n<ul>\n<li>Redu\u00e7\u00e3o da carga de H. pylori em duas semanas.<\/li>\n<li>A Pylopass<sup>\u00ae<\/sup> n\u00e3o altera a microbiota intestinal.<\/li>\n<li>A Pylopass<sup>\u00ae<\/sup> n\u00e3o contribui para a resist\u00eancia aos antibi\u00f3ticos.<\/li>\n<\/ul>\n\t\t\t\t\t\t\t\t<\/div>\n\t\t\t\t<\/div>\n\t\t\t\t\t<\/div>\n\t\t<\/div>\n\t\t\t\t<div class=\"elementor-column elementor-col-50 elementor-top-column elementor-element elementor-element-41d3fd7\" data-id=\"41d3fd7\" data-element_type=\"column\" data-e-type=\"column\" data-settings=\"{&quot;background_background&quot;:&quot;classic&quot;}\">\n\t\t\t<div class=\"elementor-widget-wrap elementor-element-populated\">\n\t\t\t\t\t\t<div class=\"elementor-element elementor-element-9c6d6d5 animated-slow elementor-invisible elementor-widget elementor-widget-image\" data-id=\"9c6d6d5\" data-element_type=\"widget\" data-e-type=\"widget\" data-settings=\"{&quot;_animation&quot;:&quot;fadeIn&quot;,&quot;_animation_delay&quot;:100}\" data-widget_type=\"image.default\">\n\t\t\t\t<div class=\"elementor-widget-container\">\n\t\t\t\t\t\t\t\t\t\t\t\t\t\t\t<img decoding=\"async\" width=\"500\" height=\"538\" src=\"https:\/\/tradichem.es\/wp-content\/uploads\/2019\/06\/guthealth4.jpg\" class=\"attachment-full size-full wp-image-2948\" alt=\"\" srcset=\"https:\/\/tradichem.es\/wp-content\/uploads\/2019\/06\/guthealth4.jpg 500w, https:\/\/tradichem.es\/wp-content\/uploads\/2019\/06\/guthealth4-279x300.jpg 279w\" sizes=\"(max-width: 500px) 100vw, 500px\" \/>\t\t\t\t\t\t\t\t\t\t\t\t\t\t\t<\/div>\n\t\t\t\t<\/div>\n\t\t\t\t\t<\/div>\n\t\t<\/div>\n\t\t\t\t\t<\/div>\n\t\t<\/section>\n\t\t\t\t<section class=\"elementor-section elementor-top-section elementor-element elementor-element-cc0c015 elementor-section-height-min-height elementor-section-boxed elementor-section-height-default elementor-section-items-middle\" data-id=\"cc0c015\" data-element_type=\"section\" data-e-type=\"section\" data-settings=\"{&quot;background_background&quot;:&quot;classic&quot;}\">\n\t\t\t\t\t\t<div class=\"elementor-container elementor-column-gap-default\">\n\t\t\t\t\t<div class=\"elementor-column elementor-col-50 elementor-top-column elementor-element elementor-element-8613d90\" data-id=\"8613d90\" data-element_type=\"column\" data-e-type=\"column\" data-settings=\"{&quot;background_background&quot;:&quot;classic&quot;}\">\n\t\t\t<div class=\"elementor-widget-wrap elementor-element-populated\">\n\t\t\t\t\t\t<div class=\"elementor-element elementor-element-955239b elementor-widget elementor-widget-menu-anchor\" data-id=\"955239b\" data-element_type=\"widget\" data-e-type=\"widget\" data-widget_type=\"menu-anchor.default\">\n\t\t\t\t<div class=\"elementor-widget-container\">\n\t\t\t\t\t\t\t<div class=\"elementor-menu-anchor\" id=\"mallolax\"><\/div>\n\t\t\t\t\t\t<\/div>\n\t\t\t\t<\/div>\n\t\t\t\t<div class=\"elementor-element elementor-element-227a9c6 elementor-invisible elementor-widget elementor-widget-image\" data-id=\"227a9c6\" data-element_type=\"widget\" data-e-type=\"widget\" data-settings=\"{&quot;_animation&quot;:&quot;fadeIn&quot;}\" data-widget_type=\"image.default\">\n\t\t\t\t<div class=\"elementor-widget-container\">\n\t\t\t\t\t\t\t\t\t\t\t\t\t\t\t\t<a href=\"#\">\n\t\t\t\t\t\t\t<img decoding=\"async\" width=\"300\" height=\"300\" src=\"https:\/\/tradichem.es\/wp-content\/uploads\/2023\/03\/ICONO8-300x300.png\" class=\"attachment-medium size-medium wp-image-16816\" alt=\"\" srcset=\"https:\/\/tradichem.es\/wp-content\/uploads\/2023\/03\/ICONO8-300x300.png 300w, https:\/\/tradichem.es\/wp-content\/uploads\/2023\/03\/ICONO8-150x150.png 150w, https:\/\/tradichem.es\/wp-content\/uploads\/2023\/03\/ICONO8.png 464w\" sizes=\"(max-width: 300px) 100vw, 300px\" \/>\t\t\t\t\t\t\t\t<\/a>\n\t\t\t\t\t\t\t\t\t\t\t\t\t\t\t<\/div>\n\t\t\t\t<\/div>\n\t\t\t\t<div class=\"elementor-element elementor-element-245581b elementor-widget elementor-widget-image\" data-id=\"245581b\" data-element_type=\"widget\" data-e-type=\"widget\" data-widget_type=\"image.default\">\n\t\t\t\t<div class=\"elementor-widget-container\">\n\t\t\t\t\t\t\t\t\t\t\t\t\t\t\t<img loading=\"lazy\" decoding=\"async\" width=\"1024\" height=\"578\" src=\"https:\/\/tradichem.es\/wp-content\/uploads\/2025\/01\/MALLOLAX_Logo_Black_POS_TRAZ_RGB-1-1024x578.png\" class=\"attachment-large size-large wp-image-18353\" alt=\"\" srcset=\"https:\/\/tradichem.es\/wp-content\/uploads\/2025\/01\/MALLOLAX_Logo_Black_POS_TRAZ_RGB-1-1024x578.png 1024w, https:\/\/tradichem.es\/wp-content\/uploads\/2025\/01\/MALLOLAX_Logo_Black_POS_TRAZ_RGB-1-300x169.png 300w, https:\/\/tradichem.es\/wp-content\/uploads\/2025\/01\/MALLOLAX_Logo_Black_POS_TRAZ_RGB-1-768x433.png 768w, https:\/\/tradichem.es\/wp-content\/uploads\/2025\/01\/MALLOLAX_Logo_Black_POS_TRAZ_RGB-1-1536x867.png 1536w, https:\/\/tradichem.es\/wp-content\/uploads\/2025\/01\/MALLOLAX_Logo_Black_POS_TRAZ_RGB-1.png 1577w\" sizes=\"(max-width: 1024px) 100vw, 1024px\" \/>\t\t\t\t\t\t\t\t\t\t\t\t\t\t\t<\/div>\n\t\t\t\t<\/div>\n\t\t\t\t<div class=\"elementor-element elementor-element-7b75478 elementor-widget-divider--view-line elementor-widget elementor-widget-divider\" data-id=\"7b75478\" data-element_type=\"widget\" data-e-type=\"widget\" data-widget_type=\"divider.default\">\n\t\t\t\t<div class=\"elementor-widget-container\">\n\t\t\t\t\t\t\t<div class=\"elementor-divider\">\n\t\t\t<span class=\"elementor-divider-separator\">\n\t\t\t\t\t\t<\/span>\n\t\t<\/div>\n\t\t\t\t\t\t<\/div>\n\t\t\t\t<\/div>\n\t\t\t\t<div class=\"elementor-element elementor-element-133461e elementor-widget elementor-widget-heading\" data-id=\"133461e\" data-element_type=\"widget\" data-e-type=\"widget\" data-widget_type=\"heading.default\">\n\t\t\t\t<div class=\"elementor-widget-container\">\n\t\t\t\t\t<h2 class=\"elementor-heading-title elementor-size-default\">Rem\u00e9dio natural para reduzir ou eliminar a constipa\u00e7\u00e3o ocasional<\/h2>\t\t\t\t<\/div>\n\t\t\t\t<\/div>\n\t\t\t\t<div class=\"elementor-element elementor-element-16511ef elementor-widget elementor-widget-text-editor\" data-id=\"16511ef\" data-element_type=\"widget\" data-e-type=\"widget\" data-widget_type=\"text-editor.default\">\n\t\t\t\t<div class=\"elementor-widget-container\">\n\t\t\t\t\t\t\t\t\t<p>Mallolax<sup>\u00ae<\/sup> \u00e9 um laxante osm\u00f3tico que atua contra a dismotilidade intestinal gra\u00e7as \u00e0s suas propriedades antioxidantes.<br \/><strong><span style=\"color: #16e4b1;\">Malva Sylvestris, L.<\/span><\/strong>\u00a0extrato seco de parte a\u00e9rea cultivado no norte da \u00c1frica.<\/p><ul><li>\u2265 7,5 % de polifen\u00f3is totais<\/li><li>\u2265 5,0 % Polifen\u00f3is como malvidin<\/li><li>\u2265 30,0 % Mucilagem<\/li><li>500mg-1g once daily<\/li><li>HAD Free: Regulation (EU) 2021\/468 of 18 March 2021<\/li><\/ul>\t\t\t\t\t\t\t\t<\/div>\n\t\t\t\t<\/div>\n\t\t\t\t<section class=\"elementor-section elementor-inner-section elementor-element elementor-element-3d1ceea elementor-section-boxed elementor-section-height-default elementor-section-height-default\" data-id=\"3d1ceea\" data-element_type=\"section\" data-e-type=\"section\">\n\t\t\t\t\t\t<div class=\"elementor-container elementor-column-gap-default\">\n\t\t\t\t\t<div class=\"elementor-column elementor-col-50 elementor-inner-column elementor-element elementor-element-d47d9e2\" data-id=\"d47d9e2\" data-element_type=\"column\" data-e-type=\"column\">\n\t\t\t<div class=\"elementor-widget-wrap elementor-element-populated\">\n\t\t\t\t\t\t<div class=\"elementor-element elementor-element-e707a64 elementor-widget elementor-widget-button\" data-id=\"e707a64\" data-element_type=\"widget\" data-e-type=\"widget\" data-widget_type=\"button.default\">\n\t\t\t\t<div class=\"elementor-widget-container\">\n\t\t\t\t\t\t\t\t\t<div class=\"elementor-button-wrapper\">\n\t\t\t\t\t<a class=\"elementor-button elementor-button-link elementor-size-sm\" href=\"#elementor-action%3Aaction%3Dpopup%3Aopen%26settings%3DeyJpZCI6MTgwNTgsInRvZ2dsZSI6ZmFsc2V9\">\n\t\t\t\t\t\t<span class=\"elementor-button-content-wrapper\">\n\t\t\t\t\t\t<span class=\"elementor-button-icon\">\n\t\t\t\t<i aria-hidden=\"true\" class=\"far fa-file-pdf\"><\/i>\t\t\t<\/span>\n\t\t\t\t\t\t\t\t\t<span class=\"elementor-button-text\">Baixar pdf<\/span>\n\t\t\t\t\t<\/span>\n\t\t\t\t\t<\/a>\n\t\t\t\t<\/div>\n\t\t\t\t\t\t\t\t<\/div>\n\t\t\t\t<\/div>\n\t\t\t\t\t<\/div>\n\t\t<\/div>\n\t\t\t\t<div class=\"elementor-column elementor-col-50 elementor-inner-column elementor-element elementor-element-24dceac\" data-id=\"24dceac\" data-element_type=\"column\" data-e-type=\"column\">\n\t\t\t<div class=\"elementor-widget-wrap\">\n\t\t\t\t\t\t\t<\/div>\n\t\t<\/div>\n\t\t\t\t\t<\/div>\n\t\t<\/section>\n\t\t\t\t\t<\/div>\n\t\t<\/div>\n\t\t\t\t<div class=\"elementor-column elementor-col-50 elementor-top-column elementor-element elementor-element-df5ee3b\" data-id=\"df5ee3b\" data-element_type=\"column\" data-e-type=\"column\" data-settings=\"{&quot;background_background&quot;:&quot;classic&quot;}\">\n\t\t\t<div class=\"elementor-widget-wrap elementor-element-populated\">\n\t\t\t\t\t\t<div class=\"elementor-element elementor-element-53cf293 animated-slow elementor-invisible elementor-widget elementor-widget-image\" data-id=\"53cf293\" data-element_type=\"widget\" data-e-type=\"widget\" data-settings=\"{&quot;_animation&quot;:&quot;fadeIn&quot;,&quot;_animation_delay&quot;:100}\" data-widget_type=\"image.default\">\n\t\t\t\t<div class=\"elementor-widget-container\">\n\t\t\t\t\t\t\t\t\t\t\t\t\t\t\t<img loading=\"lazy\" decoding=\"async\" width=\"500\" height=\"539\" src=\"https:\/\/tradichem.es\/wp-content\/uploads\/2023\/03\/Mallolax-1.jpg\" class=\"attachment-full size-full wp-image-16820\" alt=\"\" srcset=\"https:\/\/tradichem.es\/wp-content\/uploads\/2023\/03\/Mallolax-1.jpg 500w, https:\/\/tradichem.es\/wp-content\/uploads\/2023\/03\/Mallolax-1-278x300.jpg 278w\" sizes=\"(max-width: 500px) 100vw, 500px\" \/>\t\t\t\t\t\t\t\t\t\t\t\t\t\t\t<\/div>\n\t\t\t\t<\/div>\n\t\t\t\t\t<\/div>\n\t\t<\/div>\n\t\t\t\t\t<\/div>\n\t\t<\/section>\n\t\t\t\t<\/div>\n\t\t","protected":false},"excerpt":{"rendered":"<p>PYLOPASS\u00ae Uma nova abordagem no controlo de H. pylori A Pylopass\u00ae \u00e9 uma estirpe patenteada, Lactobacillus reuteri DSMZ 17648, que se une especificamente a H. pylori e forma um coagregado para reduzir a carga bacteriana. Redu\u00e7\u00e3o da carga de H. pylori em duas semanas. A Pylopass\u00ae n\u00e3o altera a microbiota intestinal. A Pylopass\u00ae n\u00e3o contribui &#8230; <a title=\"Sau\u0301de intestinal\" class=\"read-more\" href=\"https:\/\/tradichem.es\/pt\/saude-intestinal\/\" aria-label=\"Leia mais sobre Sau\u0301de intestinal\">Ler mais<\/a><\/p>\n","protected":false},"author":1,"featured_media":2951,"parent":0,"menu_order":0,"comment_status":"closed","ping_status":"closed","template":"","meta":{"_acf_changed":false,"footnotes":""},"class_list":["post-2946","page","type-page","status-publish","has-post-thumbnail"],"acf":[],"yoast_head":"<!-- This site is optimized with the Yoast SEO plugin v27.3 - https:\/\/yoast.com\/product\/yoast-seo-wordpress\/ -->\n<title>Sau\u0301de intestinal - Tradichem<\/title>\n<meta name=\"robots\" content=\"index, follow, max-snippet:-1, max-image-preview:large, max-video-preview:-1\" \/>\n<link rel=\"canonical\" href=\"https:\/\/tradichem.es\/pt\/saude-intestinal\/\" \/>\n<meta property=\"og:locale\" content=\"pt_PT\" \/>\n<meta property=\"og:type\" content=\"article\" \/>\n<meta property=\"og:title\" content=\"Sau\u0301de intestinal - Tradichem\" \/>\n<meta property=\"og:description\" content=\"PYLOPASS\u00ae Uma nova abordagem no controlo de H. pylori A Pylopass\u00ae \u00e9 uma estirpe patenteada, Lactobacillus reuteri DSMZ 17648, que se une especificamente a H. pylori e forma um coagregado para reduzir a carga bacteriana. Redu\u00e7\u00e3o da carga de H. pylori em duas semanas. A Pylopass\u00ae n\u00e3o altera a microbiota intestinal. A Pylopass\u00ae n\u00e3o contribui ... Ler mais\" \/>\n<meta property=\"og:url\" content=\"https:\/\/tradichem.es\/pt\/saude-intestinal\/\" \/>\n<meta property=\"og:site_name\" content=\"Tradichem\" \/>\n<meta property=\"article:modified_time\" content=\"2025-01-22T09:45:06+00:00\" \/>\n<meta property=\"og:image\" content=\"https:\/\/tradichem.es\/wp-content\/uploads\/2019\/06\/hguthealth2.jpg\" \/>\n\t<meta property=\"og:image:width\" content=\"2000\" \/>\n\t<meta property=\"og:image:height\" content=\"400\" \/>\n\t<meta property=\"og:image:type\" content=\"image\/jpeg\" \/>\n<meta name=\"twitter:card\" content=\"summary_large_image\" \/>\n<meta name=\"twitter:label1\" content=\"Tempo estimado de leitura\" \/>\n\t<meta name=\"twitter:data1\" content=\"2 minutos\" \/>\n<script type=\"application\/ld+json\" class=\"yoast-schema-graph\">{\"@context\":\"https:\\\/\\\/schema.org\",\"@graph\":[{\"@type\":\"WebPage\",\"@id\":\"https:\\\/\\\/tradichem.es\\\/pt\\\/saude-intestinal\\\/\",\"url\":\"https:\\\/\\\/tradichem.es\\\/pt\\\/saude-intestinal\\\/\",\"name\":\"Sau\u0301de intestinal - Tradichem\",\"isPartOf\":{\"@id\":\"https:\\\/\\\/tradichem.es\\\/pt\\\/#website\"},\"primaryImageOfPage\":{\"@id\":\"https:\\\/\\\/tradichem.es\\\/pt\\\/saude-intestinal\\\/#primaryimage\"},\"image\":{\"@id\":\"https:\\\/\\\/tradichem.es\\\/pt\\\/saude-intestinal\\\/#primaryimage\"},\"thumbnailUrl\":\"https:\\\/\\\/tradichem.es\\\/wp-content\\\/uploads\\\/2019\\\/06\\\/hguthealth2.jpg\",\"datePublished\":\"2019-10-23T20:52:44+00:00\",\"dateModified\":\"2025-01-22T09:45:06+00:00\",\"breadcrumb\":{\"@id\":\"https:\\\/\\\/tradichem.es\\\/pt\\\/saude-intestinal\\\/#breadcrumb\"},\"inLanguage\":\"pt-PT\",\"potentialAction\":[{\"@type\":\"ReadAction\",\"target\":[\"https:\\\/\\\/tradichem.es\\\/pt\\\/saude-intestinal\\\/\"]}]},{\"@type\":\"ImageObject\",\"inLanguage\":\"pt-PT\",\"@id\":\"https:\\\/\\\/tradichem.es\\\/pt\\\/saude-intestinal\\\/#primaryimage\",\"url\":\"https:\\\/\\\/tradichem.es\\\/wp-content\\\/uploads\\\/2019\\\/06\\\/hguthealth2.jpg\",\"contentUrl\":\"https:\\\/\\\/tradichem.es\\\/wp-content\\\/uploads\\\/2019\\\/06\\\/hguthealth2.jpg\",\"width\":2000,\"height\":400},{\"@type\":\"BreadcrumbList\",\"@id\":\"https:\\\/\\\/tradichem.es\\\/pt\\\/saude-intestinal\\\/#breadcrumb\",\"itemListElement\":[{\"@type\":\"ListItem\",\"position\":1,\"name\":\"Portada\",\"item\":\"https:\\\/\\\/tradichem.es\\\/pt\\\/\"},{\"@type\":\"ListItem\",\"position\":2,\"name\":\"Sau\u0301de intestinal\"}]},{\"@type\":\"WebSite\",\"@id\":\"https:\\\/\\\/tradichem.es\\\/pt\\\/#website\",\"url\":\"https:\\\/\\\/tradichem.es\\\/pt\\\/\",\"name\":\"Tradichem\",\"description\":\"Leader in the marketing and development of nutraceuticals and APIs\",\"publisher\":{\"@id\":\"https:\\\/\\\/tradichem.es\\\/pt\\\/#organization\"},\"potentialAction\":[{\"@type\":\"SearchAction\",\"target\":{\"@type\":\"EntryPoint\",\"urlTemplate\":\"https:\\\/\\\/tradichem.es\\\/pt\\\/?s={search_term_string}\"},\"query-input\":{\"@type\":\"PropertyValueSpecification\",\"valueRequired\":true,\"valueName\":\"search_term_string\"}}],\"inLanguage\":\"pt-PT\"},{\"@type\":\"Organization\",\"@id\":\"https:\\\/\\\/tradichem.es\\\/pt\\\/#organization\",\"name\":\"Tradichem\",\"url\":\"https:\\\/\\\/tradichem.es\\\/pt\\\/\",\"logo\":{\"@type\":\"ImageObject\",\"inLanguage\":\"pt-PT\",\"@id\":\"https:\\\/\\\/tradichem.es\\\/pt\\\/#\\\/schema\\\/logo\\\/image\\\/\",\"url\":\"https:\\\/\\\/tradichem.es\\\/wp-content\\\/uploads\\\/2021\\\/10\\\/logotra200.png\",\"contentUrl\":\"https:\\\/\\\/tradichem.es\\\/wp-content\\\/uploads\\\/2021\\\/10\\\/logotra200.png\",\"width\":200,\"height\":200,\"caption\":\"Tradichem\"},\"image\":{\"@id\":\"https:\\\/\\\/tradichem.es\\\/pt\\\/#\\\/schema\\\/logo\\\/image\\\/\"}}]}<\/script>\n<!-- \/ Yoast SEO plugin. -->","yoast_head_json":{"title":"Sau\u0301de intestinal - Tradichem","robots":{"index":"index","follow":"follow","max-snippet":"max-snippet:-1","max-image-preview":"max-image-preview:large","max-video-preview":"max-video-preview:-1"},"canonical":"https:\/\/tradichem.es\/pt\/saude-intestinal\/","og_locale":"pt_PT","og_type":"article","og_title":"Sau\u0301de intestinal - Tradichem","og_description":"PYLOPASS\u00ae Uma nova abordagem no controlo de H. pylori A Pylopass\u00ae \u00e9 uma estirpe patenteada, Lactobacillus reuteri DSMZ 17648, que se une especificamente a H. pylori e forma um coagregado para reduzir a carga bacteriana. Redu\u00e7\u00e3o da carga de H. pylori em duas semanas. A Pylopass\u00ae n\u00e3o altera a microbiota intestinal. A Pylopass\u00ae n\u00e3o contribui ... Ler mais","og_url":"https:\/\/tradichem.es\/pt\/saude-intestinal\/","og_site_name":"Tradichem","article_modified_time":"2025-01-22T09:45:06+00:00","og_image":[{"width":2000,"height":400,"url":"https:\/\/tradichem.es\/wp-content\/uploads\/2019\/06\/hguthealth2.jpg","type":"image\/jpeg"}],"twitter_card":"summary_large_image","twitter_misc":{"Tempo estimado de leitura":"2 minutos"},"schema":{"@context":"https:\/\/schema.org","@graph":[{"@type":"WebPage","@id":"https:\/\/tradichem.es\/pt\/saude-intestinal\/","url":"https:\/\/tradichem.es\/pt\/saude-intestinal\/","name":"Sau\u0301de intestinal - Tradichem","isPartOf":{"@id":"https:\/\/tradichem.es\/pt\/#website"},"primaryImageOfPage":{"@id":"https:\/\/tradichem.es\/pt\/saude-intestinal\/#primaryimage"},"image":{"@id":"https:\/\/tradichem.es\/pt\/saude-intestinal\/#primaryimage"},"thumbnailUrl":"https:\/\/tradichem.es\/wp-content\/uploads\/2019\/06\/hguthealth2.jpg","datePublished":"2019-10-23T20:52:44+00:00","dateModified":"2025-01-22T09:45:06+00:00","breadcrumb":{"@id":"https:\/\/tradichem.es\/pt\/saude-intestinal\/#breadcrumb"},"inLanguage":"pt-PT","potentialAction":[{"@type":"ReadAction","target":["https:\/\/tradichem.es\/pt\/saude-intestinal\/"]}]},{"@type":"ImageObject","inLanguage":"pt-PT","@id":"https:\/\/tradichem.es\/pt\/saude-intestinal\/#primaryimage","url":"https:\/\/tradichem.es\/wp-content\/uploads\/2019\/06\/hguthealth2.jpg","contentUrl":"https:\/\/tradichem.es\/wp-content\/uploads\/2019\/06\/hguthealth2.jpg","width":2000,"height":400},{"@type":"BreadcrumbList","@id":"https:\/\/tradichem.es\/pt\/saude-intestinal\/#breadcrumb","itemListElement":[{"@type":"ListItem","position":1,"name":"Portada","item":"https:\/\/tradichem.es\/pt\/"},{"@type":"ListItem","position":2,"name":"Sau\u0301de intestinal"}]},{"@type":"WebSite","@id":"https:\/\/tradichem.es\/pt\/#website","url":"https:\/\/tradichem.es\/pt\/","name":"Tradichem","description":"Leader in the marketing and development of nutraceuticals and APIs","publisher":{"@id":"https:\/\/tradichem.es\/pt\/#organization"},"potentialAction":[{"@type":"SearchAction","target":{"@type":"EntryPoint","urlTemplate":"https:\/\/tradichem.es\/pt\/?s={search_term_string}"},"query-input":{"@type":"PropertyValueSpecification","valueRequired":true,"valueName":"search_term_string"}}],"inLanguage":"pt-PT"},{"@type":"Organization","@id":"https:\/\/tradichem.es\/pt\/#organization","name":"Tradichem","url":"https:\/\/tradichem.es\/pt\/","logo":{"@type":"ImageObject","inLanguage":"pt-PT","@id":"https:\/\/tradichem.es\/pt\/#\/schema\/logo\/image\/","url":"https:\/\/tradichem.es\/wp-content\/uploads\/2021\/10\/logotra200.png","contentUrl":"https:\/\/tradichem.es\/wp-content\/uploads\/2021\/10\/logotra200.png","width":200,"height":200,"caption":"Tradichem"},"image":{"@id":"https:\/\/tradichem.es\/pt\/#\/schema\/logo\/image\/"}}]}},"_links":{"self":[{"href":"https:\/\/tradichem.es\/pt\/wp-json\/wp\/v2\/pages\/2946","targetHints":{"allow":["GET"]}}],"collection":[{"href":"https:\/\/tradichem.es\/pt\/wp-json\/wp\/v2\/pages"}],"about":[{"href":"https:\/\/tradichem.es\/pt\/wp-json\/wp\/v2\/types\/page"}],"author":[{"embeddable":true,"href":"https:\/\/tradichem.es\/pt\/wp-json\/wp\/v2\/users\/1"}],"replies":[{"embeddable":true,"href":"https:\/\/tradichem.es\/pt\/wp-json\/wp\/v2\/comments?post=2946"}],"version-history":[{"count":21,"href":"https:\/\/tradichem.es\/pt\/wp-json\/wp\/v2\/pages\/2946\/revisions"}],"predecessor-version":[{"id":18359,"href":"https:\/\/tradichem.es\/pt\/wp-json\/wp\/v2\/pages\/2946\/revisions\/18359"}],"wp:featuredmedia":[{"embeddable":true,"href":"https:\/\/tradichem.es\/pt\/wp-json\/wp\/v2\/media\/2951"}],"wp:attachment":[{"href":"https:\/\/tradichem.es\/pt\/wp-json\/wp\/v2\/media?parent=2946"}],"curies":[{"name":"wp","href":"https:\/\/api.w.org\/{rel}","templated":true}]}}