{"id":2980,"date":"2019-10-23T23:09:43","date_gmt":"2019-10-23T21:09:43","guid":{"rendered":"https:\/\/tradichem.es\/envelhecimento-beleza\/"},"modified":"2019-10-23T23:15:07","modified_gmt":"2019-10-23T21:15:07","slug":"envelhecimento-beleza","status":"publish","type":"page","link":"https:\/\/tradichem.es\/pt\/envelhecimento-beleza\/","title":{"rendered":"Envelhecimento \/ Beleza"},"content":{"rendered":"\t\t<div data-elementor-type=\"wp-post\" data-elementor-id=\"2980\" class=\"elementor elementor-2980 elementor-1783\" data-elementor-post-type=\"page\">\n\t\t\t\t\t\t<section class=\"elementor-section elementor-top-section elementor-element elementor-element-ae9bbc0 elementor-section-height-min-height elementor-section-boxed elementor-section-height-default elementor-section-items-middle\" data-id=\"ae9bbc0\" data-element_type=\"section\" data-e-type=\"section\" data-settings=\"{&quot;background_background&quot;:&quot;classic&quot;}\">\n\t\t\t\t\t\t<div class=\"elementor-container elementor-column-gap-no\">\n\t\t\t\t\t<div class=\"elementor-column elementor-col-50 elementor-top-column elementor-element elementor-element-35266e5\" data-id=\"35266e5\" data-element_type=\"column\" data-e-type=\"column\" data-settings=\"{&quot;background_background&quot;:&quot;classic&quot;}\">\n\t\t\t<div class=\"elementor-widget-wrap elementor-element-populated\">\n\t\t\t\t\t\t<div class=\"elementor-element elementor-element-8eb1f56 elementor-invisible elementor-widget elementor-widget-image\" data-id=\"8eb1f56\" data-element_type=\"widget\" data-e-type=\"widget\" data-settings=\"{&quot;_animation&quot;:&quot;fadeIn&quot;}\" data-widget_type=\"image.default\">\n\t\t\t\t<div class=\"elementor-widget-container\">\n\t\t\t\t\t\t\t\t\t\t\t\t\t\t\t\t<a href=\"#\">\n\t\t\t\t\t\t\t<img fetchpriority=\"high\" decoding=\"async\" width=\"300\" height=\"300\" src=\"https:\/\/tradichem.es\/wp-content\/uploads\/2019\/05\/tradichem_aging_beauty-300x300.png\" class=\"attachment-medium size-medium wp-image-2795\" alt=\"\" srcset=\"https:\/\/tradichem.es\/wp-content\/uploads\/2019\/05\/tradichem_aging_beauty-300x300.png 300w, https:\/\/tradichem.es\/wp-content\/uploads\/2019\/05\/tradichem_aging_beauty-150x150.png 150w, https:\/\/tradichem.es\/wp-content\/uploads\/2019\/05\/tradichem_aging_beauty.png 482w\" sizes=\"(max-width: 300px) 100vw, 300px\" \/>\t\t\t\t\t\t\t\t<\/a>\n\t\t\t\t\t\t\t\t\t\t\t\t\t\t\t<\/div>\n\t\t\t\t<\/div>\n\t\t\t\t<div class=\"elementor-element elementor-element-cf212f8 elementor-invisible elementor-widget elementor-widget-heading\" data-id=\"cf212f8\" data-element_type=\"widget\" data-e-type=\"widget\" data-settings=\"{&quot;_animation&quot;:&quot;fadeIn&quot;}\" data-widget_type=\"heading.default\">\n\t\t\t\t<div class=\"elementor-widget-container\">\n\t\t\t\t\t<h4 class=\"elementor-heading-title elementor-size-default\">QUERVERATIN<sup>\u00ae<\/sup><\/h4>\t\t\t\t<\/div>\n\t\t\t\t<\/div>\n\t\t\t\t<div class=\"elementor-element elementor-element-fdf23f5 elementor-widget-divider--view-line elementor-widget elementor-widget-divider\" data-id=\"fdf23f5\" data-element_type=\"widget\" data-e-type=\"widget\" data-widget_type=\"divider.default\">\n\t\t\t\t<div class=\"elementor-widget-container\">\n\t\t\t\t\t\t\t<div class=\"elementor-divider\">\n\t\t\t<span class=\"elementor-divider-separator\">\n\t\t\t\t\t\t<\/span>\n\t\t<\/div>\n\t\t\t\t\t\t<\/div>\n\t\t\t\t<\/div>\n\t\t\t\t<div class=\"elementor-element elementor-element-85476d8 elementor-widget elementor-widget-heading\" data-id=\"85476d8\" data-element_type=\"widget\" data-e-type=\"widget\" data-widget_type=\"heading.default\">\n\t\t\t\t<div class=\"elementor-widget-container\">\n\t\t\t\t\t<h2 class=\"elementor-heading-title elementor-size-default\">Ligar a sa\u00fade interior \u00e0 beleza exterior<\/h2>\t\t\t\t<\/div>\n\t\t\t\t<\/div>\n\t\t\t\t<div class=\"elementor-element elementor-element-4dce98b elementor-widget elementor-widget-text-editor\" data-id=\"4dce98b\" data-element_type=\"widget\" data-e-type=\"widget\" data-widget_type=\"text-editor.default\">\n\t\t\t\t<div class=\"elementor-widget-container\">\n\t\t\t\t\t\t\t\t\t<p>O QUERVERATIN<sup>\u00ae<\/sup> \u00e9 um ingrediente antienvelhecimento com uma <strong>elevada atividade antioxidante<\/strong> devido ao efeito sin\u00e9rgico dos seus polifen\u00f3is.<\/p>\n<ul>\n<li><strong>Patenteado (WO\/2012\/150370)<\/strong>.<\/li>\n<li>7 vezes mais atividade antioxidante que o resveratrol.<\/li>\n<li>5 vezes mais biodispon\u00edvel que o resvaratrol.<\/li>\n<li>Eficaz sob radia\u00e7\u00e3o ultravioleta (intake \u2013 outake dosage).<\/li>\n<\/ul>\n\t\t\t\t\t\t\t\t<\/div>\n\t\t\t\t<\/div>\n\t\t\t\t\t<\/div>\n\t\t<\/div>\n\t\t\t\t<div class=\"elementor-column elementor-col-50 elementor-top-column elementor-element elementor-element-41d3fd7\" data-id=\"41d3fd7\" data-element_type=\"column\" data-e-type=\"column\" data-settings=\"{&quot;background_background&quot;:&quot;classic&quot;}\">\n\t\t\t<div class=\"elementor-widget-wrap elementor-element-populated\">\n\t\t\t\t\t\t<div class=\"elementor-element elementor-element-9c6d6d5 animated-slow elementor-invisible elementor-widget elementor-widget-image\" data-id=\"9c6d6d5\" data-element_type=\"widget\" data-e-type=\"widget\" data-settings=\"{&quot;_animation&quot;:&quot;fadeIn&quot;,&quot;_animation_delay&quot;:100}\" data-widget_type=\"image.default\">\n\t\t\t\t<div class=\"elementor-widget-container\">\n\t\t\t\t\t\t\t\t\t\t\t\t\t\t\t<img decoding=\"async\" width=\"422\" height=\"480\" src=\"https:\/\/tradichem.es\/wp-content\/uploads\/2019\/06\/beauty2.jpg\" class=\"attachment-large size-large wp-image-2982\" alt=\"\" srcset=\"https:\/\/tradichem.es\/wp-content\/uploads\/2019\/06\/beauty2.jpg 422w, https:\/\/tradichem.es\/wp-content\/uploads\/2019\/06\/beauty2-264x300.jpg 264w\" sizes=\"(max-width: 422px) 100vw, 422px\" \/>\t\t\t\t\t\t\t\t\t\t\t\t\t\t\t<\/div>\n\t\t\t\t<\/div>\n\t\t\t\t\t<\/div>\n\t\t<\/div>\n\t\t\t\t\t<\/div>\n\t\t<\/section>\n\t\t\t\t<\/div>\n\t\t","protected":false},"excerpt":{"rendered":"<p>QUERVERATIN\u00ae Ligar a sa\u00fade interior \u00e0 beleza exterior O QUERVERATIN\u00ae \u00e9 um ingrediente antienvelhecimento com uma elevada atividade antioxidante devido ao efeito sin\u00e9rgico dos seus polifen\u00f3is. Patenteado (WO\/2012\/150370). 7 vezes mais atividade antioxidante que o resveratrol. 5 vezes mais biodispon\u00edvel que o resvaratrol. Eficaz sob radia\u00e7\u00e3o ultravioleta (intake \u2013 outake dosage).<\/p>\n","protected":false},"author":1,"featured_media":2985,"parent":0,"menu_order":0,"comment_status":"closed","ping_status":"closed","template":"","meta":{"_acf_changed":false,"footnotes":""},"class_list":["post-2980","page","type-page","status-publish","has-post-thumbnail"],"acf":[],"yoast_head":"<!-- This site is optimized with the Yoast SEO plugin v27.3 - https:\/\/yoast.com\/product\/yoast-seo-wordpress\/ -->\n<title>Envelhecimento \/ Beleza - Tradichem<\/title>\n<meta name=\"robots\" content=\"index, follow, max-snippet:-1, max-image-preview:large, max-video-preview:-1\" \/>\n<link rel=\"canonical\" href=\"https:\/\/tradichem.es\/pt\/envelhecimento-beleza\/\" \/>\n<meta property=\"og:locale\" content=\"pt_PT\" \/>\n<meta property=\"og:type\" content=\"article\" \/>\n<meta property=\"og:title\" content=\"Envelhecimento \/ Beleza - Tradichem\" \/>\n<meta property=\"og:description\" content=\"QUERVERATIN\u00ae Ligar a sa\u00fade interior \u00e0 beleza exterior O QUERVERATIN\u00ae \u00e9 um ingrediente antienvelhecimento com uma elevada atividade antioxidante devido ao efeito sin\u00e9rgico dos seus polifen\u00f3is. Patenteado (WO\/2012\/150370). 7 vezes mais atividade antioxidante que o resveratrol. 5 vezes mais biodispon\u00edvel que o resvaratrol. Eficaz sob radia\u00e7\u00e3o ultravioleta (intake \u2013 outake dosage).\" \/>\n<meta property=\"og:url\" content=\"https:\/\/tradichem.es\/pt\/envelhecimento-beleza\/\" \/>\n<meta property=\"og:site_name\" content=\"Tradichem\" \/>\n<meta property=\"article:modified_time\" content=\"2019-10-23T21:15:07+00:00\" \/>\n<meta property=\"og:image\" content=\"https:\/\/tradichem.es\/wp-content\/uploads\/2019\/05\/hbeauty.jpg\" \/>\n\t<meta property=\"og:image:width\" content=\"2000\" \/>\n\t<meta property=\"og:image:height\" content=\"513\" \/>\n\t<meta property=\"og:image:type\" content=\"image\/jpeg\" \/>\n<meta name=\"twitter:card\" content=\"summary_large_image\" \/>\n<script type=\"application\/ld+json\" class=\"yoast-schema-graph\">{\"@context\":\"https:\\\/\\\/schema.org\",\"@graph\":[{\"@type\":\"WebPage\",\"@id\":\"https:\\\/\\\/tradichem.es\\\/pt\\\/envelhecimento-beleza\\\/\",\"url\":\"https:\\\/\\\/tradichem.es\\\/pt\\\/envelhecimento-beleza\\\/\",\"name\":\"Envelhecimento \\\/ Beleza - Tradichem\",\"isPartOf\":{\"@id\":\"https:\\\/\\\/tradichem.es\\\/pt\\\/#website\"},\"primaryImageOfPage\":{\"@id\":\"https:\\\/\\\/tradichem.es\\\/pt\\\/envelhecimento-beleza\\\/#primaryimage\"},\"image\":{\"@id\":\"https:\\\/\\\/tradichem.es\\\/pt\\\/envelhecimento-beleza\\\/#primaryimage\"},\"thumbnailUrl\":\"https:\\\/\\\/tradichem.es\\\/wp-content\\\/uploads\\\/2019\\\/05\\\/hbeauty.jpg\",\"datePublished\":\"2019-10-23T21:09:43+00:00\",\"dateModified\":\"2019-10-23T21:15:07+00:00\",\"breadcrumb\":{\"@id\":\"https:\\\/\\\/tradichem.es\\\/pt\\\/envelhecimento-beleza\\\/#breadcrumb\"},\"inLanguage\":\"pt-PT\",\"potentialAction\":[{\"@type\":\"ReadAction\",\"target\":[\"https:\\\/\\\/tradichem.es\\\/pt\\\/envelhecimento-beleza\\\/\"]}]},{\"@type\":\"ImageObject\",\"inLanguage\":\"pt-PT\",\"@id\":\"https:\\\/\\\/tradichem.es\\\/pt\\\/envelhecimento-beleza\\\/#primaryimage\",\"url\":\"https:\\\/\\\/tradichem.es\\\/wp-content\\\/uploads\\\/2019\\\/05\\\/hbeauty.jpg\",\"contentUrl\":\"https:\\\/\\\/tradichem.es\\\/wp-content\\\/uploads\\\/2019\\\/05\\\/hbeauty.jpg\",\"width\":2000,\"height\":513},{\"@type\":\"BreadcrumbList\",\"@id\":\"https:\\\/\\\/tradichem.es\\\/pt\\\/envelhecimento-beleza\\\/#breadcrumb\",\"itemListElement\":[{\"@type\":\"ListItem\",\"position\":1,\"name\":\"Portada\",\"item\":\"https:\\\/\\\/tradichem.es\\\/pt\\\/\"},{\"@type\":\"ListItem\",\"position\":2,\"name\":\"Envelhecimento \\\/ Beleza\"}]},{\"@type\":\"WebSite\",\"@id\":\"https:\\\/\\\/tradichem.es\\\/pt\\\/#website\",\"url\":\"https:\\\/\\\/tradichem.es\\\/pt\\\/\",\"name\":\"Tradichem\",\"description\":\"Leader in the marketing and development of nutraceuticals and APIs\",\"publisher\":{\"@id\":\"https:\\\/\\\/tradichem.es\\\/pt\\\/#organization\"},\"potentialAction\":[{\"@type\":\"SearchAction\",\"target\":{\"@type\":\"EntryPoint\",\"urlTemplate\":\"https:\\\/\\\/tradichem.es\\\/pt\\\/?s={search_term_string}\"},\"query-input\":{\"@type\":\"PropertyValueSpecification\",\"valueRequired\":true,\"valueName\":\"search_term_string\"}}],\"inLanguage\":\"pt-PT\"},{\"@type\":\"Organization\",\"@id\":\"https:\\\/\\\/tradichem.es\\\/pt\\\/#organization\",\"name\":\"Tradichem\",\"url\":\"https:\\\/\\\/tradichem.es\\\/pt\\\/\",\"logo\":{\"@type\":\"ImageObject\",\"inLanguage\":\"pt-PT\",\"@id\":\"https:\\\/\\\/tradichem.es\\\/pt\\\/#\\\/schema\\\/logo\\\/image\\\/\",\"url\":\"https:\\\/\\\/tradichem.es\\\/wp-content\\\/uploads\\\/2021\\\/10\\\/logotra200.png\",\"contentUrl\":\"https:\\\/\\\/tradichem.es\\\/wp-content\\\/uploads\\\/2021\\\/10\\\/logotra200.png\",\"width\":200,\"height\":200,\"caption\":\"Tradichem\"},\"image\":{\"@id\":\"https:\\\/\\\/tradichem.es\\\/pt\\\/#\\\/schema\\\/logo\\\/image\\\/\"}}]}<\/script>\n<!-- \/ Yoast SEO plugin. -->","yoast_head_json":{"title":"Envelhecimento \/ Beleza - Tradichem","robots":{"index":"index","follow":"follow","max-snippet":"max-snippet:-1","max-image-preview":"max-image-preview:large","max-video-preview":"max-video-preview:-1"},"canonical":"https:\/\/tradichem.es\/pt\/envelhecimento-beleza\/","og_locale":"pt_PT","og_type":"article","og_title":"Envelhecimento \/ Beleza - Tradichem","og_description":"QUERVERATIN\u00ae Ligar a sa\u00fade interior \u00e0 beleza exterior O QUERVERATIN\u00ae \u00e9 um ingrediente antienvelhecimento com uma elevada atividade antioxidante devido ao efeito sin\u00e9rgico dos seus polifen\u00f3is. Patenteado (WO\/2012\/150370). 7 vezes mais atividade antioxidante que o resveratrol. 5 vezes mais biodispon\u00edvel que o resvaratrol. Eficaz sob radia\u00e7\u00e3o ultravioleta (intake \u2013 outake dosage).","og_url":"https:\/\/tradichem.es\/pt\/envelhecimento-beleza\/","og_site_name":"Tradichem","article_modified_time":"2019-10-23T21:15:07+00:00","og_image":[{"width":2000,"height":513,"url":"https:\/\/tradichem.es\/wp-content\/uploads\/2019\/05\/hbeauty.jpg","type":"image\/jpeg"}],"twitter_card":"summary_large_image","schema":{"@context":"https:\/\/schema.org","@graph":[{"@type":"WebPage","@id":"https:\/\/tradichem.es\/pt\/envelhecimento-beleza\/","url":"https:\/\/tradichem.es\/pt\/envelhecimento-beleza\/","name":"Envelhecimento \/ Beleza - Tradichem","isPartOf":{"@id":"https:\/\/tradichem.es\/pt\/#website"},"primaryImageOfPage":{"@id":"https:\/\/tradichem.es\/pt\/envelhecimento-beleza\/#primaryimage"},"image":{"@id":"https:\/\/tradichem.es\/pt\/envelhecimento-beleza\/#primaryimage"},"thumbnailUrl":"https:\/\/tradichem.es\/wp-content\/uploads\/2019\/05\/hbeauty.jpg","datePublished":"2019-10-23T21:09:43+00:00","dateModified":"2019-10-23T21:15:07+00:00","breadcrumb":{"@id":"https:\/\/tradichem.es\/pt\/envelhecimento-beleza\/#breadcrumb"},"inLanguage":"pt-PT","potentialAction":[{"@type":"ReadAction","target":["https:\/\/tradichem.es\/pt\/envelhecimento-beleza\/"]}]},{"@type":"ImageObject","inLanguage":"pt-PT","@id":"https:\/\/tradichem.es\/pt\/envelhecimento-beleza\/#primaryimage","url":"https:\/\/tradichem.es\/wp-content\/uploads\/2019\/05\/hbeauty.jpg","contentUrl":"https:\/\/tradichem.es\/wp-content\/uploads\/2019\/05\/hbeauty.jpg","width":2000,"height":513},{"@type":"BreadcrumbList","@id":"https:\/\/tradichem.es\/pt\/envelhecimento-beleza\/#breadcrumb","itemListElement":[{"@type":"ListItem","position":1,"name":"Portada","item":"https:\/\/tradichem.es\/pt\/"},{"@type":"ListItem","position":2,"name":"Envelhecimento \/ Beleza"}]},{"@type":"WebSite","@id":"https:\/\/tradichem.es\/pt\/#website","url":"https:\/\/tradichem.es\/pt\/","name":"Tradichem","description":"Leader in the marketing and development of nutraceuticals and APIs","publisher":{"@id":"https:\/\/tradichem.es\/pt\/#organization"},"potentialAction":[{"@type":"SearchAction","target":{"@type":"EntryPoint","urlTemplate":"https:\/\/tradichem.es\/pt\/?s={search_term_string}"},"query-input":{"@type":"PropertyValueSpecification","valueRequired":true,"valueName":"search_term_string"}}],"inLanguage":"pt-PT"},{"@type":"Organization","@id":"https:\/\/tradichem.es\/pt\/#organization","name":"Tradichem","url":"https:\/\/tradichem.es\/pt\/","logo":{"@type":"ImageObject","inLanguage":"pt-PT","@id":"https:\/\/tradichem.es\/pt\/#\/schema\/logo\/image\/","url":"https:\/\/tradichem.es\/wp-content\/uploads\/2021\/10\/logotra200.png","contentUrl":"https:\/\/tradichem.es\/wp-content\/uploads\/2021\/10\/logotra200.png","width":200,"height":200,"caption":"Tradichem"},"image":{"@id":"https:\/\/tradichem.es\/pt\/#\/schema\/logo\/image\/"}}]}},"_links":{"self":[{"href":"https:\/\/tradichem.es\/pt\/wp-json\/wp\/v2\/pages\/2980","targetHints":{"allow":["GET"]}}],"collection":[{"href":"https:\/\/tradichem.es\/pt\/wp-json\/wp\/v2\/pages"}],"about":[{"href":"https:\/\/tradichem.es\/pt\/wp-json\/wp\/v2\/types\/page"}],"author":[{"embeddable":true,"href":"https:\/\/tradichem.es\/pt\/wp-json\/wp\/v2\/users\/1"}],"replies":[{"embeddable":true,"href":"https:\/\/tradichem.es\/pt\/wp-json\/wp\/v2\/comments?post=2980"}],"version-history":[{"count":3,"href":"https:\/\/tradichem.es\/pt\/wp-json\/wp\/v2\/pages\/2980\/revisions"}],"predecessor-version":[{"id":3010,"href":"https:\/\/tradichem.es\/pt\/wp-json\/wp\/v2\/pages\/2980\/revisions\/3010"}],"wp:featuredmedia":[{"embeddable":true,"href":"https:\/\/tradichem.es\/pt\/wp-json\/wp\/v2\/media\/2985"}],"wp:attachment":[{"href":"https:\/\/tradichem.es\/pt\/wp-json\/wp\/v2\/media?parent=2980"}],"curies":[{"name":"wp","href":"https:\/\/api.w.org\/{rel}","templated":true}]}}