{"id":2992,"date":"2019-10-23T23:13:01","date_gmt":"2019-10-23T21:13:01","guid":{"rendered":"https:\/\/tradichem.es\/dor\/"},"modified":"2025-01-22T10:48:18","modified_gmt":"2025-01-22T09:48:18","slug":"dor","status":"publish","type":"page","link":"https:\/\/tradichem.es\/pt\/dor\/","title":{"rendered":"Dor"},"content":{"rendered":"\t\t<div data-elementor-type=\"wp-post\" data-elementor-id=\"2992\" class=\"elementor elementor-2992 elementor-1817\" data-elementor-post-type=\"page\">\n\t\t\t\t\t\t<section class=\"elementor-section elementor-top-section elementor-element elementor-element-ae9bbc0 elementor-section-height-min-height elementor-section-boxed elementor-section-height-default elementor-section-items-middle\" data-id=\"ae9bbc0\" data-element_type=\"section\" data-e-type=\"section\" data-settings=\"{&quot;background_background&quot;:&quot;classic&quot;}\">\n\t\t\t\t\t\t<div class=\"elementor-container elementor-column-gap-no\">\n\t\t\t\t\t<div class=\"elementor-column elementor-col-50 elementor-top-column elementor-element elementor-element-35266e5\" data-id=\"35266e5\" data-element_type=\"column\" data-e-type=\"column\" data-settings=\"{&quot;background_background&quot;:&quot;classic&quot;}\">\n\t\t\t<div class=\"elementor-widget-wrap elementor-element-populated\">\n\t\t\t\t\t\t<div class=\"elementor-element elementor-element-8eb1f56 elementor-invisible elementor-widget elementor-widget-image\" data-id=\"8eb1f56\" data-element_type=\"widget\" data-e-type=\"widget\" data-settings=\"{&quot;_animation&quot;:&quot;fadeIn&quot;}\" data-widget_type=\"image.default\">\n\t\t\t\t<div class=\"elementor-widget-container\">\n\t\t\t\t\t\t\t\t\t\t\t\t\t\t\t\t<a href=\"#\">\n\t\t\t\t\t\t\t<img fetchpriority=\"high\" decoding=\"async\" width=\"300\" height=\"300\" src=\"https:\/\/tradichem.es\/wp-content\/uploads\/2019\/05\/tradichem_pain-300x300.png\" class=\"attachment-medium size-medium wp-image-2798\" alt=\"\" srcset=\"https:\/\/tradichem.es\/wp-content\/uploads\/2019\/05\/tradichem_pain-300x300.png 300w, https:\/\/tradichem.es\/wp-content\/uploads\/2019\/05\/tradichem_pain-150x150.png 150w, https:\/\/tradichem.es\/wp-content\/uploads\/2019\/05\/tradichem_pain.png 482w\" sizes=\"(max-width: 300px) 100vw, 300px\" \/>\t\t\t\t\t\t\t\t<\/a>\n\t\t\t\t\t\t\t\t\t\t\t\t\t\t\t<\/div>\n\t\t\t\t<\/div>\n\t\t\t\t<div class=\"elementor-element elementor-element-fc4470b elementor-widget elementor-widget-image\" data-id=\"fc4470b\" data-element_type=\"widget\" data-e-type=\"widget\" data-widget_type=\"image.default\">\n\t\t\t\t<div class=\"elementor-widget-container\">\n\t\t\t\t\t\t\t\t\t\t\t\t\t\t\t<img decoding=\"async\" width=\"1024\" height=\"578\" src=\"https:\/\/tradichem.es\/wp-content\/uploads\/2025\/01\/NEURASITES_Logo_Black_POS_TRAZ_RGB-1-1024x578.png\" class=\"attachment-large size-large wp-image-18373\" alt=\"\" srcset=\"https:\/\/tradichem.es\/wp-content\/uploads\/2025\/01\/NEURASITES_Logo_Black_POS_TRAZ_RGB-1-1024x578.png 1024w, https:\/\/tradichem.es\/wp-content\/uploads\/2025\/01\/NEURASITES_Logo_Black_POS_TRAZ_RGB-1-300x169.png 300w, https:\/\/tradichem.es\/wp-content\/uploads\/2025\/01\/NEURASITES_Logo_Black_POS_TRAZ_RGB-1-768x433.png 768w, https:\/\/tradichem.es\/wp-content\/uploads\/2025\/01\/NEURASITES_Logo_Black_POS_TRAZ_RGB-1-1536x867.png 1536w, https:\/\/tradichem.es\/wp-content\/uploads\/2025\/01\/NEURASITES_Logo_Black_POS_TRAZ_RGB-1.png 1577w\" sizes=\"(max-width: 1024px) 100vw, 1024px\" \/>\t\t\t\t\t\t\t\t\t\t\t\t\t\t\t<\/div>\n\t\t\t\t<\/div>\n\t\t\t\t<div class=\"elementor-element elementor-element-fdf23f5 elementor-widget-divider--view-line elementor-widget elementor-widget-divider\" data-id=\"fdf23f5\" data-element_type=\"widget\" data-e-type=\"widget\" data-widget_type=\"divider.default\">\n\t\t\t\t<div class=\"elementor-widget-container\">\n\t\t\t\t\t\t\t<div class=\"elementor-divider\">\n\t\t\t<span class=\"elementor-divider-separator\">\n\t\t\t\t\t\t<\/span>\n\t\t<\/div>\n\t\t\t\t\t\t<\/div>\n\t\t\t\t<\/div>\n\t\t\t\t<div class=\"elementor-element elementor-element-85476d8 elementor-widget elementor-widget-heading\" data-id=\"85476d8\" data-element_type=\"widget\" data-e-type=\"widget\" data-widget_type=\"heading.default\">\n\t\t\t\t<div class=\"elementor-widget-container\">\n\t\t\t\t\t<h2 class=\"elementor-heading-title elementor-size-default\">Ingrediente natural para a profilaxia da dor de cabe\u00e7a cr\u00f3nica (CHP)<\/h2>\t\t\t\t<\/div>\n\t\t\t\t<\/div>\n\t\t\t\t<div class=\"elementor-element elementor-element-4dce98b elementor-widget elementor-widget-text-editor\" data-id=\"4dce98b\" data-element_type=\"widget\" data-e-type=\"widget\" data-widget_type=\"text-editor.default\">\n\t\t\t\t<div class=\"elementor-widget-container\">\n\t\t\t\t\t\t\t\t\t<p>O NEURASITES<sup>\u00ae<\/sup> \u00e9 um extrato estandardizado de Tussilago Hybrida eficaz na <strong>preven\u00e7\u00e3o de enxaquecas<\/strong>.<\/p>\n<ul>\n<li><strong>Redu\u00e7\u00e3o de 60 % da frequ\u00eancia de dor de cabe\u00e7a em dois meses<\/strong>.<\/li>\n<li>Redu\u00e7\u00e3o de 50 % na quantidade de dias com dor de cabe\u00e7a por m\u00eas.<\/li>\n<li>Perfil \u00fanico de HPLC.<\/li>\n<li>Dose baixa: 150 mg \/ dia<\/li>\n<\/ul>\n\t\t\t\t\t\t\t\t<\/div>\n\t\t\t\t<\/div>\n\t\t\t\t\t<\/div>\n\t\t<\/div>\n\t\t\t\t<div class=\"elementor-column elementor-col-50 elementor-top-column elementor-element elementor-element-41d3fd7\" data-id=\"41d3fd7\" data-element_type=\"column\" data-e-type=\"column\" data-settings=\"{&quot;background_background&quot;:&quot;classic&quot;}\">\n\t\t\t<div class=\"elementor-widget-wrap elementor-element-populated\">\n\t\t\t\t\t\t<div class=\"elementor-element elementor-element-9c6d6d5 animated-slow elementor-invisible elementor-widget elementor-widget-image\" data-id=\"9c6d6d5\" data-element_type=\"widget\" data-e-type=\"widget\" data-settings=\"{&quot;_animation&quot;:&quot;fadeIn&quot;,&quot;_animation_delay&quot;:100}\" data-widget_type=\"image.default\">\n\t\t\t\t<div class=\"elementor-widget-container\">\n\t\t\t\t\t\t\t\t\t\t\t\t\t\t\t<img decoding=\"async\" width=\"500\" height=\"611\" src=\"https:\/\/tradichem.es\/wp-content\/uploads\/2019\/06\/pain3.jpg\" class=\"attachment-full size-full wp-image-2994\" alt=\"\" srcset=\"https:\/\/tradichem.es\/wp-content\/uploads\/2019\/06\/pain3.jpg 500w, https:\/\/tradichem.es\/wp-content\/uploads\/2019\/06\/pain3-245x300.jpg 245w\" sizes=\"(max-width: 500px) 100vw, 500px\" \/>\t\t\t\t\t\t\t\t\t\t\t\t\t\t\t<\/div>\n\t\t\t\t<\/div>\n\t\t\t\t\t<\/div>\n\t\t<\/div>\n\t\t\t\t\t<\/div>\n\t\t<\/section>\n\t\t\t\t<\/div>\n\t\t","protected":false},"excerpt":{"rendered":"<p>Ingrediente natural para a profilaxia da dor de cabe\u00e7a cr\u00f3nica (CHP) O NEURASITES\u00ae \u00e9 um extrato estandardizado de Tussilago Hybrida eficaz na preven\u00e7\u00e3o de enxaquecas. Redu\u00e7\u00e3o de 60 % da frequ\u00eancia de dor de cabe\u00e7a em dois meses. Redu\u00e7\u00e3o de 50 % na quantidade de dias com dor de cabe\u00e7a por m\u00eas. Perfil \u00fanico de &#8230; <a title=\"Dor\" class=\"read-more\" href=\"https:\/\/tradichem.es\/pt\/dor\/\" aria-label=\"Leia mais sobre Dor\">Ler mais<\/a><\/p>\n","protected":false},"author":1,"featured_media":2997,"parent":0,"menu_order":0,"comment_status":"closed","ping_status":"closed","template":"","meta":{"_acf_changed":false,"footnotes":""},"class_list":["post-2992","page","type-page","status-publish","has-post-thumbnail"],"acf":[],"yoast_head":"<!-- This site is optimized with the Yoast SEO plugin v27.3 - https:\/\/yoast.com\/product\/yoast-seo-wordpress\/ -->\n<title>Dor - Tradichem<\/title>\n<meta name=\"robots\" content=\"index, follow, max-snippet:-1, max-image-preview:large, max-video-preview:-1\" \/>\n<link rel=\"canonical\" href=\"https:\/\/tradichem.es\/pt\/dor\/\" \/>\n<meta property=\"og:locale\" content=\"pt_PT\" \/>\n<meta property=\"og:type\" content=\"article\" \/>\n<meta property=\"og:title\" content=\"Dor - Tradichem\" \/>\n<meta property=\"og:description\" content=\"Ingrediente natural para a profilaxia da dor de cabe\u00e7a cr\u00f3nica (CHP) O NEURASITES\u00ae \u00e9 um extrato estandardizado de Tussilago Hybrida eficaz na preven\u00e7\u00e3o de enxaquecas. Redu\u00e7\u00e3o de 60 % da frequ\u00eancia de dor de cabe\u00e7a em dois meses. Redu\u00e7\u00e3o de 50 % na quantidade de dias com dor de cabe\u00e7a por m\u00eas. Perfil \u00fanico de ... Ler mais\" \/>\n<meta property=\"og:url\" content=\"https:\/\/tradichem.es\/pt\/dor\/\" \/>\n<meta property=\"og:site_name\" content=\"Tradichem\" \/>\n<meta property=\"article:modified_time\" content=\"2025-01-22T09:48:18+00:00\" \/>\n<meta property=\"og:image\" content=\"https:\/\/tradichem.es\/wp-content\/uploads\/2019\/06\/hpain.jpg\" \/>\n\t<meta property=\"og:image:width\" content=\"2000\" \/>\n\t<meta property=\"og:image:height\" content=\"500\" \/>\n\t<meta property=\"og:image:type\" content=\"image\/jpeg\" \/>\n<meta name=\"twitter:card\" content=\"summary_large_image\" \/>\n<meta name=\"twitter:label1\" content=\"Tempo estimado de leitura\" \/>\n\t<meta name=\"twitter:data1\" content=\"1 minuto\" \/>\n<script type=\"application\/ld+json\" class=\"yoast-schema-graph\">{\"@context\":\"https:\\\/\\\/schema.org\",\"@graph\":[{\"@type\":\"WebPage\",\"@id\":\"https:\\\/\\\/tradichem.es\\\/pt\\\/dor\\\/\",\"url\":\"https:\\\/\\\/tradichem.es\\\/pt\\\/dor\\\/\",\"name\":\"Dor - Tradichem\",\"isPartOf\":{\"@id\":\"https:\\\/\\\/tradichem.es\\\/pt\\\/#website\"},\"primaryImageOfPage\":{\"@id\":\"https:\\\/\\\/tradichem.es\\\/pt\\\/dor\\\/#primaryimage\"},\"image\":{\"@id\":\"https:\\\/\\\/tradichem.es\\\/pt\\\/dor\\\/#primaryimage\"},\"thumbnailUrl\":\"https:\\\/\\\/tradichem.es\\\/wp-content\\\/uploads\\\/2019\\\/06\\\/hpain.jpg\",\"datePublished\":\"2019-10-23T21:13:01+00:00\",\"dateModified\":\"2025-01-22T09:48:18+00:00\",\"breadcrumb\":{\"@id\":\"https:\\\/\\\/tradichem.es\\\/pt\\\/dor\\\/#breadcrumb\"},\"inLanguage\":\"pt-PT\",\"potentialAction\":[{\"@type\":\"ReadAction\",\"target\":[\"https:\\\/\\\/tradichem.es\\\/pt\\\/dor\\\/\"]}]},{\"@type\":\"ImageObject\",\"inLanguage\":\"pt-PT\",\"@id\":\"https:\\\/\\\/tradichem.es\\\/pt\\\/dor\\\/#primaryimage\",\"url\":\"https:\\\/\\\/tradichem.es\\\/wp-content\\\/uploads\\\/2019\\\/06\\\/hpain.jpg\",\"contentUrl\":\"https:\\\/\\\/tradichem.es\\\/wp-content\\\/uploads\\\/2019\\\/06\\\/hpain.jpg\",\"width\":2000,\"height\":500},{\"@type\":\"BreadcrumbList\",\"@id\":\"https:\\\/\\\/tradichem.es\\\/pt\\\/dor\\\/#breadcrumb\",\"itemListElement\":[{\"@type\":\"ListItem\",\"position\":1,\"name\":\"Portada\",\"item\":\"https:\\\/\\\/tradichem.es\\\/pt\\\/\"},{\"@type\":\"ListItem\",\"position\":2,\"name\":\"Dor\"}]},{\"@type\":\"WebSite\",\"@id\":\"https:\\\/\\\/tradichem.es\\\/pt\\\/#website\",\"url\":\"https:\\\/\\\/tradichem.es\\\/pt\\\/\",\"name\":\"Tradichem\",\"description\":\"Leader in the marketing and development of nutraceuticals and APIs\",\"publisher\":{\"@id\":\"https:\\\/\\\/tradichem.es\\\/pt\\\/#organization\"},\"potentialAction\":[{\"@type\":\"SearchAction\",\"target\":{\"@type\":\"EntryPoint\",\"urlTemplate\":\"https:\\\/\\\/tradichem.es\\\/pt\\\/?s={search_term_string}\"},\"query-input\":{\"@type\":\"PropertyValueSpecification\",\"valueRequired\":true,\"valueName\":\"search_term_string\"}}],\"inLanguage\":\"pt-PT\"},{\"@type\":\"Organization\",\"@id\":\"https:\\\/\\\/tradichem.es\\\/pt\\\/#organization\",\"name\":\"Tradichem\",\"url\":\"https:\\\/\\\/tradichem.es\\\/pt\\\/\",\"logo\":{\"@type\":\"ImageObject\",\"inLanguage\":\"pt-PT\",\"@id\":\"https:\\\/\\\/tradichem.es\\\/pt\\\/#\\\/schema\\\/logo\\\/image\\\/\",\"url\":\"https:\\\/\\\/tradichem.es\\\/wp-content\\\/uploads\\\/2021\\\/10\\\/logotra200.png\",\"contentUrl\":\"https:\\\/\\\/tradichem.es\\\/wp-content\\\/uploads\\\/2021\\\/10\\\/logotra200.png\",\"width\":200,\"height\":200,\"caption\":\"Tradichem\"},\"image\":{\"@id\":\"https:\\\/\\\/tradichem.es\\\/pt\\\/#\\\/schema\\\/logo\\\/image\\\/\"}}]}<\/script>\n<!-- \/ Yoast SEO plugin. -->","yoast_head_json":{"title":"Dor - Tradichem","robots":{"index":"index","follow":"follow","max-snippet":"max-snippet:-1","max-image-preview":"max-image-preview:large","max-video-preview":"max-video-preview:-1"},"canonical":"https:\/\/tradichem.es\/pt\/dor\/","og_locale":"pt_PT","og_type":"article","og_title":"Dor - Tradichem","og_description":"Ingrediente natural para a profilaxia da dor de cabe\u00e7a cr\u00f3nica (CHP) O NEURASITES\u00ae \u00e9 um extrato estandardizado de Tussilago Hybrida eficaz na preven\u00e7\u00e3o de enxaquecas. Redu\u00e7\u00e3o de 60 % da frequ\u00eancia de dor de cabe\u00e7a em dois meses. Redu\u00e7\u00e3o de 50 % na quantidade de dias com dor de cabe\u00e7a por m\u00eas. Perfil \u00fanico de ... Ler mais","og_url":"https:\/\/tradichem.es\/pt\/dor\/","og_site_name":"Tradichem","article_modified_time":"2025-01-22T09:48:18+00:00","og_image":[{"width":2000,"height":500,"url":"https:\/\/tradichem.es\/wp-content\/uploads\/2019\/06\/hpain.jpg","type":"image\/jpeg"}],"twitter_card":"summary_large_image","twitter_misc":{"Tempo estimado de leitura":"1 minuto"},"schema":{"@context":"https:\/\/schema.org","@graph":[{"@type":"WebPage","@id":"https:\/\/tradichem.es\/pt\/dor\/","url":"https:\/\/tradichem.es\/pt\/dor\/","name":"Dor - Tradichem","isPartOf":{"@id":"https:\/\/tradichem.es\/pt\/#website"},"primaryImageOfPage":{"@id":"https:\/\/tradichem.es\/pt\/dor\/#primaryimage"},"image":{"@id":"https:\/\/tradichem.es\/pt\/dor\/#primaryimage"},"thumbnailUrl":"https:\/\/tradichem.es\/wp-content\/uploads\/2019\/06\/hpain.jpg","datePublished":"2019-10-23T21:13:01+00:00","dateModified":"2025-01-22T09:48:18+00:00","breadcrumb":{"@id":"https:\/\/tradichem.es\/pt\/dor\/#breadcrumb"},"inLanguage":"pt-PT","potentialAction":[{"@type":"ReadAction","target":["https:\/\/tradichem.es\/pt\/dor\/"]}]},{"@type":"ImageObject","inLanguage":"pt-PT","@id":"https:\/\/tradichem.es\/pt\/dor\/#primaryimage","url":"https:\/\/tradichem.es\/wp-content\/uploads\/2019\/06\/hpain.jpg","contentUrl":"https:\/\/tradichem.es\/wp-content\/uploads\/2019\/06\/hpain.jpg","width":2000,"height":500},{"@type":"BreadcrumbList","@id":"https:\/\/tradichem.es\/pt\/dor\/#breadcrumb","itemListElement":[{"@type":"ListItem","position":1,"name":"Portada","item":"https:\/\/tradichem.es\/pt\/"},{"@type":"ListItem","position":2,"name":"Dor"}]},{"@type":"WebSite","@id":"https:\/\/tradichem.es\/pt\/#website","url":"https:\/\/tradichem.es\/pt\/","name":"Tradichem","description":"Leader in the marketing and development of nutraceuticals and APIs","publisher":{"@id":"https:\/\/tradichem.es\/pt\/#organization"},"potentialAction":[{"@type":"SearchAction","target":{"@type":"EntryPoint","urlTemplate":"https:\/\/tradichem.es\/pt\/?s={search_term_string}"},"query-input":{"@type":"PropertyValueSpecification","valueRequired":true,"valueName":"search_term_string"}}],"inLanguage":"pt-PT"},{"@type":"Organization","@id":"https:\/\/tradichem.es\/pt\/#organization","name":"Tradichem","url":"https:\/\/tradichem.es\/pt\/","logo":{"@type":"ImageObject","inLanguage":"pt-PT","@id":"https:\/\/tradichem.es\/pt\/#\/schema\/logo\/image\/","url":"https:\/\/tradichem.es\/wp-content\/uploads\/2021\/10\/logotra200.png","contentUrl":"https:\/\/tradichem.es\/wp-content\/uploads\/2021\/10\/logotra200.png","width":200,"height":200,"caption":"Tradichem"},"image":{"@id":"https:\/\/tradichem.es\/pt\/#\/schema\/logo\/image\/"}}]}},"_links":{"self":[{"href":"https:\/\/tradichem.es\/pt\/wp-json\/wp\/v2\/pages\/2992","targetHints":{"allow":["GET"]}}],"collection":[{"href":"https:\/\/tradichem.es\/pt\/wp-json\/wp\/v2\/pages"}],"about":[{"href":"https:\/\/tradichem.es\/pt\/wp-json\/wp\/v2\/types\/page"}],"author":[{"embeddable":true,"href":"https:\/\/tradichem.es\/pt\/wp-json\/wp\/v2\/users\/1"}],"replies":[{"embeddable":true,"href":"https:\/\/tradichem.es\/pt\/wp-json\/wp\/v2\/comments?post=2992"}],"version-history":[{"count":5,"href":"https:\/\/tradichem.es\/pt\/wp-json\/wp\/v2\/pages\/2992\/revisions"}],"predecessor-version":[{"id":18379,"href":"https:\/\/tradichem.es\/pt\/wp-json\/wp\/v2\/pages\/2992\/revisions\/18379"}],"wp:featuredmedia":[{"embeddable":true,"href":"https:\/\/tradichem.es\/pt\/wp-json\/wp\/v2\/media\/2997"}],"wp:attachment":[{"href":"https:\/\/tradichem.es\/pt\/wp-json\/wp\/v2\/media?parent=2992"}],"curies":[{"name":"wp","href":"https:\/\/api.w.org\/{rel}","templated":true}]}}