{"id":4596,"date":"2025-04-24T12:59:31","date_gmt":"2025-04-24T10:59:31","guid":{"rendered":"https:\/\/tradichem.es\/?page_id=4596"},"modified":"2025-04-28T09:58:34","modified_gmt":"2025-04-28T07:58:34","slug":"sistema-imunologico","status":"publish","type":"page","link":"https:\/\/tradichem.es\/pt\/sistema-imunologico\/","title":{"rendered":"Sistema imunol\u00f3gico"},"content":{"rendered":"\t\t<div data-elementor-type=\"wp-post\" data-elementor-id=\"4596\" class=\"elementor elementor-4596 elementor-4593\" data-elementor-post-type=\"page\">\n\t\t\t\t\t\t<section class=\"elementor-section elementor-top-section elementor-element elementor-element-db86e27 elementor-section-height-min-height elementor-section-boxed elementor-section-height-default elementor-section-items-middle\" data-id=\"db86e27\" data-element_type=\"section\" data-e-type=\"section\" data-settings=\"{&quot;background_background&quot;:&quot;classic&quot;}\">\n\t\t\t\t\t\t<div class=\"elementor-container elementor-column-gap-default\">\n\t\t\t\t\t<div class=\"elementor-column elementor-col-50 elementor-top-column elementor-element elementor-element-ece2953\" data-id=\"ece2953\" data-element_type=\"column\" data-e-type=\"column\" data-settings=\"{&quot;background_background&quot;:&quot;classic&quot;}\">\n\t\t\t<div class=\"elementor-widget-wrap elementor-element-populated\">\n\t\t\t\t\t\t<div class=\"elementor-element elementor-element-d9f8d3d elementor-widget elementor-widget-menu-anchor\" data-id=\"d9f8d3d\" data-element_type=\"widget\" data-e-type=\"widget\" data-widget_type=\"menu-anchor.default\">\n\t\t\t\t<div class=\"elementor-widget-container\">\n\t\t\t\t\t\t\t<div class=\"elementor-menu-anchor\" id=\"omallergy\"><\/div>\n\t\t\t\t\t\t<\/div>\n\t\t\t\t<\/div>\n\t\t\t\t<div class=\"elementor-element elementor-element-b50e510 elementor-invisible elementor-widget elementor-widget-image\" data-id=\"b50e510\" data-element_type=\"widget\" data-e-type=\"widget\" data-settings=\"{&quot;_animation&quot;:&quot;fadeIn&quot;}\" data-widget_type=\"image.default\">\n\t\t\t\t<div class=\"elementor-widget-container\">\n\t\t\t\t\t\t\t\t\t\t\t\t\t\t\t\t<a href=\"#\">\n\t\t\t\t\t\t\t<img fetchpriority=\"high\" decoding=\"async\" width=\"300\" height=\"300\" src=\"https:\/\/tradichem.es\/wp-content\/uploads\/2025\/04\/ICONO1-300x300.png\" class=\"attachment-medium size-medium wp-image-18456\" alt=\"\" srcset=\"https:\/\/tradichem.es\/wp-content\/uploads\/2025\/04\/ICONO1-300x300.png 300w, https:\/\/tradichem.es\/wp-content\/uploads\/2025\/04\/ICONO1-150x150.png 150w, https:\/\/tradichem.es\/wp-content\/uploads\/2025\/04\/ICONO1.png 464w\" sizes=\"(max-width: 300px) 100vw, 300px\" \/>\t\t\t\t\t\t\t\t<\/a>\n\t\t\t\t\t\t\t\t\t\t\t\t\t\t\t<\/div>\n\t\t\t\t<\/div>\n\t\t\t\t<div class=\"elementor-element elementor-element-7be6ee2 elementor-widget elementor-widget-image\" data-id=\"7be6ee2\" data-element_type=\"widget\" data-e-type=\"widget\" data-widget_type=\"image.default\">\n\t\t\t\t<div class=\"elementor-widget-container\">\n\t\t\t\t\t\t\t\t\t\t\t\t\t\t\t<img decoding=\"async\" width=\"1024\" height=\"220\" src=\"https:\/\/tradichem.es\/wp-content\/uploads\/2025\/04\/omallergy-1-1024x220.png\" class=\"attachment-large size-large wp-image-18460\" alt=\"\" srcset=\"https:\/\/tradichem.es\/wp-content\/uploads\/2025\/04\/omallergy-1-1024x220.png 1024w, https:\/\/tradichem.es\/wp-content\/uploads\/2025\/04\/omallergy-1-300x64.png 300w, https:\/\/tradichem.es\/wp-content\/uploads\/2025\/04\/omallergy-1-768x165.png 768w, https:\/\/tradichem.es\/wp-content\/uploads\/2025\/04\/omallergy-1.png 1028w\" sizes=\"(max-width: 1024px) 100vw, 1024px\" \/>\t\t\t\t\t\t\t\t\t\t\t\t\t\t\t<\/div>\n\t\t\t\t<\/div>\n\t\t\t\t<div class=\"elementor-element elementor-element-6066c35 elementor-widget-divider--view-line elementor-widget elementor-widget-divider\" data-id=\"6066c35\" data-element_type=\"widget\" data-e-type=\"widget\" data-widget_type=\"divider.default\">\n\t\t\t\t<div class=\"elementor-widget-container\">\n\t\t\t\t\t\t\t<div class=\"elementor-divider\">\n\t\t\t<span class=\"elementor-divider-separator\">\n\t\t\t\t\t\t<\/span>\n\t\t<\/div>\n\t\t\t\t\t\t<\/div>\n\t\t\t\t<\/div>\n\t\t\t\t<div class=\"elementor-element elementor-element-c33313b elementor-widget elementor-widget-heading\" data-id=\"c33313b\" data-element_type=\"widget\" data-e-type=\"widget\" data-widget_type=\"heading.default\">\n\t\t\t\t<div class=\"elementor-widget-container\">\n\t\t\t\t\t<h2 class=\"elementor-heading-title elementor-size-default\">Omallergy \u00e9 um \u00f3leo extra\u00eddo de salm\u00e3o noruegu\u00eas, contendo um lipopept\u00eddeo \u00fanico com propriedades anti-al\u00e9rgicas comprovadas.\u200b<\/h2>\t\t\t\t<\/div>\n\t\t\t\t<\/div>\n\t\t\t\t<div class=\"elementor-element elementor-element-ec54169 elementor-widget elementor-widget-text-editor\" data-id=\"ec54169\" data-element_type=\"widget\" data-e-type=\"widget\" data-widget_type=\"text-editor.default\">\n\t\t\t\t<div class=\"elementor-widget-container\">\n\t\t\t\t\t\t\t\t\t<ul class=\"ul1\"><li class=\"li2\"><p><strong>Lipopept\u00eddeo exclusivo e patenteado com efeitos anti-al\u00e9rgicos<\/strong>: Omallergy\u00ae reduz a fun\u00e7\u00e3o efetora dos eosin\u00f3filos, aliviando os impactos do p\u00f3len, da polui\u00e7\u00e3o e dos pelos de animais.\u200b<\/p><\/li><li class=\"li2\"><p><strong>Efic\u00e1cia<\/strong>: \u00c1cidos graxos n\u00e3o-EPA e n\u00e3o-DHA s\u00e3o os respons\u00e1veis por reduzir &gt;50% os eosin\u00f3filos, diminuindo os sintomas al\u00e9rgicos e apoiando a sa\u00fade respirat\u00f3ria.\u200b<\/p><\/li><li class=\"li2\"><p><strong>Comprova\u00e7\u00e3o cient\u00edfica<\/strong>: Estudos com Omallergy\u00ae demonstraram sua capacidade de controlar a inflama\u00e7\u00e3o e a remodela\u00e7\u00e3o das vias respirat\u00f3rias, fatores-chave na patog\u00eanese da asma al\u00e9rgica.\u200b<\/p><\/li><li class=\"li2\"><p><strong>Posologia<\/strong>: 1g de c\u00e1psula mole por dia. C\u00e1psula mole de 500mg, duas vezes ao dia.\u200b<\/p><\/li><\/ul>\t\t\t\t\t\t\t\t<\/div>\n\t\t\t\t<\/div>\n\t\t\t\t<div class=\"elementor-element elementor-element-3b4e476 elementor-widget elementor-widget-button\" data-id=\"3b4e476\" data-element_type=\"widget\" data-e-type=\"widget\" data-widget_type=\"button.default\">\n\t\t\t\t<div class=\"elementor-widget-container\">\n\t\t\t\t\t\t\t\t\t<div class=\"elementor-button-wrapper\">\n\t\t\t\t\t<a class=\"elementor-button elementor-button-link elementor-size-sm\" href=\"#elementor-action%3Aaction%3Dpopup%3Aopen%26settings%3DeyJpZCI6MTg1ODMsInRvZ2dsZSI6ZmFsc2V9\">\n\t\t\t\t\t\t<span class=\"elementor-button-content-wrapper\">\n\t\t\t\t\t\t<span class=\"elementor-button-icon\">\n\t\t\t\t<i aria-hidden=\"true\" class=\"far fa-file-pdf\"><\/i>\t\t\t<\/span>\n\t\t\t\t\t\t\t\t\t<span class=\"elementor-button-text\">Baixar pdf<\/span>\n\t\t\t\t\t<\/span>\n\t\t\t\t\t<\/a>\n\t\t\t\t<\/div>\n\t\t\t\t\t\t\t\t<\/div>\n\t\t\t\t<\/div>\n\t\t\t\t\t<\/div>\n\t\t<\/div>\n\t\t\t\t<div class=\"elementor-column elementor-col-50 elementor-top-column elementor-element elementor-element-934b5d7\" data-id=\"934b5d7\" data-element_type=\"column\" data-e-type=\"column\" data-settings=\"{&quot;background_background&quot;:&quot;classic&quot;}\">\n\t\t\t<div class=\"elementor-widget-wrap elementor-element-populated\">\n\t\t\t\t\t\t<div class=\"elementor-element elementor-element-3381149 animated-slow elementor-invisible elementor-widget elementor-widget-image\" data-id=\"3381149\" data-element_type=\"widget\" data-e-type=\"widget\" data-settings=\"{&quot;_animation&quot;:&quot;fadeIn&quot;,&quot;_animation_delay&quot;:100}\" data-widget_type=\"image.default\">\n\t\t\t\t<div class=\"elementor-widget-container\">\n\t\t\t\t\t\t\t\t\t\t\t\t\t\t\t<img decoding=\"async\" width=\"523\" height=\"750\" src=\"https:\/\/tradichem.es\/wp-content\/uploads\/2025\/04\/omallergy2-1.jpg\" class=\"attachment-full size-full wp-image-18464\" alt=\"\" srcset=\"https:\/\/tradichem.es\/wp-content\/uploads\/2025\/04\/omallergy2-1.jpg 523w, https:\/\/tradichem.es\/wp-content\/uploads\/2025\/04\/omallergy2-1-209x300.jpg 209w\" sizes=\"(max-width: 523px) 100vw, 523px\" \/>\t\t\t\t\t\t\t\t\t\t\t\t\t\t\t<\/div>\n\t\t\t\t<\/div>\n\t\t\t\t\t<\/div>\n\t\t<\/div>\n\t\t\t\t\t<\/div>\n\t\t<\/section>\n\t\t\t\t<\/div>\n\t\t","protected":false},"excerpt":{"rendered":"<p>Omallergy \u00e9 um \u00f3leo extra\u00eddo de salm\u00e3o noruegu\u00eas, contendo um lipopept\u00eddeo \u00fanico com propriedades anti-al\u00e9rgicas comprovadas.\u200b Lipopept\u00eddeo exclusivo e patenteado com efeitos anti-al\u00e9rgicos: Omallergy\u00ae reduz a fun\u00e7\u00e3o efetora dos eosin\u00f3filos, aliviando os impactos do p\u00f3len, da polui\u00e7\u00e3o e dos pelos de animais.\u200b Efic\u00e1cia: \u00c1cidos graxos n\u00e3o-EPA e n\u00e3o-DHA s\u00e3o os respons\u00e1veis por reduzir &gt;50% os &#8230; <a title=\"Sistema imunol\u00f3gico\" class=\"read-more\" href=\"https:\/\/tradichem.es\/pt\/sistema-imunologico\/\" aria-label=\"Leia mais sobre Sistema imunol\u00f3gico\">Ler mais<\/a><\/p>\n","protected":false},"author":1,"featured_media":4599,"parent":0,"menu_order":0,"comment_status":"closed","ping_status":"closed","template":"","meta":{"_acf_changed":false,"footnotes":""},"class_list":["post-4596","page","type-page","status-publish","has-post-thumbnail"],"acf":[],"yoast_head":"<!-- This site is optimized with the Yoast SEO plugin v27.2 - https:\/\/yoast.com\/product\/yoast-seo-wordpress\/ -->\n<title>Sistema imunol\u00f3gico - Tradichem<\/title>\n<meta name=\"robots\" content=\"index, follow, max-snippet:-1, max-image-preview:large, max-video-preview:-1\" \/>\n<link rel=\"canonical\" href=\"https:\/\/tradichem.es\/pt\/sistema-imunologico\/\" \/>\n<meta property=\"og:locale\" content=\"pt_PT\" \/>\n<meta property=\"og:type\" content=\"article\" \/>\n<meta property=\"og:title\" content=\"Sistema imunol\u00f3gico - Tradichem\" \/>\n<meta property=\"og:description\" content=\"Omallergy \u00e9 um \u00f3leo extra\u00eddo de salm\u00e3o noruegu\u00eas, contendo um lipopept\u00eddeo \u00fanico com propriedades anti-al\u00e9rgicas comprovadas.\u200b Lipopept\u00eddeo exclusivo e patenteado com efeitos anti-al\u00e9rgicos: Omallergy\u00ae reduz a fun\u00e7\u00e3o efetora dos eosin\u00f3filos, aliviando os impactos do p\u00f3len, da polui\u00e7\u00e3o e dos pelos de animais.\u200b Efic\u00e1cia: \u00c1cidos graxos n\u00e3o-EPA e n\u00e3o-DHA s\u00e3o os respons\u00e1veis por reduzir &gt;50% os ... Ler mais\" \/>\n<meta property=\"og:url\" content=\"https:\/\/tradichem.es\/pt\/sistema-imunologico\/\" \/>\n<meta property=\"og:site_name\" content=\"Tradichem\" \/>\n<meta property=\"article:modified_time\" content=\"2025-04-28T07:58:34+00:00\" \/>\n<meta property=\"og:image\" content=\"https:\/\/tradichem.es\/wp-content\/uploads\/2021\/05\/hcige.jpg\" \/>\n\t<meta property=\"og:image:width\" content=\"1499\" \/>\n\t<meta property=\"og:image:height\" content=\"300\" \/>\n\t<meta property=\"og:image:type\" content=\"image\/jpeg\" \/>\n<meta name=\"twitter:card\" content=\"summary_large_image\" \/>\n<meta name=\"twitter:label1\" content=\"Tempo estimado de leitura\" \/>\n\t<meta name=\"twitter:data1\" content=\"2 minutos\" \/>\n<script type=\"application\/ld+json\" class=\"yoast-schema-graph\">{\"@context\":\"https:\/\/schema.org\",\"@graph\":[{\"@type\":\"WebPage\",\"@id\":\"https:\/\/tradichem.es\/pt\/sistema-imunologico\/\",\"url\":\"https:\/\/tradichem.es\/pt\/sistema-imunologico\/\",\"name\":\"Sistema imunol\u00f3gico - Tradichem\",\"isPartOf\":{\"@id\":\"https:\/\/tradichem.es\/pt\/#website\"},\"primaryImageOfPage\":{\"@id\":\"https:\/\/tradichem.es\/pt\/sistema-imunologico\/#primaryimage\"},\"image\":{\"@id\":\"https:\/\/tradichem.es\/pt\/sistema-imunologico\/#primaryimage\"},\"thumbnailUrl\":\"https:\/\/tradichem.es\/wp-content\/uploads\/2021\/05\/hcige.jpg\",\"datePublished\":\"2025-04-24T10:59:31+00:00\",\"dateModified\":\"2025-04-28T07:58:34+00:00\",\"breadcrumb\":{\"@id\":\"https:\/\/tradichem.es\/pt\/sistema-imunologico\/#breadcrumb\"},\"inLanguage\":\"pt-PT\",\"potentialAction\":[{\"@type\":\"ReadAction\",\"target\":[\"https:\/\/tradichem.es\/pt\/sistema-imunologico\/\"]}]},{\"@type\":\"ImageObject\",\"inLanguage\":\"pt-PT\",\"@id\":\"https:\/\/tradichem.es\/pt\/sistema-imunologico\/#primaryimage\",\"url\":\"https:\/\/tradichem.es\/wp-content\/uploads\/2021\/05\/hcige.jpg\",\"contentUrl\":\"https:\/\/tradichem.es\/wp-content\/uploads\/2021\/05\/hcige.jpg\",\"width\":1499,\"height\":300},{\"@type\":\"BreadcrumbList\",\"@id\":\"https:\/\/tradichem.es\/pt\/sistema-imunologico\/#breadcrumb\",\"itemListElement\":[{\"@type\":\"ListItem\",\"position\":1,\"name\":\"Portada\",\"item\":\"https:\/\/tradichem.es\/pt\/\"},{\"@type\":\"ListItem\",\"position\":2,\"name\":\"Sistema imunol\u00f3gico\"}]},{\"@type\":\"WebSite\",\"@id\":\"https:\/\/tradichem.es\/pt\/#website\",\"url\":\"https:\/\/tradichem.es\/pt\/\",\"name\":\"Tradichem\",\"description\":\"Leader in the marketing and development of nutraceuticals and APIs\",\"publisher\":{\"@id\":\"https:\/\/tradichem.es\/pt\/#organization\"},\"potentialAction\":[{\"@type\":\"SearchAction\",\"target\":{\"@type\":\"EntryPoint\",\"urlTemplate\":\"https:\/\/tradichem.es\/pt\/?s={search_term_string}\"},\"query-input\":{\"@type\":\"PropertyValueSpecification\",\"valueRequired\":true,\"valueName\":\"search_term_string\"}}],\"inLanguage\":\"pt-PT\"},{\"@type\":\"Organization\",\"@id\":\"https:\/\/tradichem.es\/pt\/#organization\",\"name\":\"Tradichem\",\"url\":\"https:\/\/tradichem.es\/pt\/\",\"logo\":{\"@type\":\"ImageObject\",\"inLanguage\":\"pt-PT\",\"@id\":\"https:\/\/tradichem.es\/pt\/#\/schema\/logo\/image\/\",\"url\":\"https:\/\/tradichem.es\/wp-content\/uploads\/2021\/10\/logotra200.png\",\"contentUrl\":\"https:\/\/tradichem.es\/wp-content\/uploads\/2021\/10\/logotra200.png\",\"width\":200,\"height\":200,\"caption\":\"Tradichem\"},\"image\":{\"@id\":\"https:\/\/tradichem.es\/pt\/#\/schema\/logo\/image\/\"}}]}<\/script>\n<!-- \/ Yoast SEO plugin. -->","yoast_head_json":{"title":"Sistema imunol\u00f3gico - Tradichem","robots":{"index":"index","follow":"follow","max-snippet":"max-snippet:-1","max-image-preview":"max-image-preview:large","max-video-preview":"max-video-preview:-1"},"canonical":"https:\/\/tradichem.es\/pt\/sistema-imunologico\/","og_locale":"pt_PT","og_type":"article","og_title":"Sistema imunol\u00f3gico - Tradichem","og_description":"Omallergy \u00e9 um \u00f3leo extra\u00eddo de salm\u00e3o noruegu\u00eas, contendo um lipopept\u00eddeo \u00fanico com propriedades anti-al\u00e9rgicas comprovadas.\u200b Lipopept\u00eddeo exclusivo e patenteado com efeitos anti-al\u00e9rgicos: Omallergy\u00ae reduz a fun\u00e7\u00e3o efetora dos eosin\u00f3filos, aliviando os impactos do p\u00f3len, da polui\u00e7\u00e3o e dos pelos de animais.\u200b Efic\u00e1cia: \u00c1cidos graxos n\u00e3o-EPA e n\u00e3o-DHA s\u00e3o os respons\u00e1veis por reduzir &gt;50% os ... Ler mais","og_url":"https:\/\/tradichem.es\/pt\/sistema-imunologico\/","og_site_name":"Tradichem","article_modified_time":"2025-04-28T07:58:34+00:00","og_image":[{"width":1499,"height":300,"url":"https:\/\/tradichem.es\/wp-content\/uploads\/2021\/05\/hcige.jpg","type":"image\/jpeg"}],"twitter_card":"summary_large_image","twitter_misc":{"Tempo estimado de leitura":"2 minutos"},"schema":{"@context":"https:\/\/schema.org","@graph":[{"@type":"WebPage","@id":"https:\/\/tradichem.es\/pt\/sistema-imunologico\/","url":"https:\/\/tradichem.es\/pt\/sistema-imunologico\/","name":"Sistema imunol\u00f3gico - Tradichem","isPartOf":{"@id":"https:\/\/tradichem.es\/pt\/#website"},"primaryImageOfPage":{"@id":"https:\/\/tradichem.es\/pt\/sistema-imunologico\/#primaryimage"},"image":{"@id":"https:\/\/tradichem.es\/pt\/sistema-imunologico\/#primaryimage"},"thumbnailUrl":"https:\/\/tradichem.es\/wp-content\/uploads\/2021\/05\/hcige.jpg","datePublished":"2025-04-24T10:59:31+00:00","dateModified":"2025-04-28T07:58:34+00:00","breadcrumb":{"@id":"https:\/\/tradichem.es\/pt\/sistema-imunologico\/#breadcrumb"},"inLanguage":"pt-PT","potentialAction":[{"@type":"ReadAction","target":["https:\/\/tradichem.es\/pt\/sistema-imunologico\/"]}]},{"@type":"ImageObject","inLanguage":"pt-PT","@id":"https:\/\/tradichem.es\/pt\/sistema-imunologico\/#primaryimage","url":"https:\/\/tradichem.es\/wp-content\/uploads\/2021\/05\/hcige.jpg","contentUrl":"https:\/\/tradichem.es\/wp-content\/uploads\/2021\/05\/hcige.jpg","width":1499,"height":300},{"@type":"BreadcrumbList","@id":"https:\/\/tradichem.es\/pt\/sistema-imunologico\/#breadcrumb","itemListElement":[{"@type":"ListItem","position":1,"name":"Portada","item":"https:\/\/tradichem.es\/pt\/"},{"@type":"ListItem","position":2,"name":"Sistema imunol\u00f3gico"}]},{"@type":"WebSite","@id":"https:\/\/tradichem.es\/pt\/#website","url":"https:\/\/tradichem.es\/pt\/","name":"Tradichem","description":"Leader in the marketing and development of nutraceuticals and APIs","publisher":{"@id":"https:\/\/tradichem.es\/pt\/#organization"},"potentialAction":[{"@type":"SearchAction","target":{"@type":"EntryPoint","urlTemplate":"https:\/\/tradichem.es\/pt\/?s={search_term_string}"},"query-input":{"@type":"PropertyValueSpecification","valueRequired":true,"valueName":"search_term_string"}}],"inLanguage":"pt-PT"},{"@type":"Organization","@id":"https:\/\/tradichem.es\/pt\/#organization","name":"Tradichem","url":"https:\/\/tradichem.es\/pt\/","logo":{"@type":"ImageObject","inLanguage":"pt-PT","@id":"https:\/\/tradichem.es\/pt\/#\/schema\/logo\/image\/","url":"https:\/\/tradichem.es\/wp-content\/uploads\/2021\/10\/logotra200.png","contentUrl":"https:\/\/tradichem.es\/wp-content\/uploads\/2021\/10\/logotra200.png","width":200,"height":200,"caption":"Tradichem"},"image":{"@id":"https:\/\/tradichem.es\/pt\/#\/schema\/logo\/image\/"}}]}},"_links":{"self":[{"href":"https:\/\/tradichem.es\/pt\/wp-json\/wp\/v2\/pages\/4596","targetHints":{"allow":["GET"]}}],"collection":[{"href":"https:\/\/tradichem.es\/pt\/wp-json\/wp\/v2\/pages"}],"about":[{"href":"https:\/\/tradichem.es\/pt\/wp-json\/wp\/v2\/types\/page"}],"author":[{"embeddable":true,"href":"https:\/\/tradichem.es\/pt\/wp-json\/wp\/v2\/users\/1"}],"replies":[{"embeddable":true,"href":"https:\/\/tradichem.es\/pt\/wp-json\/wp\/v2\/comments?post=4596"}],"version-history":[{"count":8,"href":"https:\/\/tradichem.es\/pt\/wp-json\/wp\/v2\/pages\/4596\/revisions"}],"predecessor-version":[{"id":18594,"href":"https:\/\/tradichem.es\/pt\/wp-json\/wp\/v2\/pages\/4596\/revisions\/18594"}],"wp:featuredmedia":[{"embeddable":true,"href":"https:\/\/tradichem.es\/pt\/wp-json\/wp\/v2\/media\/4599"}],"wp:attachment":[{"href":"https:\/\/tradichem.es\/pt\/wp-json\/wp\/v2\/media?parent=4596"}],"curies":[{"name":"wp","href":"https:\/\/api.w.org\/{rel}","templated":true}]}}